{"id":15710,"date":"2019-03-11T19:09:41","date_gmt":"2019-03-11T18:09:41","guid":{"rendered":"https:\/\/test4.mi-backup.ch\/?post_type=product&#038;p=15710"},"modified":"2021-03-27T20:53:14","modified_gmt":"2021-03-27T19:53:14","slug":"was-ist-wahrheit","status":"publish","type":"product","link":"https:\/\/test4.mi-backup.ch\/de\/shop\/flyer\/was-ist-wahrheit\/","title":{"rendered":"Liebe zur Wahrheit"},"content":{"rendered":"<p><strong>Brosch\u00fcrenreihe: &#8220;Liebe zur Wahrheit&#8221;<br \/>\n<\/strong><\/p>\n<p>Eine der ersten und grundlegenden Fragen des menschlichen Verstandes lautet: Was ist Wahrheit?<\/p>\n<p>Diese Frage wird heute bewusst nicht mehr beantwortet. In der Philosophie und im Alltagsleben genauso wie in der Theologie und Religion. Diese Brosch\u00fcre stellt die Wahrheit wieder in den Mittelpunkt.<\/p>\n<p>Auf diese bedeutende Frage folgen konsequent die Fragen:<\/p>\n<ul>\n<li>Existiert Gott?<\/li>\n<li>Gibt es eine wahre Religion?<\/li>\n<li>Ist Jesus der Sohn Gottes?<\/li>\n<li>Worin besteht Freiheit?<\/li>\n<\/ul>\n<p>Mit humorvollen Cartoons werden diese Themen pointiert und logisch dem Leser pr\u00e4sentiert.<\/p>\n<p>Z\u00f6gern Sie nicht, diese wertvollen und sehr fundierten Brosch\u00fcren f\u00fcr die eigene Bildung und das Apostolat zu bestellen, ganz nach dem Motto der MI: zuerst selber lesen, dann weitergeben.<\/p>\n<p><strong><em>\u201eWer eine gute Schrift\u00a0verschenkt, hat bei Gott schon ein unvergleichliches Verdienst erworben.&#8221; <\/em><\/strong>hl. Don Bosco<\/p>\n<p>Hier finden Sie die Brosch\u00fcren auch als PDF:<\/p>\n<ul>\n<li><a href=\"https:\/\/test4.mi-backup.ch\/wp-content\/uploads\/2019\/03\/Was-ist-Wahrheit-DD.pdf\" rel=\"noopener noreferrer\" class=\"broken_link\">Was ist Wahrheit?<\/a><\/li>\n<li><a href=\"https:\/\/test4.mi-backup.ch\/wp-content\/uploads\/2019\/03\/Existenz_Gottes_MI-DD.pdf\" rel=\"noopener noreferrer\" class=\"broken_link\">Existiert Gott?<\/a><\/li>\n<li><a href=\"https:\/\/test4.mi-backup.ch\/wp-content\/uploads\/2019\/03\/Wahre-Religion_MI-DD.pdf\" rel=\"noopener noreferrer\" class=\"broken_link\">Gibt es eine wahre Religion?<\/a><\/li>\n<li><a href=\"https:\/\/test4.mi-backup.ch\/wp-content\/uploads\/2019\/03\/Sohn_Gottes_MI-DD.pdf\" rel=\"noopener noreferrer\" class=\"broken_link\">Ist Jesus der Sohn Gottes?<\/a><\/li>\n<li><a href=\"https:\/\/test4.mi-backup.ch\/wp-content\/uploads\/2019\/03\/Freiheit_MI-DD.pdf\" class=\"broken_link\">Worin besteht Freiheit?<\/a><\/li>\n<li><a href=\"https:\/\/test4.mi-backup.ch\/wp-content\/uploads\/2021\/03\/Kirchenkrise-MI-DD.pdf\" class=\"broken_link\">Ist die Kirche in der Krise?<\/a><\/li>\n<\/ul>\n","protected":false},"excerpt":{"rendered":"<p>Brosch\u00fcrenreihe: &#8220;Liebe zur Wahrheit&#8221; Eine der ersten und grundlegenden Fragen des menschlichen Verstandes lautet: Was ist Wahrheit? Diese Frage wird heute bewusst nicht mehr beantwortet. In der Philosophie und im Alltagsleben genauso wie in der Theologie und Religion. Diese Brosch\u00fcre stellt die Wahrheit wieder in den Mittelpunkt. Auf diese bedeutende<a class=\"more-link\" href=\"https:\/\/test4.mi-backup.ch\/de\/shop\/flyer\/was-ist-wahrheit\/\">Weiterlesen &rarr;<\/a><\/p>\n","protected":false},"featured_media":36360,"template":"","meta":[],"product_cat":[236],"product_tag":[],"_links":{"self":[{"href":"https:\/\/test4.mi-backup.ch\/de\/wp-json\/wp\/v2\/product\/15710"}],"collection":[{"href":"https:\/\/test4.mi-backup.ch\/de\/wp-json\/wp\/v2\/product"}],"about":[{"href":"https:\/\/test4.mi-backup.ch\/de\/wp-json\/wp\/v2\/types\/product"}],"wp:featuredmedia":[{"embeddable":true,"href":"https:\/\/test4.mi-backup.ch\/de\/wp-json\/wp\/v2\/media\/36360"}],"wp:attachment":[{"href":"https:\/\/test4.mi-backup.ch\/de\/wp-json\/wp\/v2\/media?parent=15710"}],"wp:term":[{"taxonomy":"product_cat","embeddable":true,"href":"https:\/\/test4.mi-backup.ch\/de\/wp-json\/wp\/v2\/product_cat?post=15710"},{"taxonomy":"product_tag","embeddable":true,"href":"https:\/\/test4.mi-backup.ch\/de\/wp-json\/wp\/v2\/product_tag?post=15710"}],"curies":[{"name":"wp","href":"https:\/\/api.w.org\/{rel}","templated":true}]}}