{"id":21331,"date":"2019-10-18T16:08:57","date_gmt":"2019-10-18T14:08:57","guid":{"rendered":"https:\/\/test4.mi-backup.ch\/?post_type=product&#038;p=21331"},"modified":"2020-04-22T20:16:49","modified_gmt":"2020-04-22T18:16:49","slug":"rosenkranzbetrachtung","status":"publish","type":"product","link":"https:\/\/test4.mi-backup.ch\/de\/shop\/flyer\/rosenkranzbetrachtung\/","title":{"rendered":"Rosenkranzbetrachtung"},"content":{"rendered":"<p>Die Seele des Rosenkranzgebetes<\/p>\n<p>\u201eDie Rose ist die K\u00f6nigin der Blumen, so auch der Rosenkranz unter den Andachts\u00fcbungen.\u201c So erkl\u00e4rt es uns der hl. Ludwig Maria Grignion von Montfort. Kein Gebet wurde von den Heiligen mehr empfohlen. Mehrmals hat der Rosenkranz eine unglaubliche Macht bewiesen, besonders, wenn er von vielen einm\u00fctig gebetet wurde. Wenn aber die Seele dieser Andachts\u00fcbung verloren geht, n\u00e4mlich die Betrachtung seiner Geheimnisse, wird der Rosenkranz schnell langweilig, m\u00fchsam und kraftlos. Gott h\u00f6rt mehr auf die Stimme des Herzens, als auf die des Mundes. Der Rosenkranz ohne die Betrachtung der Geheimnisse unseres Heiles ist wie ein K\u00f6rper ohne Seele. Doch was soll man tun, wenn man mit seinen Gedanken st\u00e4ndig abschweift?<\/p>\n<p>Diese Brosch\u00fcre bietet eine einfach Betrachtungshilfe. Sie geht zweimal alle 15 Geheimnisse des Rosenkranzes durch indem sie jeweils ein sch\u00f6nes Bild und zu jedem Ave Maria einen Gedanken zur Betrachtung bietet.<\/p>\n<p>Tragen Sie durch die Verbreitung dieser Brosch\u00fcre zur Vertiefung und Erneuerung des Rosenkranzgebetes bei und profitieren Sie selber auch davon!<\/p>\n<p>&nbsp;<\/p>\n","protected":false},"excerpt":{"rendered":"<p>Die Seele des Rosenkranzgebetes \u201eDie Rose ist die K\u00f6nigin der Blumen, so auch der Rosenkranz unter den Andachts\u00fcbungen.\u201c So erkl\u00e4rt es uns der hl. Ludwig Maria Grignion von Montfort. Kein Gebet wurde von den Heiligen mehr empfohlen. Mehrmals hat der Rosenkranz eine unglaubliche Macht bewiesen, besonders, wenn er von vielen<a class=\"more-link\" href=\"https:\/\/test4.mi-backup.ch\/de\/shop\/flyer\/rosenkranzbetrachtung\/\">Weiterlesen &rarr;<\/a><\/p>\n","protected":false},"featured_media":22292,"template":"","meta":[],"product_cat":[236,260],"product_tag":[],"_links":{"self":[{"href":"https:\/\/test4.mi-backup.ch\/de\/wp-json\/wp\/v2\/product\/21331"}],"collection":[{"href":"https:\/\/test4.mi-backup.ch\/de\/wp-json\/wp\/v2\/product"}],"about":[{"href":"https:\/\/test4.mi-backup.ch\/de\/wp-json\/wp\/v2\/types\/product"}],"wp:featuredmedia":[{"embeddable":true,"href":"https:\/\/test4.mi-backup.ch\/de\/wp-json\/wp\/v2\/media\/22292"}],"wp:attachment":[{"href":"https:\/\/test4.mi-backup.ch\/de\/wp-json\/wp\/v2\/media?parent=21331"}],"wp:term":[{"taxonomy":"product_cat","embeddable":true,"href":"https:\/\/test4.mi-backup.ch\/de\/wp-json\/wp\/v2\/product_cat?post=21331"},{"taxonomy":"product_tag","embeddable":true,"href":"https:\/\/test4.mi-backup.ch\/de\/wp-json\/wp\/v2\/product_tag?post=21331"}],"curies":[{"name":"wp","href":"https:\/\/api.w.org\/{rel}","templated":true}]}}