{"id":22596,"date":"2019-11-21T21:03:09","date_gmt":"2019-11-21T20:03:09","guid":{"rendered":"https:\/\/test4.mi-backup.ch\/?post_type=product&#038;p=22596"},"modified":"2019-11-21T21:03:09","modified_gmt":"2019-11-21T20:03:09","slug":"grosser-medaillenflyer","status":"publish","type":"product","link":"https:\/\/test4.mi-backup.ch\/de\/shop\/flyer\/grosser-medaillenflyer\/","title":{"rendered":"Grosser Medaillenflyer"},"content":{"rendered":"<p>Flyer \u00abDie Wundert\u00e4tige Medaille\u00bb<\/p>\n<p>Dieser Flyer \u00fcber die Wundert\u00e4tige Medaille ist im Vergleich zu unserem kleinen Medaillenflyer detaillierter: Die Bedeutung der einzelnen Elemente der Medaille wird erkl\u00e4rt, Beispiele von Wundern, welche durch die Medaille geschahen, werden aufgef\u00fchrt und es wird auch noch Bezug genommen zum hl. Maximilian Kolbe, der die Wundert\u00e4tige Medaille zum vorrangigen Apostolatsmittel der MI erkl\u00e4rte.<\/p>\n<p><a href=\"https:\/\/test4.mi-backup.ch\/wp-content\/uploads\/2019\/11\/Miraculous_Medal_GER.pdf\" target=\"_blank\" rel=\"noopener noreferrer\">Flyer ansehen<\/a><\/p>\n","protected":false},"excerpt":{"rendered":"<p>Flyer \u00abDie Wundert\u00e4tige Medaille\u00bb Dieser Flyer \u00fcber die Wundert\u00e4tige Medaille ist im Vergleich zu unserem kleinen Medaillenflyer detaillierter: Die Bedeutung der einzelnen Elemente der Medaille wird erkl\u00e4rt, Beispiele von Wundern, welche durch die Medaille geschahen, werden aufgef\u00fchrt und es wird auch noch Bezug genommen zum hl. Maximilian Kolbe, der die<a class=\"more-link\" href=\"https:\/\/test4.mi-backup.ch\/de\/shop\/flyer\/grosser-medaillenflyer\/\">Weiterlesen &rarr;<\/a><\/p>\n","protected":false},"featured_media":22597,"template":"","meta":[],"product_cat":[259,236],"product_tag":[],"_links":{"self":[{"href":"https:\/\/test4.mi-backup.ch\/de\/wp-json\/wp\/v2\/product\/22596"}],"collection":[{"href":"https:\/\/test4.mi-backup.ch\/de\/wp-json\/wp\/v2\/product"}],"about":[{"href":"https:\/\/test4.mi-backup.ch\/de\/wp-json\/wp\/v2\/types\/product"}],"wp:featuredmedia":[{"embeddable":true,"href":"https:\/\/test4.mi-backup.ch\/de\/wp-json\/wp\/v2\/media\/22597"}],"wp:attachment":[{"href":"https:\/\/test4.mi-backup.ch\/de\/wp-json\/wp\/v2\/media?parent=22596"}],"wp:term":[{"taxonomy":"product_cat","embeddable":true,"href":"https:\/\/test4.mi-backup.ch\/de\/wp-json\/wp\/v2\/product_cat?post=22596"},{"taxonomy":"product_tag","embeddable":true,"href":"https:\/\/test4.mi-backup.ch\/de\/wp-json\/wp\/v2\/product_tag?post=22596"}],"curies":[{"name":"wp","href":"https:\/\/api.w.org\/{rel}","templated":true}]}}