{"id":24649,"date":"2020-02-17T19:17:14","date_gmt":"2020-02-17T18:17:14","guid":{"rendered":"https:\/\/test4.mi-backup.ch\/?post_type=product&#038;p=24649"},"modified":"2020-06-22T08:20:11","modified_gmt":"2020-06-22T06:20:11","slug":"rosenkranzbroschuere-maenner","status":"publish","type":"product","link":"https:\/\/test4.mi-backup.ch\/de\/shop\/flyer\/rosenkranzbroschuere-maenner\/","title":{"rendered":"Rosenkranzbrosch\u00fcre M\u00e4nner"},"content":{"rendered":"<p><strong>Rosenkranzbrosch\u00fcre \u2013 M\u00e4nner, k\u00e4mpft mit dem Rosenkranz<br \/>\n<\/strong><\/p>\n<p>Wer der Ansicht ist, der Rosenkranz sei eher ein Gebet f\u00fcr Frauen und \u00e4ltere Leute, kann durch diese Brosch\u00fcre eine neue Sichtweise gewinnen. Sie richtet sich gezielt an katholische M\u00e4nner jeden Alters, welche an sich den Rosenkranz schon zu beten wissen (ansonsten enth\u00e4lt unsere andere Rosenkranzbrosch\u00fcre eine Anleitung). Diese neue Brosch\u00fcre m\u00f6chte inspirieren, motivieren, zu einem Gebet mit Vertrauen und \u00dcberzeugung anregen.<\/p>\n<p>52 Seiten DIN A7 mit dickerem Umschlag; mit vielen Bildern und kurzen, m\u00e4nnerspezifischen Gedanken zu jedem Rosenkranzgeheimnis.<\/p>\n<p>Nutzen Sie diese Brosch\u00fcre auch als Geschenk, um in Ihrem Umfeld die Liebe zu Maria und ihrem Rosenkranz bei den M\u00e4nnern zu f\u00f6rdern!<\/p>\n<p>&nbsp;<\/p>\n<p>&nbsp;<\/p>\n","protected":false},"excerpt":{"rendered":"<p>Rosenkranzbrosch\u00fcre \u2013 M\u00e4nner, k\u00e4mpft mit dem Rosenkranz Wer der Ansicht ist, der Rosenkranz sei eher ein Gebet f\u00fcr Frauen und \u00e4ltere Leute, kann durch diese Brosch\u00fcre eine neue Sichtweise gewinnen. Sie richtet sich gezielt an katholische M\u00e4nner jeden Alters, welche an sich den Rosenkranz schon zu beten wissen (ansonsten enth\u00e4lt<a class=\"more-link\" href=\"https:\/\/test4.mi-backup.ch\/de\/shop\/flyer\/rosenkranzbroschuere-maenner\/\">Weiterlesen &rarr;<\/a><\/p>\n","protected":false},"featured_media":24825,"template":"","meta":[],"product_cat":[236,260],"product_tag":[],"_links":{"self":[{"href":"https:\/\/test4.mi-backup.ch\/de\/wp-json\/wp\/v2\/product\/24649"}],"collection":[{"href":"https:\/\/test4.mi-backup.ch\/de\/wp-json\/wp\/v2\/product"}],"about":[{"href":"https:\/\/test4.mi-backup.ch\/de\/wp-json\/wp\/v2\/types\/product"}],"wp:featuredmedia":[{"embeddable":true,"href":"https:\/\/test4.mi-backup.ch\/de\/wp-json\/wp\/v2\/media\/24825"}],"wp:attachment":[{"href":"https:\/\/test4.mi-backup.ch\/de\/wp-json\/wp\/v2\/media?parent=24649"}],"wp:term":[{"taxonomy":"product_cat","embeddable":true,"href":"https:\/\/test4.mi-backup.ch\/de\/wp-json\/wp\/v2\/product_cat?post=24649"},{"taxonomy":"product_tag","embeddable":true,"href":"https:\/\/test4.mi-backup.ch\/de\/wp-json\/wp\/v2\/product_tag?post=24649"}],"curies":[{"name":"wp","href":"https:\/\/api.w.org\/{rel}","templated":true}]}}