{"id":29156,"date":"2020-06-22T08:19:35","date_gmt":"2020-06-22T06:19:35","guid":{"rendered":"https:\/\/test4.mi-backup.ch\/?post_type=product&#038;p=29156"},"modified":"2022-06-25T14:17:43","modified_gmt":"2022-06-25T12:17:43","slug":"corona-flyer","status":"publish","type":"product","link":"https:\/\/test4.mi-backup.ch\/de\/shop\/flyer\/corona-flyer\/","title":{"rendered":"Corona-Flyer"},"content":{"rendered":"<h3>Schutz vor Epidemie durch die Wundert\u00e4tige Medaille<\/h3>\n<p>Dieses Faltblatt (Gr\u00f6\u00dfe DIN A6) ist als Begleitflugblatt zur Wundert\u00e4tigen Medaille geeignet gerade zu dieser Zeit der Corona-Pandemie. Es erkl\u00e4rt in wenigen Worten, wie bereits 1832 w\u00e4hrend der Cholera-Epidemie in Paris die Tr\u00e4ger der Wundert\u00e4tigen Medaille auf die F\u00fcrsprache der Mutter Gottes bewahrt wurden oder Heilung erfuhren. Ebenfalls sind auf dem Flyer einige passende Gebete zu Maria abgedruckt.<\/p>\n<p>&nbsp;<\/p>\n","protected":false},"excerpt":{"rendered":"<p>Schutz vor Epidemie durch die Wundert\u00e4tige Medaille Dieses Faltblatt (Gr\u00f6\u00dfe DIN A6) ist als Begleitflugblatt zur Wundert\u00e4tigen Medaille geeignet gerade zu dieser Zeit der Corona-Pandemie. Es erkl\u00e4rt in wenigen Worten, wie bereits 1832 w\u00e4hrend der Cholera-Epidemie in Paris die Tr\u00e4ger der Wundert\u00e4tigen Medaille auf die F\u00fcrsprache der Mutter Gottes bewahrt<a class=\"more-link\" href=\"https:\/\/test4.mi-backup.ch\/de\/shop\/flyer\/corona-flyer\/\">Weiterlesen &rarr;<\/a><\/p>\n","protected":false},"featured_media":25581,"template":"","meta":[],"product_cat":[259,236],"product_tag":[],"_links":{"self":[{"href":"https:\/\/test4.mi-backup.ch\/de\/wp-json\/wp\/v2\/product\/29156"}],"collection":[{"href":"https:\/\/test4.mi-backup.ch\/de\/wp-json\/wp\/v2\/product"}],"about":[{"href":"https:\/\/test4.mi-backup.ch\/de\/wp-json\/wp\/v2\/types\/product"}],"wp:featuredmedia":[{"embeddable":true,"href":"https:\/\/test4.mi-backup.ch\/de\/wp-json\/wp\/v2\/media\/25581"}],"wp:attachment":[{"href":"https:\/\/test4.mi-backup.ch\/de\/wp-json\/wp\/v2\/media?parent=29156"}],"wp:term":[{"taxonomy":"product_cat","embeddable":true,"href":"https:\/\/test4.mi-backup.ch\/de\/wp-json\/wp\/v2\/product_cat?post=29156"},{"taxonomy":"product_tag","embeddable":true,"href":"https:\/\/test4.mi-backup.ch\/de\/wp-json\/wp\/v2\/product_tag?post=29156"}],"curies":[{"name":"wp","href":"https:\/\/api.w.org\/{rel}","templated":true}]}}