{"id":30454,"date":"2020-08-18T12:43:41","date_gmt":"2020-08-18T10:43:41","guid":{"rendered":"https:\/\/test4.mi-backup.ch\/?post_type=product&#038;p=30454"},"modified":"2020-08-18T12:45:10","modified_gmt":"2020-08-18T10:45:10","slug":"flyer-unbeflecktes-herz-mariens","status":"publish","type":"product","link":"https:\/\/test4.mi-backup.ch\/de\/shop\/fatima\/flyer-unbeflecktes-herz-mariens\/","title":{"rendered":"Flyer Unbeflecktes Herz Mariens"},"content":{"rendered":"<p>Unsere Liebe Frau von Fatima offenbarte ihr Herz als letztes Rettungsmittel f\u00fcr unsere Zeiten.<\/p>\n<p>Dieser Flyer m\u00f6chte auf leicht verst\u00e4ndliche Weise zum unbefleckten Herzen hinf\u00fchren: Was ist das Wesen dieses m\u00fctterlichen Herzens? Wie wird es unsere Zuflucht und Rettung? Wie k\u00f6nnen wir uns von diesem Herzen pr\u00e4gen und umwandeln lassen?<\/p>\n<p>Flyer DIN A7 8-seitig<\/p>\n<p><a href=\"https:\/\/test4.mi-backup.ch\/wp-content\/uploads\/2020\/08\/Unbeflecktes-Herz-Flyer-Web.pdf\" class=\"broken_link\">Flyer als PDF downloaden<\/a><\/p>\n","protected":false},"excerpt":{"rendered":"<p>Unsere Liebe Frau von Fatima offenbarte ihr Herz als letztes Rettungsmittel f\u00fcr unsere Zeiten. Dieser Flyer m\u00f6chte auf leicht verst\u00e4ndliche Weise zum unbefleckten Herzen hinf\u00fchren: Was ist das Wesen dieses m\u00fctterlichen Herzens? Wie wird es unsere Zuflucht und Rettung? Wie k\u00f6nnen wir uns von diesem Herzen pr\u00e4gen und umwandeln lassen?<a class=\"more-link\" href=\"https:\/\/test4.mi-backup.ch\/de\/shop\/fatima\/flyer-unbeflecktes-herz-mariens\/\">Weiterlesen &rarr;<\/a><\/p>\n","protected":false},"featured_media":30455,"template":"","meta":[],"product_cat":[236,234],"product_tag":[],"_links":{"self":[{"href":"https:\/\/test4.mi-backup.ch\/de\/wp-json\/wp\/v2\/product\/30454"}],"collection":[{"href":"https:\/\/test4.mi-backup.ch\/de\/wp-json\/wp\/v2\/product"}],"about":[{"href":"https:\/\/test4.mi-backup.ch\/de\/wp-json\/wp\/v2\/types\/product"}],"wp:featuredmedia":[{"embeddable":true,"href":"https:\/\/test4.mi-backup.ch\/de\/wp-json\/wp\/v2\/media\/30455"}],"wp:attachment":[{"href":"https:\/\/test4.mi-backup.ch\/de\/wp-json\/wp\/v2\/media?parent=30454"}],"wp:term":[{"taxonomy":"product_cat","embeddable":true,"href":"https:\/\/test4.mi-backup.ch\/de\/wp-json\/wp\/v2\/product_cat?post=30454"},{"taxonomy":"product_tag","embeddable":true,"href":"https:\/\/test4.mi-backup.ch\/de\/wp-json\/wp\/v2\/product_tag?post=30454"}],"curies":[{"name":"wp","href":"https:\/\/api.w.org\/{rel}","templated":true}]}}