{"id":34318,"date":"2021-01-19T21:10:50","date_gmt":"2021-01-19T20:10:50","guid":{"rendered":"https:\/\/test4.mi-backup.ch\/?post_type=product&#038;p=34318"},"modified":"2023-01-26T21:58:28","modified_gmt":"2023-01-26T20:58:28","slug":"herz-mariae-suehnesamstag","status":"publish","type":"product","link":"https:\/\/test4.mi-backup.ch\/de\/shop\/fatima\/herz-mariae-suehnesamstag\/","title":{"rendered":"Herz-Mari\u00e4-S\u00fchnesamstag"},"content":{"rendered":"<p><strong>Brosch\u00fcre \u00fcber den Herz-Mari\u00e4-S\u00fchnesamstag<\/strong><\/p>\n<p>Jesus und Maria erschienen Schwester Lucia von Fatima, um uns f\u00fcr die letzten Zeiten, in denen es immer schwieriger wird, seine Seele zu retten, ein einzigartiges Heilmittel anzubieten. Es handelt sich um ein einmaliges Angebot des Himmels, denn Maria verspricht all jenen, welche die f\u00fcnf Samstage einmal treu praktizieren das ewige Heil!<\/p>\n<p>Unsere Liebe Frau von Fatima selbst sagte, dass wir mit dieser Andacht \u201eKrieg, Hungersnot, Verfolgungen der Kirche und des Heiligen Vaters\u201c verhindern k\u00f6nnen. F\u00fcr Schwester Lucia hatten die S\u00fchnesamstage gr\u00f6\u00dfte Bedeutung und sie praktizierte sie jeden Monat. Sie erkl\u00e4rt: \u201eDie heiligen Herzen Jesu und Mariens lieben und w\u00fcnschen diese Andacht, denn sie verwenden sie dazu, Seelen zu sich zu ziehen, und darauf zielen ihre W\u00fcnsche: Seelen zu retten, viele Seelen, alle Seelen!\u201c<\/p>\n<p>Diese Brosch\u00fcre m\u00f6chte Ihnen helfen, diese von der katholischen Kirche beglaubigte Andacht kennen, praktizieren und lieben zu lernen.<\/p>\n<p>Verbreiten Sie diese Brosch\u00fcre in Ihrem Umfeld, damit sich dadurch viele Seelen retten k\u00f6nnen.<\/p>\n<p>Brosch\u00fcre, 28 Seiten, Format 18 x 12 cm<\/p>\n","protected":false},"excerpt":{"rendered":"<p>Brosch\u00fcre \u00fcber den Herz-Mari\u00e4-S\u00fchnesamstag Jesus und Maria erschienen Schwester Lucia von Fatima, um uns f\u00fcr die letzten Zeiten, in denen es immer schwieriger wird, seine Seele zu retten, ein einzigartiges Heilmittel anzubieten. Es handelt sich um ein einmaliges Angebot des Himmels, denn Maria verspricht all jenen, welche die f\u00fcnf Samstage<a class=\"more-link\" href=\"https:\/\/test4.mi-backup.ch\/de\/shop\/fatima\/herz-mariae-suehnesamstag\/\">Weiterlesen &rarr;<\/a><\/p>\n","protected":false},"featured_media":34367,"template":"","meta":[],"product_cat":[236,234],"product_tag":[],"_links":{"self":[{"href":"https:\/\/test4.mi-backup.ch\/de\/wp-json\/wp\/v2\/product\/34318"}],"collection":[{"href":"https:\/\/test4.mi-backup.ch\/de\/wp-json\/wp\/v2\/product"}],"about":[{"href":"https:\/\/test4.mi-backup.ch\/de\/wp-json\/wp\/v2\/types\/product"}],"wp:featuredmedia":[{"embeddable":true,"href":"https:\/\/test4.mi-backup.ch\/de\/wp-json\/wp\/v2\/media\/34367"}],"wp:attachment":[{"href":"https:\/\/test4.mi-backup.ch\/de\/wp-json\/wp\/v2\/media?parent=34318"}],"wp:term":[{"taxonomy":"product_cat","embeddable":true,"href":"https:\/\/test4.mi-backup.ch\/de\/wp-json\/wp\/v2\/product_cat?post=34318"},{"taxonomy":"product_tag","embeddable":true,"href":"https:\/\/test4.mi-backup.ch\/de\/wp-json\/wp\/v2\/product_tag?post=34318"}],"curies":[{"name":"wp","href":"https:\/\/api.w.org\/{rel}","templated":true}]}}