{"id":3708,"date":"2017-03-05T21:50:07","date_gmt":"2017-03-05T20:50:07","guid":{"rendered":"https:\/\/test4.mi-backup.ch\/de\/?post_type=product&#038;p=3708"},"modified":"2021-01-19T20:46:40","modified_gmt":"2021-01-19T19:46:40","slug":"vortrags-cd-fatima-und-die-mi","status":"publish","type":"product","link":"https:\/\/test4.mi-backup.ch\/de\/shop\/fatima\/vortrags-cd-fatima-und-die-mi\/","title":{"rendered":"CD 1: Fatima und die MI"},"content":{"rendered":"<p><strong>Pater Karl Stehlin<\/strong><\/p>\n<p>Pater Karl Stehlin, der internationale MI-Moderator, predigte vom 12-16. Mai 2016 in Porta Caeli (D) Exerzitien zur Vorbereitung auf das gro\u00dfe Jubil\u00e4um von 2017: 100 Jahre Fatima und MI. Aus seiner Einf\u00fchrung in die Exerzitien:<\/p>\n<p>\u201eWir werden eintreten in das Geheimnis von Fatima und MI. Wir werden sehen, wie diese beiden Wunder ineinander greifen und eine Einheit darstellen von der wir nur begeistert und erstaunt sein werden. Ich m\u00f6chte Ihnen in diesen Exerzitien zeigen, dass vor 100 Jahren Fatima und die MI angefangen haben, aber heute Fatima und die MI noch viel wichtiger sind als vor 100 Jahren. Das ist nicht nur eine sch\u00f6ne Betrachtung, sondern etwas das unsere jetzige Zeit und unser ganzes zuk\u00fcnftiges Leben in der Tiefe betrifft.\u201c<\/p>\n<p>Bitte helfen Sie uns diese CD zu verbreiten, damit immer mehr Menschen die Immaculata kennen und lieben.<\/p>\n","protected":false},"excerpt":{"rendered":"<p>Pater Karl Stehlin Pater Karl Stehlin, der internationale MI-Moderator, predigte vom 12-16. Mai 2016 in Porta Caeli (D) Exerzitien zur Vorbereitung auf das gro\u00dfe Jubil\u00e4um von 2017: 100 Jahre Fatima und MI. Aus seiner Einf\u00fchrung in die Exerzitien: \u201eWir werden eintreten in das Geheimnis von Fatima und MI. Wir werden<a class=\"more-link\" href=\"https:\/\/test4.mi-backup.ch\/de\/shop\/fatima\/vortrags-cd-fatima-und-die-mi\/\">Weiterlesen &rarr;<\/a><\/p>\n","protected":false},"featured_media":4610,"template":"","meta":[],"product_cat":[234,264,239],"product_tag":[],"_links":{"self":[{"href":"https:\/\/test4.mi-backup.ch\/de\/wp-json\/wp\/v2\/product\/3708"}],"collection":[{"href":"https:\/\/test4.mi-backup.ch\/de\/wp-json\/wp\/v2\/product"}],"about":[{"href":"https:\/\/test4.mi-backup.ch\/de\/wp-json\/wp\/v2\/types\/product"}],"wp:featuredmedia":[{"embeddable":true,"href":"https:\/\/test4.mi-backup.ch\/de\/wp-json\/wp\/v2\/media\/4610"}],"wp:attachment":[{"href":"https:\/\/test4.mi-backup.ch\/de\/wp-json\/wp\/v2\/media?parent=3708"}],"wp:term":[{"taxonomy":"product_cat","embeddable":true,"href":"https:\/\/test4.mi-backup.ch\/de\/wp-json\/wp\/v2\/product_cat?post=3708"},{"taxonomy":"product_tag","embeddable":true,"href":"https:\/\/test4.mi-backup.ch\/de\/wp-json\/wp\/v2\/product_tag?post=3708"}],"curies":[{"name":"wp","href":"https:\/\/api.w.org\/{rel}","templated":true}]}}