{"id":3710,"date":"2017-03-05T21:52:26","date_gmt":"2017-03-05T20:52:26","guid":{"rendered":"https:\/\/test4.mi-backup.ch\/de\/?post_type=product&#038;p=3710"},"modified":"2023-03-01T12:10:52","modified_gmt":"2023-03-01T11:10:52","slug":"die-weihe-an-die-immaculata","status":"publish","type":"product","link":"https:\/\/test4.mi-backup.ch\/de\/shop\/buecher\/die-weihe-an-die-immaculata\/","title":{"rendered":"Die Weihe an die Immaculata"},"content":{"rendered":"<p><em>Pater Karl Stehlin<\/em><\/p>\n<div class=\"product-description\">\n<p>Der Wiederbegr\u00fcnder der traditionellen Militia Immaculatae (MI) f\u00fchrt den Leser in den Geist der Weihe an die Immaculata des hl. Maximilian ein. Der Unterschied zur Vollkommenen Hingabe des hl. Ludwig wird aufgezeigt. Darauf folgt eine 13-t\u00e4gige Vorbereitung auf die Weihe mit Gebeten und Betrachtungen, in denen uns der hl. Maximilian schrittweise den Wert und die Tiefe dieser Weihe nahebringt. Das B\u00fcchlein enth\u00e4lt zudem die vollst\u00e4ndige Aufnahmezeremonie mit der Weihe.<br \/>\nM\u00f6gen m\u00f6glichst viele Gl\u00e4ubige durch diese Schrift den Wert und die Aktualit\u00e4t dieser Weihe entdecken &#8211; auch im Sinne einer Antwort auf den Aufruf Mariens in Fatima: &#8220;Ist es nicht sch\u00f6n, dieses Lebensideal? Der Kampf, um die ganze Welt zu erobern, die Herzen aller Menschen und jedes einzelnen im Besonderen, angefangen mit sich selbst&#8221; (hl. Maximilian). Maximilian hat bewusst keine grossen Verpflichtungen mit dieser Weihe verbunden, denn er wollte alle Gl\u00e4ubigen guten Willens f\u00fcr die Immaculata gewinnen.<br \/>\nDen bestehenden Rittern dient die Schrift zur Vertiefung und Erneuerung der Weihe.<\/p>\n<p>Broschur \/ A6<br \/>\n67 Seiten<br \/>\nISBN 978-3-9524562-4-8<br \/>\nEuro 3.35<\/p>\n<\/div>\n<p>Das Produkt ist beim <a href=\"https:\/\/www.sarto.de\/die-weihe-an-die-immaculata\" target=\"_blank\" rel=\"noopener noreferrer\" class=\"broken_link\">Sarto-Verlag<\/a> erh\u00e4ltlich.<\/p>\n<p>&nbsp;<\/p>\n<p>Urspr\u00fcnglicher Herausgeber: Alverna-Verlag<\/p>\n","protected":false},"excerpt":{"rendered":"<p>Pater Karl Stehlin Der Wiederbegr\u00fcnder der traditionellen Militia Immaculatae (MI) f\u00fchrt den Leser in den Geist der Weihe an die Immaculata des hl. Maximilian ein. Der Unterschied zur Vollkommenen Hingabe des hl. Ludwig wird aufgezeigt. Darauf folgt eine 13-t\u00e4gige Vorbereitung auf die Weihe mit Gebeten und Betrachtungen, in denen uns<a class=\"more-link\" href=\"https:\/\/test4.mi-backup.ch\/de\/shop\/buecher\/die-weihe-an-die-immaculata\/\">Weiterlesen &rarr;<\/a><\/p>\n","protected":false},"featured_media":4723,"template":"","meta":[],"product_cat":[238,266],"product_tag":[],"_links":{"self":[{"href":"https:\/\/test4.mi-backup.ch\/de\/wp-json\/wp\/v2\/product\/3710"}],"collection":[{"href":"https:\/\/test4.mi-backup.ch\/de\/wp-json\/wp\/v2\/product"}],"about":[{"href":"https:\/\/test4.mi-backup.ch\/de\/wp-json\/wp\/v2\/types\/product"}],"wp:featuredmedia":[{"embeddable":true,"href":"https:\/\/test4.mi-backup.ch\/de\/wp-json\/wp\/v2\/media\/4723"}],"wp:attachment":[{"href":"https:\/\/test4.mi-backup.ch\/de\/wp-json\/wp\/v2\/media?parent=3710"}],"wp:term":[{"taxonomy":"product_cat","embeddable":true,"href":"https:\/\/test4.mi-backup.ch\/de\/wp-json\/wp\/v2\/product_cat?post=3710"},{"taxonomy":"product_tag","embeddable":true,"href":"https:\/\/test4.mi-backup.ch\/de\/wp-json\/wp\/v2\/product_tag?post=3710"}],"curies":[{"name":"wp","href":"https:\/\/api.w.org\/{rel}","templated":true}]}}