{"id":3714,"date":"2017-03-05T22:03:17","date_gmt":"2017-03-05T21:03:17","guid":{"rendered":"https:\/\/test4.mi-backup.ch\/de\/?post_type=product&#038;p=3714"},"modified":"2023-03-01T12:10:25","modified_gmt":"2023-03-01T11:10:25","slug":"lass-dich-von-der-immaculata-fuehren","status":"publish","type":"product","link":"https:\/\/test4.mi-backup.ch\/de\/shop\/buecher\/lass-dich-von-der-immaculata-fuehren\/","title":{"rendered":"Lass Dich von der Immaculata&#8230;"},"content":{"rendered":"<h3>Lass dich von der Immaculata f\u00fchren &#8211; Wahre Hingabe an Maria mit den eigenen Worten des hl. Maximilian Kolbe<\/h3>\n<p><em>mit einem Vorwort von Pater Karl Stehlin<\/em><\/p>\n<p>In diesen zusammengestellten Texten beschreibt der Heilige der Immaculata wie wir unsere Hingabe an die Immaculata im Alltag konkret leben k\u00f6nnen, um uns selber zu heiligen und die Seelen unserer N\u00e4chsten zu retten.<\/p>\n<p>Aus dem Vorwort P. Stehlins: \u201eVielen Menschen ist der Hl. Maximilian Kolbe gut bekannt wegen seinem heroischen Tod im Konzentrationslager in Auschwitz. Wer ihn besser kennt, wei\u00df, dass diese so wunderbare Tat der N\u00e4chstenliebe nur die Kr\u00f6nung einer Hingabe und Liebe ist, die sein ganzes Leben durchzieht: Liebe zur Immaculata. Kindliche Einfachheit, verbunden mit dem Feuer der Liebe, das hinter jedem Wort, hinter jedem Satz steht: Seine Worte haben eine solche Anziehungskraft, dass man sie immer wieder lesen und betrachten m\u00f6chte\u2026 Wer ehrlich und aufmerksam diese Worte liest und studiert, der kann kein schlafender und gleichg\u00fcltiger Christ bleiben. Die Flamme wird in ihn \u00fcbergehen zu seinem eigenen gr\u00f6\u00dften Gl\u00fcck, zur Ehre Gottes und zum Heil der Seelen.\u201c<\/p>\n<p>95 S. kart.<\/p>\n<p>Erh\u00e4ltlich beim <a href=\"https:\/\/www.sarto.de\/lass-dich-von-der-immaculata-fuhren\" target=\"_blank\" rel=\"noopener noreferrer\" class=\"broken_link\">Sarto-Verlag<\/a><\/p>\n<p>&nbsp;<\/p>\n<p>Urspr\u00fcnglicher Herausgeber: Alverna-Verlag<\/p>\n","protected":false},"excerpt":{"rendered":"<p>Lass dich von der Immaculata f\u00fchren &#8211; Wahre Hingabe an Maria mit den eigenen Worten des hl. Maximilian Kolbe mit einem Vorwort von Pater Karl Stehlin In diesen zusammengestellten Texten beschreibt der Heilige der Immaculata wie wir unsere Hingabe an die Immaculata im Alltag konkret leben k\u00f6nnen, um uns selber<a class=\"more-link\" href=\"https:\/\/test4.mi-backup.ch\/de\/shop\/buecher\/lass-dich-von-der-immaculata-fuehren\/\">Weiterlesen &rarr;<\/a><\/p>\n","protected":false},"featured_media":4729,"template":"","meta":[],"product_cat":[238],"product_tag":[],"_links":{"self":[{"href":"https:\/\/test4.mi-backup.ch\/de\/wp-json\/wp\/v2\/product\/3714"}],"collection":[{"href":"https:\/\/test4.mi-backup.ch\/de\/wp-json\/wp\/v2\/product"}],"about":[{"href":"https:\/\/test4.mi-backup.ch\/de\/wp-json\/wp\/v2\/types\/product"}],"wp:featuredmedia":[{"embeddable":true,"href":"https:\/\/test4.mi-backup.ch\/de\/wp-json\/wp\/v2\/media\/4729"}],"wp:attachment":[{"href":"https:\/\/test4.mi-backup.ch\/de\/wp-json\/wp\/v2\/media?parent=3714"}],"wp:term":[{"taxonomy":"product_cat","embeddable":true,"href":"https:\/\/test4.mi-backup.ch\/de\/wp-json\/wp\/v2\/product_cat?post=3714"},{"taxonomy":"product_tag","embeddable":true,"href":"https:\/\/test4.mi-backup.ch\/de\/wp-json\/wp\/v2\/product_tag?post=3714"}],"curies":[{"name":"wp","href":"https:\/\/api.w.org\/{rel}","templated":true}]}}