{"id":3716,"date":"2017-03-05T22:06:19","date_gmt":"2017-03-05T21:06:19","guid":{"rendered":"https:\/\/test4.mi-backup.ch\/de\/?post_type=product&#038;p=3716"},"modified":"2018-09-05T17:20:39","modified_gmt":"2018-09-05T15:20:39","slug":"mi-flyer","status":"publish","type":"product","link":"https:\/\/test4.mi-backup.ch\/de\/shop\/flyer\/mi-flyer\/","title":{"rendered":"MI-Flyer"},"content":{"rendered":"<p>Dieses Faltblatt dient der weiteren Verbreitung der MI. Es stellt die MI vor: die Entstehung, das Wesen und die Struktur der MI. Zudem m\u00f6chte es anl\u00e4sslich der 100-j\u00e4hrigen Jubil\u00e4en von Fatima und MI deren \u00dcbereinstimmung und geistige Verbundenheit aufzeigen.<\/p>\n<p>Flyer, 3-Bruch-Altarfalz, DIN A5<\/p>\n<p>Zur <a href=\"https:\/\/test4.mi-backup.ch\/wp-content\/uploads\/media\/Apostolat\/MI-Flyer_04.2015.pdf\" target=\"_blank\" rel=\"noopener noreferrer\">Ansicht als PDF.<\/a><\/p>\n","protected":false},"excerpt":{"rendered":"<p>Dieses Faltblatt dient der weiteren Verbreitung der MI. Es stellt die MI vor: die Entstehung, das Wesen und die Struktur der MI. Zudem m\u00f6chte es anl\u00e4sslich der 100-j\u00e4hrigen Jubil\u00e4en von Fatima und MI deren \u00dcbereinstimmung und geistige Verbundenheit aufzeigen. Flyer, 3-Bruch-Altarfalz, DIN A5 Zur Ansicht als PDF.<a class=\"more-link\" href=\"https:\/\/test4.mi-backup.ch\/de\/shop\/flyer\/mi-flyer\/\">Weiterlesen &rarr;<\/a><\/p>\n","protected":false},"featured_media":4346,"template":"","meta":[],"product_cat":[236],"product_tag":[],"_links":{"self":[{"href":"https:\/\/test4.mi-backup.ch\/de\/wp-json\/wp\/v2\/product\/3716"}],"collection":[{"href":"https:\/\/test4.mi-backup.ch\/de\/wp-json\/wp\/v2\/product"}],"about":[{"href":"https:\/\/test4.mi-backup.ch\/de\/wp-json\/wp\/v2\/types\/product"}],"wp:featuredmedia":[{"embeddable":true,"href":"https:\/\/test4.mi-backup.ch\/de\/wp-json\/wp\/v2\/media\/4346"}],"wp:attachment":[{"href":"https:\/\/test4.mi-backup.ch\/de\/wp-json\/wp\/v2\/media?parent=3716"}],"wp:term":[{"taxonomy":"product_cat","embeddable":true,"href":"https:\/\/test4.mi-backup.ch\/de\/wp-json\/wp\/v2\/product_cat?post=3716"},{"taxonomy":"product_tag","embeddable":true,"href":"https:\/\/test4.mi-backup.ch\/de\/wp-json\/wp\/v2\/product_tag?post=3716"}],"curies":[{"name":"wp","href":"https:\/\/api.w.org\/{rel}","templated":true}]}}