{"id":3719,"date":"2017-03-05T22:10:28","date_gmt":"2017-03-05T21:10:28","guid":{"rendered":"https:\/\/test4.mi-backup.ch\/de\/?post_type=product&#038;p=3719"},"modified":"2023-03-01T12:10:10","modified_gmt":"2023-03-01T11:10:10","slug":"gebetsheft-der-militia-immaculatae","status":"publish","type":"product","link":"https:\/\/test4.mi-backup.ch\/de\/shop\/buecher\/gebetsheft-der-militia-immaculatae\/","title":{"rendered":"Gebetsheft der Militia Immaculatae"},"content":{"rendered":"<p>Mit den Tagzeiten zu Ehren der Unbefleckten Empf\u00e4ngnis<\/p>\n<p>Das Heft enth\u00e4lt eine Auswahl passender Gebete f\u00fcr die Mitglieder der MI, insbesondere die Gruppengebete.<\/p>\n<p>Neben den Tagzeiten und einer Gebetssammlung enth\u00e4lt es einen Lehranhang mit einer Zusammenfassung der Botschaft von Fatima und einer Einf\u00fchrung in das Herzensgebet und die Betrachtung.<\/p>\n<p>Brosch\u00fcre DIN A6 geheftet, 36 Seiten, kartoniert.<\/p>\n<p>Erh\u00e4ltlich beim <a href=\"https:\/\/www.sarto.de\/gebetsheft-der-militia-immaculatae\" target=\"_blank\" rel=\"noopener\" class=\"broken_link\">Sarto-Verlag<\/a><\/p>\n<p>&nbsp;<\/p>\n<p>Urspr\u00fcnglicher Herausgeber: Alverna-Verlag<\/p>\n","protected":false},"excerpt":{"rendered":"<p>Mit den Tagzeiten zu Ehren der Unbefleckten Empf\u00e4ngnis Das Heft enth\u00e4lt eine Auswahl passender Gebete f\u00fcr die Mitglieder der MI, insbesondere die Gruppengebete. Neben den Tagzeiten und einer Gebetssammlung enth\u00e4lt es einen Lehranhang mit einer Zusammenfassung der Botschaft von Fatima und einer Einf\u00fchrung in das Herzensgebet und die Betrachtung. Brosch\u00fcre<a class=\"more-link\" href=\"https:\/\/test4.mi-backup.ch\/de\/shop\/buecher\/gebetsheft-der-militia-immaculatae\/\">Weiterlesen &rarr;<\/a><\/p>\n","protected":false},"featured_media":4727,"template":"","meta":[],"product_cat":[238,266],"product_tag":[],"_links":{"self":[{"href":"https:\/\/test4.mi-backup.ch\/de\/wp-json\/wp\/v2\/product\/3719"}],"collection":[{"href":"https:\/\/test4.mi-backup.ch\/de\/wp-json\/wp\/v2\/product"}],"about":[{"href":"https:\/\/test4.mi-backup.ch\/de\/wp-json\/wp\/v2\/types\/product"}],"wp:featuredmedia":[{"embeddable":true,"href":"https:\/\/test4.mi-backup.ch\/de\/wp-json\/wp\/v2\/media\/4727"}],"wp:attachment":[{"href":"https:\/\/test4.mi-backup.ch\/de\/wp-json\/wp\/v2\/media?parent=3719"}],"wp:term":[{"taxonomy":"product_cat","embeddable":true,"href":"https:\/\/test4.mi-backup.ch\/de\/wp-json\/wp\/v2\/product_cat?post=3719"},{"taxonomy":"product_tag","embeddable":true,"href":"https:\/\/test4.mi-backup.ch\/de\/wp-json\/wp\/v2\/product_tag?post=3719"}],"curies":[{"name":"wp","href":"https:\/\/api.w.org\/{rel}","templated":true}]}}