{"id":3735,"date":"2017-03-05T22:26:48","date_gmt":"2017-03-05T21:26:48","guid":{"rendered":"https:\/\/test4.mi-backup.ch\/de\/?post_type=product&#038;p=3735"},"modified":"2017-04-06T21:29:41","modified_gmt":"2017-04-06T19:29:41","slug":"vergesst-die-liebe-nicht-andre-frossard","status":"publish","type":"product","link":"https:\/\/test4.mi-backup.ch\/de\/shop\/buecher\/vergesst-die-liebe-nicht-andre-frossard\/","title":{"rendered":"Vergesst die Liebe nicht"},"content":{"rendered":"<h3>Maximilian Kolbe &#8211; Vergesst die Liebe nicht &#8211; Eine Biografie<\/h3>\n<p><em>Frossard, Andr\u00e9<\/em><\/p>\n<p>Der bekannte Autor Andr\u00e9 Frossard hat diese mitrei\u00dfende Biografie auf der Grundlage teilweise noch unver\u00f6ffentlichter Dokumente des Vatikans geschrieben. W\u00e4hrend die Umst\u00e4nde, die zum Tod von Maximilian Kolbe f\u00fchrten, bekannt sind, beschreibt Frossard das Leben des Heiligen, in dem er Liebe ohne Grenzen verwirklichte. Er zog aus, um die ganze Welt zu bekehren.<\/p>\n<p>\u201ePro amore usque ad victimam: Alles f\u00fcr die Liebe bis zur Aufopferung meines Lebens.\u201c Was sich der hl. Maximilian bei seiner Primiz als Leitwort notierte, wurde zu seinem Lebensprogramm. So gesehen, war sein heroischer Tod im KZ Auschwitz nur der kr\u00f6nende Abschluss eines nicht weniger heroischen Lebens.<\/p>\n<p>Die Biografie zeichnet sich aus durch Akribie und viele Originalzitate dieses gro\u00dfen Heiligen der Neuzeit.<\/p>\n","protected":false},"excerpt":{"rendered":"<p>Maximilian Kolbe &#8211; Vergesst die Liebe nicht &#8211; Eine Biografie Frossard, Andr\u00e9 Der bekannte Autor Andr\u00e9 Frossard hat diese mitrei\u00dfende Biografie auf der Grundlage teilweise noch unver\u00f6ffentlichter Dokumente des Vatikans geschrieben. W\u00e4hrend die Umst\u00e4nde, die zum Tod von Maximilian Kolbe f\u00fchrten, bekannt sind, beschreibt Frossard das Leben des Heiligen, in<a class=\"more-link\" href=\"https:\/\/test4.mi-backup.ch\/de\/shop\/buecher\/vergesst-die-liebe-nicht-andre-frossard\/\">Weiterlesen &rarr;<\/a><\/p>\n","protected":false},"featured_media":4701,"template":"","meta":[],"product_cat":[238],"product_tag":[],"_links":{"self":[{"href":"https:\/\/test4.mi-backup.ch\/de\/wp-json\/wp\/v2\/product\/3735"}],"collection":[{"href":"https:\/\/test4.mi-backup.ch\/de\/wp-json\/wp\/v2\/product"}],"about":[{"href":"https:\/\/test4.mi-backup.ch\/de\/wp-json\/wp\/v2\/types\/product"}],"wp:featuredmedia":[{"embeddable":true,"href":"https:\/\/test4.mi-backup.ch\/de\/wp-json\/wp\/v2\/media\/4701"}],"wp:attachment":[{"href":"https:\/\/test4.mi-backup.ch\/de\/wp-json\/wp\/v2\/media?parent=3735"}],"wp:term":[{"taxonomy":"product_cat","embeddable":true,"href":"https:\/\/test4.mi-backup.ch\/de\/wp-json\/wp\/v2\/product_cat?post=3735"},{"taxonomy":"product_tag","embeddable":true,"href":"https:\/\/test4.mi-backup.ch\/de\/wp-json\/wp\/v2\/product_tag?post=3735"}],"curies":[{"name":"wp","href":"https:\/\/api.w.org\/{rel}","templated":true}]}}