{"id":3739,"date":"2017-03-05T22:28:18","date_gmt":"2017-03-05T21:28:18","guid":{"rendered":"https:\/\/test4.mi-backup.ch\/de\/?post_type=product&#038;p=3739"},"modified":"2023-01-05T20:23:03","modified_gmt":"2023-01-05T19:23:03","slug":"jesus-spricht-zur-welt-pater-lorenzo-sales","status":"publish","type":"product","link":"https:\/\/test4.mi-backup.ch\/de\/shop\/mi-intern\/jesus-spricht-zur-welt-pater-lorenzo-sales\/","title":{"rendered":"Jesus spricht zur Welt"},"content":{"rendered":"<h3>Jesus spricht zur Welt &#8211; Botschaft des Herzens Jesu an Schwester Consolata Betrone<\/h3>\n<p><em>Pater Lorenzo Sales<\/em><\/p>\n<p>In diesem Buch erl\u00e4utert Lorenzo Sales den kleinsten Weg der Liebe, welchen Jesus Consolata Betrone geoffenbart hat. Die Kapuzinerschwester starb 1946 bei Turin im Rufe der Heiligkeit. Ihr Seligsprechungsprozess ist er\u00f6ffnet.<\/p>\n<p>Es ist das Verdienst des Autors, diese Offenbarung theologisch fundiert zu untermauern.<\/p>\n<p>Kernpunkt des kleinsten Weges der Liebe ist der sogenannte Liebesakt \u201eJesus, Maria, ich liebe euch, rettet Seelen\u201c. Dieses im Alltag zu praktizierende Sto\u00dfgebet ist von der Spiritualit\u00e4t her vergleichbar mit dem Jesusgebet oder Herzensgebet der M\u00f6nchsv\u00e4ter, welches bis heute in der Ostkirche praktiziert wird. Es erm\u00f6glicht ein gottverbundenes Leben und ein Leben der Liebe zu Gott und den Seelen.<\/p>\n<p>Das Buch wurde urspr\u00fcnglich 1964 im Kanisiusverlag mit kirchlicher Druckerlaubnis herausgegeben und ist nun <a href=\"http:\/\/www.miriam-verlag.de\/detail.php?id=3071\" target=\"_blank\" rel=\"noopener noreferrer\">im Miriam-Verlag erh\u00e4ltlich<\/a>.<\/p>\n","protected":false},"excerpt":{"rendered":"<p>Jesus spricht zur Welt &#8211; Botschaft des Herzens Jesu an Schwester Consolata Betrone Pater Lorenzo Sales In diesem Buch erl\u00e4utert Lorenzo Sales den kleinsten Weg der Liebe, welchen Jesus Consolata Betrone geoffenbart hat. Die Kapuzinerschwester starb 1946 bei Turin im Rufe der Heiligkeit. Ihr Seligsprechungsprozess ist er\u00f6ffnet. Es ist das<a class=\"more-link\" href=\"https:\/\/test4.mi-backup.ch\/de\/shop\/mi-intern\/jesus-spricht-zur-welt-pater-lorenzo-sales\/\">Weiterlesen &rarr;<\/a><\/p>\n","protected":false},"featured_media":4762,"template":"","meta":[],"product_cat":[266],"product_tag":[],"_links":{"self":[{"href":"https:\/\/test4.mi-backup.ch\/de\/wp-json\/wp\/v2\/product\/3739"}],"collection":[{"href":"https:\/\/test4.mi-backup.ch\/de\/wp-json\/wp\/v2\/product"}],"about":[{"href":"https:\/\/test4.mi-backup.ch\/de\/wp-json\/wp\/v2\/types\/product"}],"wp:featuredmedia":[{"embeddable":true,"href":"https:\/\/test4.mi-backup.ch\/de\/wp-json\/wp\/v2\/media\/4762"}],"wp:attachment":[{"href":"https:\/\/test4.mi-backup.ch\/de\/wp-json\/wp\/v2\/media?parent=3739"}],"wp:term":[{"taxonomy":"product_cat","embeddable":true,"href":"https:\/\/test4.mi-backup.ch\/de\/wp-json\/wp\/v2\/product_cat?post=3739"},{"taxonomy":"product_tag","embeddable":true,"href":"https:\/\/test4.mi-backup.ch\/de\/wp-json\/wp\/v2\/product_tag?post=3739"}],"curies":[{"name":"wp","href":"https:\/\/api.w.org\/{rel}","templated":true}]}}