{"id":3744,"date":"2017-03-05T22:44:12","date_gmt":"2017-03-05T21:44:12","guid":{"rendered":"https:\/\/test4.mi-backup.ch\/de\/?post_type=product&#038;p=3744"},"modified":"2019-06-29T11:54:49","modified_gmt":"2019-06-29T09:54:49","slug":"100-jahre-engelserscheinugen-1916-2016","status":"publish","type":"product","link":"https:\/\/test4.mi-backup.ch\/de\/shop\/fatima\/100-jahre-engelserscheinugen-1916-2016\/","title":{"rendered":"Die Gebete des Engels"},"content":{"rendered":"<p>Anl\u00e4sslich des 100. Jahrestag der Erscheinungen des Engels von Fatima haben wir ein neues Faltblatt gemacht. Es enth\u00e4lt die Engelsgebete und eine Erl\u00e4uterung zu diesen wertvollen geoffenbarten Gebeten.<\/p>\n<p>Mit dem Faltblatt m\u00f6chten wir die Verbreitung dieser Gebete f\u00f6rdern und auf das Jubil\u00e4um hinweisen.<\/p>\n<p>Hier geht es zur <a href=\"https:\/\/test4.mi-backup.ch\/wp-content\/uploads\/media\/Fatima_\/Flyer_2016-7.pdf\" target=\"_blank\" rel=\"noopener noreferrer\">Ansicht in der Sprache Deutsch.<\/a><\/p>\n<p>Hier geht es zur Ansicht <a href=\"https:\/\/test4.mi-backup.ch\/wp-content\/uploads\/2017\/03\/Engelsgebete_franz.pdf\" target=\"_blank\" rel=\"noopener noreferrer\">in der Sprache Franz\u00f6sisch.<\/a><\/p>\n","protected":false},"excerpt":{"rendered":"<p>Anl\u00e4sslich des 100. Jahrestag der Erscheinungen des Engels von Fatima haben wir ein neues Faltblatt gemacht. Es enth\u00e4lt die Engelsgebete und eine Erl\u00e4uterung zu diesen wertvollen geoffenbarten Gebeten. Mit dem Faltblatt m\u00f6chten wir die Verbreitung dieser Gebete f\u00f6rdern und auf das Jubil\u00e4um hinweisen. Hier geht es zur Ansicht in der<a class=\"more-link\" href=\"https:\/\/test4.mi-backup.ch\/de\/shop\/fatima\/100-jahre-engelserscheinugen-1916-2016\/\">Weiterlesen &rarr;<\/a><\/p>\n","protected":false},"featured_media":4314,"template":"","meta":[],"product_cat":[236,234],"product_tag":[],"_links":{"self":[{"href":"https:\/\/test4.mi-backup.ch\/de\/wp-json\/wp\/v2\/product\/3744"}],"collection":[{"href":"https:\/\/test4.mi-backup.ch\/de\/wp-json\/wp\/v2\/product"}],"about":[{"href":"https:\/\/test4.mi-backup.ch\/de\/wp-json\/wp\/v2\/types\/product"}],"wp:featuredmedia":[{"embeddable":true,"href":"https:\/\/test4.mi-backup.ch\/de\/wp-json\/wp\/v2\/media\/4314"}],"wp:attachment":[{"href":"https:\/\/test4.mi-backup.ch\/de\/wp-json\/wp\/v2\/media?parent=3744"}],"wp:term":[{"taxonomy":"product_cat","embeddable":true,"href":"https:\/\/test4.mi-backup.ch\/de\/wp-json\/wp\/v2\/product_cat?post=3744"},{"taxonomy":"product_tag","embeddable":true,"href":"https:\/\/test4.mi-backup.ch\/de\/wp-json\/wp\/v2\/product_tag?post=3744"}],"curies":[{"name":"wp","href":"https:\/\/api.w.org\/{rel}","templated":true}]}}