{"id":3751,"date":"2017-03-05T22:54:44","date_gmt":"2017-03-05T21:54:44","guid":{"rendered":"https:\/\/test4.mi-backup.ch\/de\/?post_type=product&#038;p=3751"},"modified":"2017-05-03T13:25:29","modified_gmt":"2017-05-03T11:25:29","slug":"mein-name-ist-jacinta","status":"publish","type":"product","link":"https:\/\/test4.mi-backup.ch\/de\/shop\/fatima\/mein-name-ist-jacinta\/","title":{"rendered":"Mein Name ist Jacinta"},"content":{"rendered":"<h3>Mein Name ist Jacinta &#8211; Ich habe die Hl. Jungfrau Maria gesehen!<\/h3>\n<p><em>P. Fernando Leite SJ,<\/em><\/p>\n<p>Das Buch, gest\u00fctzt auf die Erinnerungen von Schwester Lucia, erz\u00e4hlt das fromme Leben von Jacinta, das sie vor und besonders nach den Erscheinungen von Fatima gef\u00fchrt hat. Wie wichtig es ist, die Unschuld der Kinder zu sch\u00fctzen, sehen wir an den Worten Jesu Christi in der Heiligen Schrift: \u201eWer einen von diesen Kleinen, die an mich glauben, zum B\u00f6sen verf\u00fchrt, f\u00fcr den w\u00e4re es besser, wenn er mit einem M\u00fchlstein um den Hals im tiefen Meer versenkt w\u00fcrde.\u201c (Mt. 18,6)<\/p>\n<p>63 Seiten, mit Farbbildern<\/p>\n<p><a href=\"http:\/\/katalog.fatimaonline.at\/\" target=\"_blank\" rel=\"noopener noreferrer\">Erh\u00e4ltich gegen freie Spende bei der Aktion \u201e\u00d6sterreich braucht Mariens Hilfe\u201c.<\/a> (Gehe unter <em>Kostenlose Ausgaben<\/em> \/ S. 7)<\/p>\n<p>&nbsp;<\/p>\n","protected":false},"excerpt":{"rendered":"<p>Mein Name ist Jacinta &#8211; Ich habe die Hl. Jungfrau Maria gesehen! P. Fernando Leite SJ, Das Buch, gest\u00fctzt auf die Erinnerungen von Schwester Lucia, erz\u00e4hlt das fromme Leben von Jacinta, das sie vor und besonders nach den Erscheinungen von Fatima gef\u00fchrt hat. Wie wichtig es ist, die Unschuld der<a class=\"more-link\" href=\"https:\/\/test4.mi-backup.ch\/de\/shop\/fatima\/mein-name-ist-jacinta\/\">Weiterlesen &rarr;<\/a><\/p>\n","protected":false},"featured_media":4766,"template":"","meta":[],"product_cat":[238,234],"product_tag":[],"_links":{"self":[{"href":"https:\/\/test4.mi-backup.ch\/de\/wp-json\/wp\/v2\/product\/3751"}],"collection":[{"href":"https:\/\/test4.mi-backup.ch\/de\/wp-json\/wp\/v2\/product"}],"about":[{"href":"https:\/\/test4.mi-backup.ch\/de\/wp-json\/wp\/v2\/types\/product"}],"wp:featuredmedia":[{"embeddable":true,"href":"https:\/\/test4.mi-backup.ch\/de\/wp-json\/wp\/v2\/media\/4766"}],"wp:attachment":[{"href":"https:\/\/test4.mi-backup.ch\/de\/wp-json\/wp\/v2\/media?parent=3751"}],"wp:term":[{"taxonomy":"product_cat","embeddable":true,"href":"https:\/\/test4.mi-backup.ch\/de\/wp-json\/wp\/v2\/product_cat?post=3751"},{"taxonomy":"product_tag","embeddable":true,"href":"https:\/\/test4.mi-backup.ch\/de\/wp-json\/wp\/v2\/product_tag?post=3751"}],"curies":[{"name":"wp","href":"https:\/\/api.w.org\/{rel}","templated":true}]}}