{"id":3753,"date":"2017-03-05T22:55:40","date_gmt":"2017-03-05T21:55:40","guid":{"rendered":"https:\/\/test4.mi-backup.ch\/de\/?post_type=product&#038;p=3753"},"modified":"2017-05-07T18:07:13","modified_gmt":"2017-05-07T16:07:13","slug":"mein-name-ist-francisco","status":"publish","type":"product","link":"https:\/\/test4.mi-backup.ch\/de\/shop\/fatima\/mein-name-ist-francisco\/","title":{"rendered":"Mein Name ist Francisco"},"content":{"rendered":"<h3>Mein Name ist Francisco &#8211;\u00a0 Ich habe die Hl. Jungfrau Maria gesehen!<\/h3>\n<p><em>P. Fernando Leite SJ,<\/em><\/p>\n<p>Dieses Werk ist besonders f\u00fcr Kinder und Jugendliche geeignet und verdeutlicht mitrei\u00dfend das Leben des sel. Francisco Marto, der durch eine verborgene Absicht Gottes ein kurzes, aber erf\u00fclltes irdisches Dasein hatte. Er starb bereits in seinem 11. Lebensjahr. Wer war dieser junge Francisco? Was hat er gewollt und vollbracht? Dieser bescheidene Junge, geboren in einem unbedeutenden Dorf Portugals, erhielt eine au\u00dfergew\u00f6hnliche Gnade, die nur wenigen Heiligen zuteil wurde: Maria ist ihm erschienen. Dies hat sein Leben ge\u00e4ndert.<\/p>\n<p>64 Seiten, mit Farbbildern<\/p>\n<p><a href=\"http:\/\/katalog.fatimaonline.at\/\" target=\"_blank\" rel=\"noopener noreferrer\">Erh\u00e4ltich gegen freie Spende bei der Aktion \u201e\u00d6sterreich braucht Mariens Hilfe\u201c.<\/a> (Gehe zu <em>Kostenlose Ausgaben<\/em> \/ S. 7)<\/p>\n<p>Ein alternatives \u00e4hnliches Produkt finden Sie <a href=\"http:\/\/www.sarto.de\/product_info.php?info=p13943_Francisco.html\" target=\"_blank\" rel=\"noopener noreferrer\">hier im Sarto-Verlag<\/a>.<\/p>\n","protected":false},"excerpt":{"rendered":"<p>Mein Name ist Francisco &#8211;\u00a0 Ich habe die Hl. Jungfrau Maria gesehen! P. Fernando Leite SJ, Dieses Werk ist besonders f\u00fcr Kinder und Jugendliche geeignet und verdeutlicht mitrei\u00dfend das Leben des sel. Francisco Marto, der durch eine verborgene Absicht Gottes ein kurzes, aber erf\u00fclltes irdisches Dasein hatte. Er starb bereits<a class=\"more-link\" href=\"https:\/\/test4.mi-backup.ch\/de\/shop\/fatima\/mein-name-ist-francisco\/\">Weiterlesen &rarr;<\/a><\/p>\n","protected":false},"featured_media":4764,"template":"","meta":[],"product_cat":[238,234],"product_tag":[],"_links":{"self":[{"href":"https:\/\/test4.mi-backup.ch\/de\/wp-json\/wp\/v2\/product\/3753"}],"collection":[{"href":"https:\/\/test4.mi-backup.ch\/de\/wp-json\/wp\/v2\/product"}],"about":[{"href":"https:\/\/test4.mi-backup.ch\/de\/wp-json\/wp\/v2\/types\/product"}],"wp:featuredmedia":[{"embeddable":true,"href":"https:\/\/test4.mi-backup.ch\/de\/wp-json\/wp\/v2\/media\/4764"}],"wp:attachment":[{"href":"https:\/\/test4.mi-backup.ch\/de\/wp-json\/wp\/v2\/media?parent=3753"}],"wp:term":[{"taxonomy":"product_cat","embeddable":true,"href":"https:\/\/test4.mi-backup.ch\/de\/wp-json\/wp\/v2\/product_cat?post=3753"},{"taxonomy":"product_tag","embeddable":true,"href":"https:\/\/test4.mi-backup.ch\/de\/wp-json\/wp\/v2\/product_tag?post=3753"}],"curies":[{"name":"wp","href":"https:\/\/api.w.org\/{rel}","templated":true}]}}