{"id":3757,"date":"2017-03-05T22:57:03","date_gmt":"2017-03-05T21:57:03","guid":{"rendered":"https:\/\/test4.mi-backup.ch\/de\/?post_type=product&#038;p=3757"},"modified":"2017-04-08T10:23:30","modified_gmt":"2017-04-08T08:23:30","slug":"fatima-und-der-halbmond-band-ii","status":"publish","type":"product","link":"https:\/\/test4.mi-backup.ch\/de\/shop\/fatima\/fatima-und-der-halbmond-band-ii\/","title":{"rendered":"Fatima und der Halbmond \u2013 Band II"},"content":{"rendered":"<p><em>Pater Thomas Jentzsch<\/em><\/p>\n<p>Gibt es einen Heilsplan Gottes f\u00fcr die Bekehrung auch der islamischen Welt durch Maria? Vieles legt dies nahe, will P. Thomas Jentzsch zeigen. &#8220;Fatima und der Halbmond&#8221; ist ein Werk, das auf zwei B\u00e4nde angelegt ist. Jeder Band bildet f\u00fcr sich genommen eine Einheit. Das \u00fcbergreifende zentrale Thema ist ist die geheimnisvolle Beziehung der Botschaft Unserer Lieben Frau von Fatima zum Islam, der sich der Autor im ersten Band vor allem historisch, im zweiten dann theologisch n\u00e4hert.<\/p>\n<p>Kart., 214 S., 20,5 x 13,5 cm<\/p>\n<p>&nbsp;<\/p>\n","protected":false},"excerpt":{"rendered":"<p>Pater Thomas Jentzsch Gibt es einen Heilsplan Gottes f\u00fcr die Bekehrung auch der islamischen Welt durch Maria? Vieles legt dies nahe, will P. Thomas Jentzsch zeigen. &#8220;Fatima und der Halbmond&#8221; ist ein Werk, das auf zwei B\u00e4nde angelegt ist. Jeder Band bildet f\u00fcr sich genommen eine Einheit. Das \u00fcbergreifende zentrale<a class=\"more-link\" href=\"https:\/\/test4.mi-backup.ch\/de\/shop\/fatima\/fatima-und-der-halbmond-band-ii\/\">Weiterlesen &rarr;<\/a><\/p>\n","protected":false},"featured_media":4750,"template":"","meta":[],"product_cat":[238,234],"product_tag":[],"_links":{"self":[{"href":"https:\/\/test4.mi-backup.ch\/de\/wp-json\/wp\/v2\/product\/3757"}],"collection":[{"href":"https:\/\/test4.mi-backup.ch\/de\/wp-json\/wp\/v2\/product"}],"about":[{"href":"https:\/\/test4.mi-backup.ch\/de\/wp-json\/wp\/v2\/types\/product"}],"wp:featuredmedia":[{"embeddable":true,"href":"https:\/\/test4.mi-backup.ch\/de\/wp-json\/wp\/v2\/media\/4750"}],"wp:attachment":[{"href":"https:\/\/test4.mi-backup.ch\/de\/wp-json\/wp\/v2\/media?parent=3757"}],"wp:term":[{"taxonomy":"product_cat","embeddable":true,"href":"https:\/\/test4.mi-backup.ch\/de\/wp-json\/wp\/v2\/product_cat?post=3757"},{"taxonomy":"product_tag","embeddable":true,"href":"https:\/\/test4.mi-backup.ch\/de\/wp-json\/wp\/v2\/product_tag?post=3757"}],"curies":[{"name":"wp","href":"https:\/\/api.w.org\/{rel}","templated":true}]}}