{"id":3759,"date":"2017-03-05T22:57:32","date_gmt":"2017-03-05T21:57:32","guid":{"rendered":"https:\/\/test4.mi-backup.ch\/de\/?post_type=product&#038;p=3759"},"modified":"2017-04-15T14:05:48","modified_gmt":"2017-04-15T12:05:48","slug":"fatima-und-der-halbmond-band-i","status":"publish","type":"product","link":"https:\/\/test4.mi-backup.ch\/de\/shop\/fatima\/fatima-und-der-halbmond-band-i\/","title":{"rendered":"Fatima und der Halbmond \u2013 Band I"},"content":{"rendered":"<p><em>Pater Thomas Jentzsch<\/em><\/p>\n<p>90 Jahre nach der Erscheinung Mariens in Fatima stellt sich die Frage, welchen Wert die Botschaft der Muttergottes f\u00fcr die heutige Zeit noch haben kann, da angeblich doch der Kommunismus \u00fcberwunden sei und die Welt in Frieden lebe. Diesem Irrtum sp\u00fcrt der Autor nach und zieht den Bogen, gleichsam dem Halbmond unter den F\u00fc\u00dfen der Immaculata, vom \u00e4ltesten Marienheiligtum in Ephesus zur Erscheinung von Fatima im Jahr 1917. Er begn\u00fcgt sich jedoch nicht nur mit der Beschreibung der historischen Ereignisse und Auseinandersetzungen zwischen Christentum und Islam, sondern zeigt auch auch die heute noch bestehende G\u00fcltigkeit der Botschaft von Fatima in diesem Zusammenhang und holt sie somit aus der musealen Ecke einer f\u00fcr unsere Zeit nicht mehr bedeutsamen Prophetie.<\/p>\n<p>Kart., 193 S., 21 x 15 cm<\/p>\n","protected":false},"excerpt":{"rendered":"<p>Pater Thomas Jentzsch 90 Jahre nach der Erscheinung Mariens in Fatima stellt sich die Frage, welchen Wert die Botschaft der Muttergottes f\u00fcr die heutige Zeit noch haben kann, da angeblich doch der Kommunismus \u00fcberwunden sei und die Welt in Frieden lebe. Diesem Irrtum sp\u00fcrt der Autor nach und zieht den<a class=\"more-link\" href=\"https:\/\/test4.mi-backup.ch\/de\/shop\/fatima\/fatima-und-der-halbmond-band-i\/\">Weiterlesen &rarr;<\/a><\/p>\n","protected":false},"featured_media":4748,"template":"","meta":[],"product_cat":[238,234],"product_tag":[],"_links":{"self":[{"href":"https:\/\/test4.mi-backup.ch\/de\/wp-json\/wp\/v2\/product\/3759"}],"collection":[{"href":"https:\/\/test4.mi-backup.ch\/de\/wp-json\/wp\/v2\/product"}],"about":[{"href":"https:\/\/test4.mi-backup.ch\/de\/wp-json\/wp\/v2\/types\/product"}],"wp:featuredmedia":[{"embeddable":true,"href":"https:\/\/test4.mi-backup.ch\/de\/wp-json\/wp\/v2\/media\/4748"}],"wp:attachment":[{"href":"https:\/\/test4.mi-backup.ch\/de\/wp-json\/wp\/v2\/media?parent=3759"}],"wp:term":[{"taxonomy":"product_cat","embeddable":true,"href":"https:\/\/test4.mi-backup.ch\/de\/wp-json\/wp\/v2\/product_cat?post=3759"},{"taxonomy":"product_tag","embeddable":true,"href":"https:\/\/test4.mi-backup.ch\/de\/wp-json\/wp\/v2\/product_tag?post=3759"}],"curies":[{"name":"wp","href":"https:\/\/api.w.org\/{rel}","templated":true}]}}