{"id":37666,"date":"2021-05-30T21:46:04","date_gmt":"2021-05-30T19:46:04","guid":{"rendered":"https:\/\/test4.mi-backup.ch\/?post_type=product&#038;p=37666"},"modified":"2021-05-31T17:09:03","modified_gmt":"2021-05-31T15:09:03","slug":"cd-5-das-goldene-buch","status":"publish","type":"product","link":"https:\/\/test4.mi-backup.ch\/de\/shop\/cddvd\/cd-5-das-goldene-buch\/","title":{"rendered":"CD 5: Das Goldene Buch"},"content":{"rendered":"<p>Das Goldene Buch vom hl. Ludwig Maria Grignion von Montfort als H\u00f6rbuch<\/p>\n<p>\u201eDas Goldene Buch\u201c \u00fcber die wahre Andacht zu Maria (der Gottesmutter) wurde vom heiligen Ludwig Maria Grignon von Montfort (1673-1716) verfasst. Der hl. Ludwig sagte in seinen Schriften voraus, dass sein Geheimnis der wahren Andacht zu Maria, welches der Allerh\u00f6chste selbst ihn gelehrt hat, besonders in den letzten Zeiten, \u201ein welchen der Teufel seine Anstrengungen von Tag zu Tag verdoppeln wird\u201c, von gr\u00f6\u00dfter Notwendigkeit sein wird. Es gilt seit Jahren als eines der wichtigsten B\u00fccher der Marienfr\u00f6mmigkeit, welches viele Generationen gepr\u00e4gt hat.<\/p>\n<p>Das H\u00f6rbuch enth\u00e4lt auch die 33-t\u00e4gige Vorbereitung auf die Vollkommene Hingabe an Maria.<\/p>\n<p><strong>Inhaltsverzeichnis:<\/strong><\/p>\n<ul>\n<li>Impressum<\/li>\n<li><a href=\"https:\/\/test4.mi-backup.ch\/wp-content\/uploads\/2021\/04\/02-Lebensbeschreibung-Ludwig-Maria-Grignion-von-Montfort.mp3\" class=\"broken_link\">Lebensbeschreibung des hl. Ludwig Maria<\/a><\/li>\n<li>Die wahre Andacht zu Maria<\/li>\n<li>Das Geheimnis Mari\u00e4<\/li>\n<li>Rundschreiben an die Freunde des Kreuzes<\/li>\n<li>33-t\u00e4gige Vorbereitung auf die vollkommene Hingabe<\/li>\n<li>Produktionsinformationen<\/li>\n<\/ul>\n<p>Das detaillierte Inhaltsverzeichnis ist hier als PDF verf\u00fcgbar: <a href=\"https:\/\/das-goldene-buch.info\/wp-content\/uploads\/2021\/04\/Das-Goldene-Buch-Hoerbuch-Inhaltsverzeichnis-V5.pdf\" target=\"_blank\" rel=\"noopener\">Das Goldene Buch &#8211; H\u00f6rbuch &#8211; Inhaltsverzeichnis.pdf<\/a><\/p>\n<p>Hier geht es zur eigens daf\u00fcr erstellten Webseite: <a href=\"https:\/\/das-goldene-buch.info\" target=\"_blank\" rel=\"noopener\">https:\/\/das-goldene-buch.info<\/a><\/p>\n<p>&nbsp;<\/p>\n","protected":false},"excerpt":{"rendered":"<p>Das Goldene Buch vom hl. Ludwig Maria Grignion von Montfort als H\u00f6rbuch \u201eDas Goldene Buch\u201c \u00fcber die wahre Andacht zu Maria (der Gottesmutter) wurde vom heiligen Ludwig Maria Grignon von Montfort (1673-1716) verfasst. Der hl. Ludwig sagte in seinen Schriften voraus, dass sein Geheimnis der wahren Andacht zu Maria, welches<a class=\"more-link\" href=\"https:\/\/test4.mi-backup.ch\/de\/shop\/cddvd\/cd-5-das-goldene-buch\/\">Weiterlesen &rarr;<\/a><\/p>\n","protected":false},"featured_media":37667,"template":"","meta":[],"product_cat":[264],"product_tag":[],"_links":{"self":[{"href":"https:\/\/test4.mi-backup.ch\/de\/wp-json\/wp\/v2\/product\/37666"}],"collection":[{"href":"https:\/\/test4.mi-backup.ch\/de\/wp-json\/wp\/v2\/product"}],"about":[{"href":"https:\/\/test4.mi-backup.ch\/de\/wp-json\/wp\/v2\/types\/product"}],"wp:featuredmedia":[{"embeddable":true,"href":"https:\/\/test4.mi-backup.ch\/de\/wp-json\/wp\/v2\/media\/37667"}],"wp:attachment":[{"href":"https:\/\/test4.mi-backup.ch\/de\/wp-json\/wp\/v2\/media?parent=37666"}],"wp:term":[{"taxonomy":"product_cat","embeddable":true,"href":"https:\/\/test4.mi-backup.ch\/de\/wp-json\/wp\/v2\/product_cat?post=37666"},{"taxonomy":"product_tag","embeddable":true,"href":"https:\/\/test4.mi-backup.ch\/de\/wp-json\/wp\/v2\/product_tag?post=37666"}],"curies":[{"name":"wp","href":"https:\/\/api.w.org\/{rel}","templated":true}]}}