{"id":3769,"date":"2017-03-05T23:01:13","date_gmt":"2017-03-05T22:01:13","guid":{"rendered":"https:\/\/test4.mi-backup.ch\/de\/?post_type=product&#038;p=3769"},"modified":"2022-06-25T14:23:03","modified_gmt":"2022-06-25T12:23:03","slug":"das-sonnenwunder-von-fatima-begegnung-mit-zeugen","status":"publish","type":"product","link":"https:\/\/test4.mi-backup.ch\/de\/shop\/fatima\/das-sonnenwunder-von-fatima-begegnung-mit-zeugen\/","title":{"rendered":"Das Sonnenwunder von Fatima"},"content":{"rendered":"<h3>Das Sonnenwunder von Fatima \u2013 Begegnung mit Zeugen<\/h3>\n<p><em>John M. Haffert<\/em><\/p>\n<p>Der Bericht \u00fcber die Ereignisse, die sich im Jahre 1917 zugetragen haben, hat die Frische eines Nachrichten-Berichtes, weil er Aussagen von Augenzeugen des gro\u00dfen Wunders beinhaltet. Der Autor fand Personen, die Augenzeugen des Wunders waren, das \u2013 wie die Kinder von Fatima vorausgesagt hatten \u2013 zu einer bestimmten Zeit und an einem bestimmten Ort stattfand. Er interviewte sie, h\u00f6rte sie an, nahm ihr Zeugnis auf und ver\u00f6ffentlichte dieses Zeugnis wortgetreu. Dieses Buch ist eine Herausforderung f\u00fcr den heute herrschenden Unglauben, da der Sachverhalt, den es beschreibt, von unleugbaren Tatsachen ausgeht, die Tausende Menschen gesehen haben: eines der gr\u00f6\u00dften Wunder der Weltgeschichte, welches die Bedeutung der Botschaft von Fatima unterstreichen sollte.<\/p>\n<p>Diese B\u00fcchlein eignet sich gut f\u00fcr das Schriftenapostolat, gerade auch f\u00fcr Ungl\u00e4ubige.<\/p>\n<ul>\n<li><a href=\"http:\/\/katalog.fatimaonline.at\/\" target=\"_blank\" rel=\"noopener noreferrer\">Erh\u00e4ltich gegen freie Spende bei der Aktion \u201e\u00d6sterreich braucht Mariens Hilfe\u201c.<\/a> (<span style=\"color: #ff0000;\">gehe unter <em>Kostenlose Ausgabe<\/em> &#8211;&gt; <em>S. 4<\/em><\/span>)<\/li>\n<li><a href=\"https:\/\/www.amazon.de\/Das-Sonnenwunder-Fatima-Begegnung-Zeugen\/dp\/B007V0O4K4\" target=\"_blank\" rel=\"noopener noreferrer\">Oder bei Amazon<\/a><\/li>\n<\/ul>\n","protected":false},"excerpt":{"rendered":"<p>Das Sonnenwunder von Fatima \u2013 Begegnung mit Zeugen John M. Haffert Der Bericht \u00fcber die Ereignisse, die sich im Jahre 1917 zugetragen haben, hat die Frische eines Nachrichten-Berichtes, weil er Aussagen von Augenzeugen des gro\u00dfen Wunders beinhaltet. Der Autor fand Personen, die Augenzeugen des Wunders waren, das \u2013 wie die<a class=\"more-link\" href=\"https:\/\/test4.mi-backup.ch\/de\/shop\/fatima\/das-sonnenwunder-von-fatima-begegnung-mit-zeugen\/\">Weiterlesen &rarr;<\/a><\/p>\n","protected":false},"featured_media":4753,"template":"","meta":[],"product_cat":[238,234],"product_tag":[],"_links":{"self":[{"href":"https:\/\/test4.mi-backup.ch\/de\/wp-json\/wp\/v2\/product\/3769"}],"collection":[{"href":"https:\/\/test4.mi-backup.ch\/de\/wp-json\/wp\/v2\/product"}],"about":[{"href":"https:\/\/test4.mi-backup.ch\/de\/wp-json\/wp\/v2\/types\/product"}],"wp:featuredmedia":[{"embeddable":true,"href":"https:\/\/test4.mi-backup.ch\/de\/wp-json\/wp\/v2\/media\/4753"}],"wp:attachment":[{"href":"https:\/\/test4.mi-backup.ch\/de\/wp-json\/wp\/v2\/media?parent=3769"}],"wp:term":[{"taxonomy":"product_cat","embeddable":true,"href":"https:\/\/test4.mi-backup.ch\/de\/wp-json\/wp\/v2\/product_cat?post=3769"},{"taxonomy":"product_tag","embeddable":true,"href":"https:\/\/test4.mi-backup.ch\/de\/wp-json\/wp\/v2\/product_tag?post=3769"}],"curies":[{"name":"wp","href":"https:\/\/api.w.org\/{rel}","templated":true}]}}