{"id":3773,"date":"2017-03-05T23:03:12","date_gmt":"2017-03-05T22:03:12","guid":{"rendered":"https:\/\/test4.mi-backup.ch\/de\/?post_type=product&#038;p=3773"},"modified":"2017-05-03T13:24:36","modified_gmt":"2017-05-03T11:24:36","slug":"dvd-fatima-vergangenheit-oder-zukunft","status":"publish","type":"product","link":"https:\/\/test4.mi-backup.ch\/de\/shop\/fatima\/dvd-fatima-vergangenheit-oder-zukunft\/","title":{"rendered":"Fatima &#8211; DVD"},"content":{"rendered":"<h3>DVD: Fatima \u2013 Vergangenheit oder Zukunft?<\/h3>\n<p>Die Erscheinungen Unserer Lieben Frau und des Engels in Fatima in den Jahren 1916 und 1917 haben viele Menschen ergriffen und wie kaum andere Ereignisse auf der Welt gro\u00dfe Diskussionen verursacht. Diese 25-min\u00fctige DVD erz\u00e4hlt die Ereignisse von Fatima in neuer und lebendiger Weise.<\/p>\n<p>Wir sehen, warum Unsere Liebe Frau den drei Hirtenkindern erschien und f\u00fcr die Menschheit eine lebenswichtige Botschaft von Gott \u00fcberbracht hat.<\/p>\n<p>Das wesentliche Element der Botschaften Unserer Lieben Frau besteht darin, die Augen der Menschen f\u00fcr den Ernst der Lage zu \u00f6ffnen, ihnen eine Erkl\u00e4rung im Lichte der Pl\u00e4ne der G\u00f6ttlichen Vor\u00acsehung zu geben und auf die Mittel hinzuweisen, mit denen eine Katastrophe abgewendet werden kann.<\/p>\n<p>All das wird durch diese DVD anhand von geschichtlichen Fotos und Filmen lebendig. Diese DVD hat schon Jung und Alt begeistert. Die DVD, welche mit einer Brosch\u00fcre ausgestattet ist, eignet sich sehr gut als Geschenk f\u00fcr Menschen, denen Fatima noch nichts sagt.<\/p>\n<p><a href=\"http:\/\/katalog.fatimaonline.at\/\" target=\"_blank\" rel=\"noopener noreferrer\">Erh\u00e4ltich gegen freie Spende bei der Aktion \u201e\u00d6sterreich braucht Mariens Hilfe\u201c.<\/a> (Gehe unter <em>Kostenlose Ausgaben<\/em> \/ S. 6)<\/p>\n","protected":false},"excerpt":{"rendered":"<p>DVD: Fatima \u2013 Vergangenheit oder Zukunft? Die Erscheinungen Unserer Lieben Frau und des Engels in Fatima in den Jahren 1916 und 1917 haben viele Menschen ergriffen und wie kaum andere Ereignisse auf der Welt gro\u00dfe Diskussionen verursacht. Diese 25-min\u00fctige DVD erz\u00e4hlt die Ereignisse von Fatima in neuer und lebendiger Weise.<a class=\"more-link\" href=\"https:\/\/test4.mi-backup.ch\/de\/shop\/fatima\/dvd-fatima-vergangenheit-oder-zukunft\/\">Weiterlesen &rarr;<\/a><\/p>\n","protected":false},"featured_media":4759,"template":"","meta":[],"product_cat":[234,264],"product_tag":[],"_links":{"self":[{"href":"https:\/\/test4.mi-backup.ch\/de\/wp-json\/wp\/v2\/product\/3773"}],"collection":[{"href":"https:\/\/test4.mi-backup.ch\/de\/wp-json\/wp\/v2\/product"}],"about":[{"href":"https:\/\/test4.mi-backup.ch\/de\/wp-json\/wp\/v2\/types\/product"}],"wp:featuredmedia":[{"embeddable":true,"href":"https:\/\/test4.mi-backup.ch\/de\/wp-json\/wp\/v2\/media\/4759"}],"wp:attachment":[{"href":"https:\/\/test4.mi-backup.ch\/de\/wp-json\/wp\/v2\/media?parent=3773"}],"wp:term":[{"taxonomy":"product_cat","embeddable":true,"href":"https:\/\/test4.mi-backup.ch\/de\/wp-json\/wp\/v2\/product_cat?post=3773"},{"taxonomy":"product_tag","embeddable":true,"href":"https:\/\/test4.mi-backup.ch\/de\/wp-json\/wp\/v2\/product_tag?post=3773"}],"curies":[{"name":"wp","href":"https:\/\/api.w.org\/{rel}","templated":true}]}}