{"id":3775,"date":"2017-03-05T23:03:59","date_gmt":"2017-03-05T22:03:59","guid":{"rendered":"https:\/\/test4.mi-backup.ch\/de\/?post_type=product&#038;p=3775"},"modified":"2020-11-30T21:51:49","modified_gmt":"2020-11-30T20:51:49","slug":"der-rosenkranz-die-loesung-fuer-die-probleme-unserer-zeit","status":"publish","type":"product","link":"https:\/\/test4.mi-backup.ch\/de\/shop\/buecher\/der-rosenkranz-die-loesung-fuer-die-probleme-unserer-zeit\/","title":{"rendered":"Der Rosenkranz \u2013 Die L\u00f6sung"},"content":{"rendered":"<h2>Der Rosenkranz \u2013 Die L\u00f6sung f\u00fcr die Probleme unserer Zeit!<\/h2>\n<p><strong>Antonio Borelli Machado<\/strong><\/p>\n<p>Das B\u00fcchlein erkl\u00e4rt den Ursprung, die Bedeutung und die Wirksamkeit des heiligen Rosenkranzes und lehrt, wie man ihn betet. Dabei werden auf gut verst\u00e4ndliche Weise auch wesentlich Geheimnisse unseres Glaubens erkl\u00e4rt, womit es sich sehr gut zur Weitergabe an Menschen, die von Glaube und Beten wenig Ahnung haben, eignet.<\/p>\n<p>Nutzen wir jede Gelegenheit, unseren Mitmenschen nicht nur eine Medaille, sondern auch einen Rosenkranz mit diesem B\u00fcchlein zu schenken, wenn wir merken, dass sie eine gewi\u00dfe Offenheit zeigen. So k\u00f6nnen wir dazu beitragen, dass dem dringendste Aufruf Mariens in Fatima immer besser entsprochen wird: \u201eBetet t\u00e4glich den Rosenkranz.\u201c Seien wir Apostel unserer Rosenkranzk\u00f6nigin, indem wir diesen nicht nur treu beten, sondern auch verbreiten! Auch<br \/>\n<a href=\"https:\/\/test4.mi-backup.ch\/de\/shop\/rosenkranz\/rosenkranzset\/\">Rosenkr\u00e4nze<\/a> k\u00f6nnen Sie bei uns bestellen.<\/p>\n<p>62 Seiten, DIN A6, mit Farbbildern.<\/p>\n<ul>\n<li><a href=\"http:\/\/katalog.fatimaonline.at\/\" target=\"_blank\" rel=\"noopener noreferrer\">Fatima online Katalog<\/a> (gegen freie Spende; gehen Sie auf <em>Kostenlose Ausgaben<\/em><\/li>\n<\/ul>\n","protected":false},"excerpt":{"rendered":"<p>Der Rosenkranz \u2013 Die L\u00f6sung f\u00fcr die Probleme unserer Zeit! Antonio Borelli Machado Das B\u00fcchlein erkl\u00e4rt den Ursprung, die Bedeutung und die Wirksamkeit des heiligen Rosenkranzes und lehrt, wie man ihn betet. Dabei werden auf gut verst\u00e4ndliche Weise auch wesentlich Geheimnisse unseres Glaubens erkl\u00e4rt, womit es sich sehr gut zur<a class=\"more-link\" href=\"https:\/\/test4.mi-backup.ch\/de\/shop\/buecher\/der-rosenkranz-die-loesung-fuer-die-probleme-unserer-zeit\/\">Weiterlesen &rarr;<\/a><\/p>\n","protected":false},"featured_media":4733,"template":"","meta":[],"product_cat":[238,260],"product_tag":[],"_links":{"self":[{"href":"https:\/\/test4.mi-backup.ch\/de\/wp-json\/wp\/v2\/product\/3775"}],"collection":[{"href":"https:\/\/test4.mi-backup.ch\/de\/wp-json\/wp\/v2\/product"}],"about":[{"href":"https:\/\/test4.mi-backup.ch\/de\/wp-json\/wp\/v2\/types\/product"}],"wp:featuredmedia":[{"embeddable":true,"href":"https:\/\/test4.mi-backup.ch\/de\/wp-json\/wp\/v2\/media\/4733"}],"wp:attachment":[{"href":"https:\/\/test4.mi-backup.ch\/de\/wp-json\/wp\/v2\/media?parent=3775"}],"wp:term":[{"taxonomy":"product_cat","embeddable":true,"href":"https:\/\/test4.mi-backup.ch\/de\/wp-json\/wp\/v2\/product_cat?post=3775"},{"taxonomy":"product_tag","embeddable":true,"href":"https:\/\/test4.mi-backup.ch\/de\/wp-json\/wp\/v2\/product_tag?post=3775"}],"curies":[{"name":"wp","href":"https:\/\/api.w.org\/{rel}","templated":true}]}}