{"id":3779,"date":"2017-03-05T23:06:05","date_gmt":"2017-03-05T22:06:05","guid":{"rendered":"https:\/\/test4.mi-backup.ch\/de\/?post_type=product&#038;p=3779"},"modified":"2023-03-01T11:54:58","modified_gmt":"2023-03-01T10:54:58","slug":"fatima-leitstern-fuer-die-letzten-zeiten","status":"publish","type":"product","link":"https:\/\/test4.mi-backup.ch\/de\/shop\/fatima\/fatima-leitstern-fuer-die-letzten-zeiten\/","title":{"rendered":"Leitstern f\u00fcr die letzten Zeiten"},"content":{"rendered":"<h3>Fatima &#8211; Leitstern f\u00fcr die letzten Zeiten, Band 1<\/h3>\n<p><em>Pater Karl Stehlin<\/em><\/p>\n<p>Dieses Buch ist eine Antwort auf die Anfragen derer, welche die Botschaft und die Spiritualit\u00e4t von Fatima besser kennenlernen wollen.<\/p>\n<p>Pater Stehlin, der Direktor der MI, beschreibt die Ziele dieses Buches so:<\/p>\n<ul>\n<li><strong>\u201eDas erste Ziel<\/strong> der folgenden Zeilen ist es, die Worte, Gesten und Handlungen Unserer Lieben Frau w\u00e4hrend der Erscheinungen sowie die Reaktion der drei Kinder zu erw\u00e4gen, dar\u00fcber zu meditieren und zu kommentieren.<\/li>\n<li><strong>Das zweite Ziel<\/strong> ist es, dem Leser zu helfen, die Botschaft Unserer Lieben Frau f\u00fcr sich selbst anzuwenden und ihre Aufforderungen zur eigenen Bekehrung, Rettung und Heiligung zu erf\u00fcllen.<\/li>\n<li><strong>Das dritte Ziel<\/strong> ist es, den Verehrer von Fatima so sehr mit der geistigen Anwesenheit des unbefleckten Herzens Mariens zu durchdringen, dass er wie von selbst ein Werkzeug in ihren unbefleckten H\u00e4nden sein will, um sie bekannt zu machen und so viele \u201earme Kinder Evas\u201c in ihre Fu\u00dfstapfen zu bringen.\u201c<\/li>\n<\/ul>\n<p>Dieses Buch ist damit ein sehr geeignetes Mittel um uns auf das Jubil\u00e4umsjahr 2017 vorzubereiten und die Botschaft von Fatima, insbesondere das unbefleckte Herz Mariens, bekannt zu machen, damit die Immaculata von immer mehr Menschen gekannt und geliebt wird.<\/p>\n<p>Alle Ritter sind eingeladen, dieses Buch zu lesen und zu verbreiten!<\/p>\n<p>Softcover \/ A5, 175 Seiten, bebildert (s\/w)<\/p>\n<p>Erh\u00e4ltlich beim <a href=\"https:\/\/www.sarto.de\/fatima-leitstern-fur-die-letzten-zeiten-bd-1\" target=\"_blank\" rel=\"noopener noreferrer\">Sarto-Verlag<\/a><\/p>\n","protected":false},"excerpt":{"rendered":"<p>Fatima &#8211; Leitstern f\u00fcr die letzten Zeiten, Band 1 Pater Karl Stehlin Dieses Buch ist eine Antwort auf die Anfragen derer, welche die Botschaft und die Spiritualit\u00e4t von Fatima besser kennenlernen wollen. Pater Stehlin, der Direktor der MI, beschreibt die Ziele dieses Buches so: \u201eDas erste Ziel der folgenden Zeilen<a class=\"more-link\" href=\"https:\/\/test4.mi-backup.ch\/de\/shop\/fatima\/fatima-leitstern-fuer-die-letzten-zeiten\/\">Weiterlesen &rarr;<\/a><\/p>\n","protected":false},"featured_media":4725,"template":"","meta":[],"product_cat":[238,234],"product_tag":[],"_links":{"self":[{"href":"https:\/\/test4.mi-backup.ch\/de\/wp-json\/wp\/v2\/product\/3779"}],"collection":[{"href":"https:\/\/test4.mi-backup.ch\/de\/wp-json\/wp\/v2\/product"}],"about":[{"href":"https:\/\/test4.mi-backup.ch\/de\/wp-json\/wp\/v2\/types\/product"}],"wp:featuredmedia":[{"embeddable":true,"href":"https:\/\/test4.mi-backup.ch\/de\/wp-json\/wp\/v2\/media\/4725"}],"wp:attachment":[{"href":"https:\/\/test4.mi-backup.ch\/de\/wp-json\/wp\/v2\/media?parent=3779"}],"wp:term":[{"taxonomy":"product_cat","embeddable":true,"href":"https:\/\/test4.mi-backup.ch\/de\/wp-json\/wp\/v2\/product_cat?post=3779"},{"taxonomy":"product_tag","embeddable":true,"href":"https:\/\/test4.mi-backup.ch\/de\/wp-json\/wp\/v2\/product_tag?post=3779"}],"curies":[{"name":"wp","href":"https:\/\/api.w.org\/{rel}","templated":true}]}}