{"id":3781,"date":"2017-03-05T23:09:57","date_gmt":"2017-03-05T22:09:57","guid":{"rendered":"https:\/\/test4.mi-backup.ch\/de\/?post_type=product&#038;p=3781"},"modified":"2023-03-02T20:15:19","modified_gmt":"2023-03-02T19:15:19","slug":"flyer-zur-wundertaetigen-medaille","status":"publish","type":"product","link":"https:\/\/test4.mi-backup.ch\/de\/shop\/flyer\/flyer-zur-wundertaetigen-medaille\/","title":{"rendered":"Flyer zur Wundert\u00e4tigen Medaille"},"content":{"rendered":"<p>Dieses Faltblatt (Gr\u00f6\u00dfe DIN A7) ist als Begleitflugblatt zur Wundert\u00e4tigen Medaille geeignet. Es erkl\u00e4rt in wenigen Worten den Ursprung und die Bedeutung dieses Gnadenmittels. Wir haben dieses Flugblatt auch in folgenden Sprachen:<br \/>\n<a href=\"https:\/\/test4.mi-backup.ch\/wp-content\/uploads\/2017\/03\/Ein-Zeichen-der-Liebe_AFR.pdf\" target=\"_blank\" rel=\"noopener noreferrer\">Afrikaans<\/a>, <a href=\"https:\/\/test4.mi-backup.ch\/wp-content\/uploads\/media\/Apostolat\/Flyer-01-arab.pdf\" target=\"_blank\" rel=\"noopener noreferrer\">Arabisch,<\/a> <a href=\"https:\/\/test4.mi-backup.ch\/wp-content\/uploads\/media\/Apostolat\/Flyer-01-chines-web_new.pdf\" target=\"_blank\" rel=\"noopener noreferrer\" class=\"broken_link\">Chinesisch<\/a>, <a href=\"https:\/\/test4.mi-backup.ch\/wp-content\/uploads\/2023\/03\/Medaillenflyer-deu.jpg\" target=\"_blank\" rel=\"noopener\">Deutsch<\/a>, <a href=\"https:\/\/test4.mi-backup.ch\/wp-content\/uploads\/media\/Apostolat\/Ein-Zeichen-der-Liebe_engl.pdf\" target=\"_blank\" rel=\"noopener noreferrer\">Englisch<\/a>, <a href=\"https:\/\/test4.mi-backup.ch\/wp-content\/uploads\/media\/Apostolat\/Flyer-01-fr-web.pdf\" target=\"_blank\" rel=\"noopener noreferrer\">Franz\u00f6sisch<\/a>, <a href=\"https:\/\/test4.mi-backup.ch\/wp-content\/uploads\/2017\/03\/Ein-Zeichen-der-Liebe_GRC.pdf\" target=\"_blank\" rel=\"noopener noreferrer\">Griechisch<\/a>, <a href=\"https:\/\/test4.mi-backup.ch\/wp-content\/uploads\/2017\/03\/Ein-Zeichen-der-Liebe_IND.pdf\" target=\"_blank\" rel=\"noopener noreferrer\">Indonesisch<\/a>, <a href=\"https:\/\/test4.mi-backup.ch\/wp-content\/uploads\/media\/Apostolat\/Flyer-01-ital-web.pdf\" target=\"_blank\" rel=\"noopener noreferrer\">Italienisch<\/a>, <a href=\"https:\/\/test4.mi-backup.ch\/wp-content\/uploads\/media\/Apostolat\/Flyer-01-jap--web.pdf\" target=\"_blank\" rel=\"noopener noreferrer\">Japanisch<\/a>, <a href=\"https:\/\/test4.mi-backup.ch\/wp-content\/uploads\/media\/Apostolat\/Flyer-01-kroat--web.pdf\" target=\"_blank\" rel=\"noopener noreferrer\">Kroatisch<\/a>, <a href=\"https:\/\/test4.mi-backup.ch\/wp-content\/uploads\/2017\/03\/Ein-Zeichen-der-Liebe_NED.pdf\">Niederl\u00e4ndisch<\/a>, <a href=\"https:\/\/test4.mi-backup.ch\/wp-content\/uploads\/2017\/03\/Ein-Zeichen-der-Liebe_NOR.pdf\" target=\"_blank\" rel=\"noopener noreferrer\">Norwegisch,<\/a> <a href=\"https:\/\/test4.mi-backup.ch\/wp-content\/uploads\/media\/Apostolat\/Ein-Zeichen-der-Liebe_pl.pdf\">Polnisch<\/a>, <a href=\"https:\/\/test4.mi-backup.ch\/wp-content\/uploads\/media\/Apostolat\/Flyer-01-port.pdf\" target=\"_blank\" rel=\"noopener noreferrer\" class=\"broken_link\">Portugiesisch<\/a>, <a href=\"https:\/\/test4.mi-backup.ch\/wp-content\/uploads\/2017\/03\/Ein-Zeichen-der-Liebe_RUM.pdf\" target=\"_blank\" rel=\"noopener noreferrer\">Rum\u00e4nisch,<\/a> <a href=\"https:\/\/test4.mi-backup.ch\/wp-content\/uploads\/media\/Apostolat\/Flyer-01-rus.pdf\" target=\"_blank\" rel=\"noopener noreferrer\" class=\"broken_link\">Russisch<\/a>, <a href=\"https:\/\/test4.mi-backup.ch\/wp-content\/uploads\/media\/Apostolat\/Flyer-01-span-web.pdf\" target=\"_blank\" rel=\"noopener noreferrer\">Spanisch<\/a>, <a href=\"https:\/\/test4.mi-backup.ch\/wp-content\/uploads\/2017\/03\/Ein-Zeichen-der-Liebe_swahili.pdf\" target=\"_blank\" rel=\"noopener noreferrer\">Swahili<\/a>, <a href=\"https:\/\/test4.mi-backup.ch\/wp-content\/uploads\/2017\/03\/Ein-Zeichen-der-Liebe_thai.pdf\" target=\"_blank\" rel=\"noopener noreferrer\" class=\"broken_link\">Thail\u00e4ndisch<\/a>, <a href=\"https:\/\/test4.mi-backup.ch\/wp-content\/uploads\/2017\/03\/Ein-Zeichen-der-Liebe_TUR.pdf\" target=\"_blank\" rel=\"noopener noreferrer\">T\u00fcrkisch<\/a>, <a href=\"https:\/\/test4.mi-backup.ch\/wp-content\/uploads\/2023\/03\/MI_EinZeichenDerLiebe_2022_UK_DRUCK.pdf\" target=\"_blank\" rel=\"noopener\">Ukrainisch<\/a>, <a href=\"https:\/\/test4.mi-backup.ch\/wp-content\/uploads\/media\/Apostolat\/Flyer-01-ung-web.pdf\" target=\"_blank\" rel=\"noopener noreferrer\">Ungarisch<\/a>, <a href=\"https:\/\/test4.mi-backup.ch\/wp-content\/uploads\/2017\/03\/Ein-Zeichen-der-Liebe_VIE.pdf\" target=\"_blank\" rel=\"noopener noreferrer\">Vietnamesisch<\/a>.<\/p>\n<p>W\u00fcnschen Sie es in einer weiteren Sprache? Nehmen Sie bitte mit uns <a href=\"https:\/\/test4.mi-backup.ch\/de\/kontaktkontaktformular-mi-schweiz\/\">Kontakt<\/a> auf.<\/p>\n<p><a href=\"https:\/\/test4.mi-backup.ch\/wp-content\/uploads\/2023\/03\/Medaillenflyer-deu.jpg\" target=\"_blank\" rel=\"noopener noreferrer\">Flyer ansehen<\/a><\/p>\n","protected":false},"excerpt":{"rendered":"<p>Dieses Faltblatt (Gr\u00f6\u00dfe DIN A7) ist als Begleitflugblatt zur Wundert\u00e4tigen Medaille geeignet. Es erkl\u00e4rt in wenigen Worten den Ursprung und die Bedeutung dieses Gnadenmittels. Wir haben dieses Flugblatt auch in folgenden Sprachen: Afrikaans, Arabisch, Chinesisch, Deutsch, Englisch, Franz\u00f6sisch, Griechisch, Indonesisch, Italienisch, Japanisch, Kroatisch, Niederl\u00e4ndisch, Norwegisch, Polnisch, Portugiesisch, Rum\u00e4nisch, Russisch, Spanisch,<a class=\"more-link\" href=\"https:\/\/test4.mi-backup.ch\/de\/shop\/flyer\/flyer-zur-wundertaetigen-medaille\/\">Weiterlesen &rarr;<\/a><\/p>\n","protected":false},"featured_media":87354,"template":"","meta":[],"product_cat":[259,236],"product_tag":[],"_links":{"self":[{"href":"https:\/\/test4.mi-backup.ch\/de\/wp-json\/wp\/v2\/product\/3781"}],"collection":[{"href":"https:\/\/test4.mi-backup.ch\/de\/wp-json\/wp\/v2\/product"}],"about":[{"href":"https:\/\/test4.mi-backup.ch\/de\/wp-json\/wp\/v2\/types\/product"}],"wp:featuredmedia":[{"embeddable":true,"href":"https:\/\/test4.mi-backup.ch\/de\/wp-json\/wp\/v2\/media\/87354"}],"wp:attachment":[{"href":"https:\/\/test4.mi-backup.ch\/de\/wp-json\/wp\/v2\/media?parent=3781"}],"wp:term":[{"taxonomy":"product_cat","embeddable":true,"href":"https:\/\/test4.mi-backup.ch\/de\/wp-json\/wp\/v2\/product_cat?post=3781"},{"taxonomy":"product_tag","embeddable":true,"href":"https:\/\/test4.mi-backup.ch\/de\/wp-json\/wp\/v2\/product_tag?post=3781"}],"curies":[{"name":"wp","href":"https:\/\/api.w.org\/{rel}","templated":true}]}}