{"id":3796,"date":"2017-03-05T23:18:21","date_gmt":"2017-03-05T22:18:21","guid":{"rendered":"https:\/\/test4.mi-backup.ch\/?post_type=product&#038;p=3796\/"},"modified":"2022-12-28T21:59:03","modified_gmt":"2022-12-28T20:59:03","slug":"wundertaetige-medaillen-silber","status":"publish","type":"product","link":"https:\/\/test4.mi-backup.ch\/de\/shop\/wundertaetige-medaille\/wundertaetige-medaillen-silber\/","title":{"rendered":"Wundert\u00e4tige Medaillen"},"content":{"rendered":"<p>Inschrift: Latein<\/p>\n<p>Material: Zamak<\/p>\n<p>Farbe: Silber \/ Gold<\/p>\n<p>Gr\u00f6\u00dfe: 19 mm<\/p>\n<p>Made in Italy<\/p>\n<p><strong><em>Wir versenden die Medaillen gesegnet und gegen freie Spende! Die Medaillen d\u00fcrfen nicht weiterverkauft werden!<\/em><\/strong><\/p>\n","protected":false},"excerpt":{"rendered":"<p>Inschrift: Latein Material: Zamak Farbe: Silber \/ Gold Gr\u00f6\u00dfe: 19 mm Made in Italy Wir versenden die Medaillen gesegnet und gegen freie Spende! Die Medaillen d\u00fcrfen nicht weiterverkauft werden!<a class=\"more-link\" href=\"https:\/\/test4.mi-backup.ch\/de\/shop\/wundertaetige-medaille\/wundertaetige-medaillen-silber\/\">Weiterlesen &rarr;<\/a><\/p>\n","protected":false},"featured_media":29991,"template":"","meta":[],"product_cat":[259],"product_tag":[],"_links":{"self":[{"href":"https:\/\/test4.mi-backup.ch\/de\/wp-json\/wp\/v2\/product\/3796"}],"collection":[{"href":"https:\/\/test4.mi-backup.ch\/de\/wp-json\/wp\/v2\/product"}],"about":[{"href":"https:\/\/test4.mi-backup.ch\/de\/wp-json\/wp\/v2\/types\/product"}],"wp:featuredmedia":[{"embeddable":true,"href":"https:\/\/test4.mi-backup.ch\/de\/wp-json\/wp\/v2\/media\/29991"}],"wp:attachment":[{"href":"https:\/\/test4.mi-backup.ch\/de\/wp-json\/wp\/v2\/media?parent=3796"}],"wp:term":[{"taxonomy":"product_cat","embeddable":true,"href":"https:\/\/test4.mi-backup.ch\/de\/wp-json\/wp\/v2\/product_cat?post=3796"},{"taxonomy":"product_tag","embeddable":true,"href":"https:\/\/test4.mi-backup.ch\/de\/wp-json\/wp\/v2\/product_tag?post=3796"}],"curies":[{"name":"wp","href":"https:\/\/api.w.org\/{rel}","templated":true}]}}