{"id":3798,"date":"2017-03-05T23:21:22","date_gmt":"2017-03-05T22:21:22","guid":{"rendered":"https:\/\/test4.mi-backup.ch\/?post_type=product&#038;p=3798\/"},"modified":"2023-03-01T21:40:45","modified_gmt":"2023-03-01T20:40:45","slug":"apostolatssets","status":"publish","type":"product","link":"https:\/\/test4.mi-backup.ch\/de\/shop\/wundertaetige-medaille\/apostolatssets\/","title":{"rendered":"Apostolatssets"},"content":{"rendered":"<p>Dieses praktische Apostolatsset erm\u00f6glicht es Ihnen unterwegs immer ein paar Medaillen bei sich zu haben. Das verschlie\u00dfbare Kunststoffm\u00e4ppchen enth\u00e4lt jeweils zehn Medaillen und Flugbl\u00e4tter. Die Medaillen sind gesegnet.<\/p>\n","protected":false},"excerpt":{"rendered":"<p>Dieses praktische Apostolatsset erm\u00f6glicht es Ihnen unterwegs immer ein paar Medaillen bei sich zu haben. Das verschlie\u00dfbare Kunststoffm\u00e4ppchen enth\u00e4lt jeweils zehn Medaillen und Flugbl\u00e4tter. Die Medaillen sind gesegnet.<a class=\"more-link\" href=\"https:\/\/test4.mi-backup.ch\/de\/shop\/wundertaetige-medaille\/apostolatssets\/\">Weiterlesen &rarr;<\/a><\/p>\n","protected":false},"featured_media":4604,"template":"","meta":[],"product_cat":[259],"product_tag":[],"_links":{"self":[{"href":"https:\/\/test4.mi-backup.ch\/de\/wp-json\/wp\/v2\/product\/3798"}],"collection":[{"href":"https:\/\/test4.mi-backup.ch\/de\/wp-json\/wp\/v2\/product"}],"about":[{"href":"https:\/\/test4.mi-backup.ch\/de\/wp-json\/wp\/v2\/types\/product"}],"wp:featuredmedia":[{"embeddable":true,"href":"https:\/\/test4.mi-backup.ch\/de\/wp-json\/wp\/v2\/media\/4604"}],"wp:attachment":[{"href":"https:\/\/test4.mi-backup.ch\/de\/wp-json\/wp\/v2\/media?parent=3798"}],"wp:term":[{"taxonomy":"product_cat","embeddable":true,"href":"https:\/\/test4.mi-backup.ch\/de\/wp-json\/wp\/v2\/product_cat?post=3798"},{"taxonomy":"product_tag","embeddable":true,"href":"https:\/\/test4.mi-backup.ch\/de\/wp-json\/wp\/v2\/product_tag?post=3798"}],"curies":[{"name":"wp","href":"https:\/\/api.w.org\/{rel}","templated":true}]}}