{"id":3800,"date":"2017-03-05T23:22:54","date_gmt":"2017-03-05T22:22:54","guid":{"rendered":"https:\/\/test4.mi-backup.ch\/?post_type=product&#038;p=3800\/"},"modified":"2017-05-09T20:07:29","modified_gmt":"2017-05-09T18:07:29","slug":"prospektspender-mit-medaillendose-fuer-schriftenstaende","status":"publish","type":"product","link":"https:\/\/test4.mi-backup.ch\/de\/shop\/mi-intern\/prospektspender-mit-medaillendose-fuer-schriftenstaende\/","title":{"rendered":"Flyerst\u00e4nder mit Medaillendose"},"content":{"rendered":"<p>Um die Gl\u00e4ubigen f\u00fcr das Apostolat mit der Wundert\u00e4tigen Medaille zu animieren, setzt sich die MI daf\u00fcr ein, dass in m\u00f6glichst vielen Kapellen\/Kirchen Medaillen gegen freie Spende angeboten werden.<\/p>\n<p>Um den Verantwortlichen vor Ort die Arbeit zu erleichtern, bieten wir ein Set f\u00fcr die Schriftenst\u00e4nde an, bestehend aus:<\/p>\n<ul>\n<li>Einem Prospektspender, welcher ca. 120 Flyer zur Medaille fasst. Dieser ist bereits mit einem Aufkleber versehen, der die n\u00f6tigen Informationen enth\u00e4lt.<\/li>\n<li>Einer transparenten Acryldose, welche die Medaillen auf ansprechende Weise zeigt (<strong>ohne Inhalt<\/strong>).<\/li>\n<\/ul>\n","protected":false},"excerpt":{"rendered":"<p>Um die Gl\u00e4ubigen f\u00fcr das Apostolat mit der Wundert\u00e4tigen Medaille zu animieren, setzt sich die MI daf\u00fcr ein, dass in m\u00f6glichst vielen Kapellen\/Kirchen Medaillen gegen freie Spende angeboten werden. Um den Verantwortlichen vor Ort die Arbeit zu erleichtern, bieten wir ein Set f\u00fcr die Schriftenst\u00e4nde an, bestehend aus: Einem Prospektspender,<a class=\"more-link\" href=\"https:\/\/test4.mi-backup.ch\/de\/shop\/mi-intern\/prospektspender-mit-medaillendose-fuer-schriftenstaende\/\">Weiterlesen &rarr;<\/a><\/p>\n","protected":false},"featured_media":4553,"template":"","meta":[],"product_cat":[266],"product_tag":[],"_links":{"self":[{"href":"https:\/\/test4.mi-backup.ch\/de\/wp-json\/wp\/v2\/product\/3800"}],"collection":[{"href":"https:\/\/test4.mi-backup.ch\/de\/wp-json\/wp\/v2\/product"}],"about":[{"href":"https:\/\/test4.mi-backup.ch\/de\/wp-json\/wp\/v2\/types\/product"}],"wp:featuredmedia":[{"embeddable":true,"href":"https:\/\/test4.mi-backup.ch\/de\/wp-json\/wp\/v2\/media\/4553"}],"wp:attachment":[{"href":"https:\/\/test4.mi-backup.ch\/de\/wp-json\/wp\/v2\/media?parent=3800"}],"wp:term":[{"taxonomy":"product_cat","embeddable":true,"href":"https:\/\/test4.mi-backup.ch\/de\/wp-json\/wp\/v2\/product_cat?post=3800"},{"taxonomy":"product_tag","embeddable":true,"href":"https:\/\/test4.mi-backup.ch\/de\/wp-json\/wp\/v2\/product_tag?post=3800"}],"curies":[{"name":"wp","href":"https:\/\/api.w.org\/{rel}","templated":true}]}}