{"id":3802,"date":"2017-03-05T23:24:12","date_gmt":"2017-03-05T22:24:12","guid":{"rendered":"https:\/\/test4.mi-backup.ch\/?post_type=product&#038;p=3802\/"},"modified":"2017-05-09T20:07:06","modified_gmt":"2017-05-09T18:07:06","slug":"flyertrog-fuer-schriftenstaende","status":"publish","type":"product","link":"https:\/\/test4.mi-backup.ch\/de\/shop\/mi-intern\/flyertrog-fuer-schriftenstaende\/","title":{"rendered":"Flyertrog f\u00fcr Schriftenst\u00e4nde"},"content":{"rendered":"<p>\u2013 Robuster Trog aus hochwertigem Kunststoff mit Gummif\u00fc\u00dfen und sieben St\u00fctzplatten<br \/>\n\u2013 bef\u00fcllt mit Faltbl\u00e4ttern zur Wundert\u00e4tigen Medaille in 14 Sprachen<br \/>\n\u2013 inkl. Beschriftung aller Sprachen<br \/>\n\u2013 Inhalt ca. 700 Flyer<br \/>\n\u2013 Au\u00dfenma\u00dfe (B x T x H): 171 x 346 x 76 mm<\/p>\n<p><strong>\u00a0inkl. Inhalt<\/strong><\/p>\n","protected":false},"excerpt":{"rendered":"<p>\u2013 Robuster Trog aus hochwertigem Kunststoff mit Gummif\u00fc\u00dfen und sieben St\u00fctzplatten \u2013 bef\u00fcllt mit Faltbl\u00e4ttern zur Wundert\u00e4tigen Medaille in 14 Sprachen \u2013 inkl. Beschriftung aller Sprachen \u2013 Inhalt ca. 700 Flyer \u2013 Au\u00dfenma\u00dfe (B x T x H): 171 x 346 x 76 mm \u00a0inkl. Inhalt<a class=\"more-link\" href=\"https:\/\/test4.mi-backup.ch\/de\/shop\/mi-intern\/flyertrog-fuer-schriftenstaende\/\">Weiterlesen &rarr;<\/a><\/p>\n","protected":false},"featured_media":4533,"template":"","meta":[],"product_cat":[266],"product_tag":[],"_links":{"self":[{"href":"https:\/\/test4.mi-backup.ch\/de\/wp-json\/wp\/v2\/product\/3802"}],"collection":[{"href":"https:\/\/test4.mi-backup.ch\/de\/wp-json\/wp\/v2\/product"}],"about":[{"href":"https:\/\/test4.mi-backup.ch\/de\/wp-json\/wp\/v2\/types\/product"}],"wp:featuredmedia":[{"embeddable":true,"href":"https:\/\/test4.mi-backup.ch\/de\/wp-json\/wp\/v2\/media\/4533"}],"wp:attachment":[{"href":"https:\/\/test4.mi-backup.ch\/de\/wp-json\/wp\/v2\/media?parent=3802"}],"wp:term":[{"taxonomy":"product_cat","embeddable":true,"href":"https:\/\/test4.mi-backup.ch\/de\/wp-json\/wp\/v2\/product_cat?post=3802"},{"taxonomy":"product_tag","embeddable":true,"href":"https:\/\/test4.mi-backup.ch\/de\/wp-json\/wp\/v2\/product_tag?post=3802"}],"curies":[{"name":"wp","href":"https:\/\/api.w.org\/{rel}","templated":true}]}}