{"id":3804,"date":"2017-03-05T23:25:16","date_gmt":"2017-03-05T22:25:16","guid":{"rendered":"https:\/\/test4.mi-backup.ch\/?post_type=product&#038;p=3804\/"},"modified":"2020-07-06T14:16:42","modified_gmt":"2020-07-06T12:16:42","slug":"skapulierflyer","status":"publish","type":"product","link":"https:\/\/test4.mi-backup.ch\/de\/shop\/flyer\/skapulierflyer\/","title":{"rendered":"Skapulierflyer"},"content":{"rendered":"<p>Dieses Faltblatt stellt das Skapulier vor: seinen Ursprung, die himmlischen Verhei\u00dfungen und die Bedingungen welche an dieselben gekn\u00fcpft sind. Auch andere Fragen werden darin beantwortet:<\/p>\n<ul>\n<li>Ist die Skapuliermedaille ein ebenb\u00fcrtiger Ersatz f\u00fcr das Skapulier?<\/li>\n<li>Was haben die Erscheinungen Mariens in Fatima mit dem Skapulier zu tun?<\/li>\n<\/ul>\n<p><a href=\"https:\/\/test4.mi-backup.ch\/wp-content\/uploads\/2017\/03\/Skapulierflyer-05.pdf\" target=\"_blank\" rel=\"noopener noreferrer\" class=\"broken_link\">Hier finden Sie den Flyer als PDF.<\/a><br \/>\n<a href=\"https:\/\/test4.mi-backup.ch\/de\/shop\/skapulier\/skapulierset\/\">Hier finden Sie das Skapulierset<\/a> (bestehend aus einem Skapulier und Flyer).<\/p>\n","protected":false},"excerpt":{"rendered":"<p>Dieses Faltblatt stellt das Skapulier vor: seinen Ursprung, die himmlischen Verhei\u00dfungen und die Bedingungen welche an dieselben gekn\u00fcpft sind. Auch andere Fragen werden darin beantwortet: Ist die Skapuliermedaille ein ebenb\u00fcrtiger Ersatz f\u00fcr das Skapulier? Was haben die Erscheinungen Mariens in Fatima mit dem Skapulier zu tun? Hier finden Sie den<a class=\"more-link\" href=\"https:\/\/test4.mi-backup.ch\/de\/shop\/flyer\/skapulierflyer\/\">Weiterlesen &rarr;<\/a><\/p>\n","protected":false},"featured_media":4605,"template":"","meta":[],"product_cat":[236,261],"product_tag":[],"_links":{"self":[{"href":"https:\/\/test4.mi-backup.ch\/de\/wp-json\/wp\/v2\/product\/3804"}],"collection":[{"href":"https:\/\/test4.mi-backup.ch\/de\/wp-json\/wp\/v2\/product"}],"about":[{"href":"https:\/\/test4.mi-backup.ch\/de\/wp-json\/wp\/v2\/types\/product"}],"wp:featuredmedia":[{"embeddable":true,"href":"https:\/\/test4.mi-backup.ch\/de\/wp-json\/wp\/v2\/media\/4605"}],"wp:attachment":[{"href":"https:\/\/test4.mi-backup.ch\/de\/wp-json\/wp\/v2\/media?parent=3804"}],"wp:term":[{"taxonomy":"product_cat","embeddable":true,"href":"https:\/\/test4.mi-backup.ch\/de\/wp-json\/wp\/v2\/product_cat?post=3804"},{"taxonomy":"product_tag","embeddable":true,"href":"https:\/\/test4.mi-backup.ch\/de\/wp-json\/wp\/v2\/product_tag?post=3804"}],"curies":[{"name":"wp","href":"https:\/\/api.w.org\/{rel}","templated":true}]}}