{"id":3812,"date":"2017-03-05T23:34:54","date_gmt":"2017-03-05T22:34:54","guid":{"rendered":"https:\/\/test4.mi-backup.ch\/?post_type=product&#038;p=3812\/"},"modified":"2023-05-15T02:56:59","modified_gmt":"2023-05-15T00:56:59","slug":"rosenkraenze","status":"publish","type":"product","link":"https:\/\/test4.mi-backup.ch\/de\/shop\/rosenkranz\/rosenkraenze\/","title":{"rendered":"Ritter-Rosenkranz"},"content":{"rendered":"<p><span style=\"color: #ff0000;\"><strong>Aktueller Hinweis von Mai 2023: Aufgrund Nachlieferverz\u00f6gerungen ist dieser Artikel aktuell nicht bestellbar. Bitte schauen Sie im Juni wieder vorbei.<\/strong><\/span><\/p>\n<hr \/>\n<p>Dieser Rosenkranz ist eine Spezialanfertigung f\u00fcr die MI. Die sehr robusten Rosenkr\u00e4nze werden in Italien handgefertigt. Folgende Eigenschaften machen sie einmalig:<\/p>\n<ul>\n<li>Perlen aus wertvollen H\u00f6lzern: Braun = Olivenholz; Schwarz = Ebenholz.<\/li>\n<li>rei\u00dffeste Paracord-Schnur mit sch\u00f6nen Knoten<\/li>\n<li>ausdruckstarkes Kreuz, aus einem Guss gemacht, mit Benediktus-Medaille<\/li>\n<li>Herzst\u00fcck mit der Wundert\u00e4tigen Medaille der MI<\/li>\n<\/ul>\n<p>Die Rosenkr\u00e4nze werden in einem robusten Leinenbeutel mit aufgedruckten MI-Emblem geliefert, in welchem auch unsere Rosenkranzbrosch\u00fcren Platz haben.<\/p>\n<p>Die Rosenkr\u00e4nze sind mehrfach gesegnet: Nebst dem Segen des Rosenkranzes, ist der besondere Segen der Benediktus-Medaille darauf und \u00a0der Segen der Wundert\u00e4tigen Medaille.<\/p>\n<p>Die Segnung der Benediktus-Medaille enth\u00e4lt einen Exorzismus, welcher auch in der Pr\u00e4gung der Medaille seinen Ausdruck findet (es ist jeweils der erste Buchstabe jedes Wortes auf der Medaille eingepr\u00e4gt):<\/p>\n<p><strong>V<\/strong>ADE <strong>R<\/strong>ETRO, <strong>S<\/strong>ATANA; <strong>N<\/strong>UNQUAM <strong>S<\/strong>UADE <strong>M<\/strong>IHI <strong>V<\/strong>ANA; <strong>S<\/strong>UNT <strong>M<\/strong>ALA <strong>Q<\/strong>UAE <strong>L<\/strong>IBAS; <strong>I<\/strong>PSE <strong>V<\/strong>ENENA <strong>B<\/strong>IBASI<\/p>\n<p>Auf Deutsch lautet dies: Weiche zur\u00fcck, Satan! Nie sollst du mich zu eitlen Dingen verlocken. Du schenkst \u00dcbel ein. Trinke selbst das Gift!<\/p>\n<p><strong>Hinweis:<\/strong> Die Rosenkranzbrosch\u00fcre auf den Bildern ist <strong>nicht im Lieferumfang enthalten<\/strong> und kann bei Bedarf separat dazu bestellt werden. Links: <a href=\"https:\/\/test4.mi-backup.ch\/de\/shop\/flyer\/rosenkranzbroschuere\/\">Rosenkranzbrosch\u00fcre<\/a> bzw. <a href=\"https:\/\/test4.mi-backup.ch\/de\/shop\/flyer\/rosenkranzbroschuere-maenner\/\">M\u00e4nner-Rosenkranzbrosch\u00fcre<\/a><\/p>\n<p><strong>Ausf\u00fchrung \u201eBraun\u201c<br \/>\n<\/strong>Olivenholzperlen, lackiert, 10 mm<br \/>\nL\u00e4nge: 48 cm<br \/>\nBenediktus-Kreuz: 8 cm, silberfarben<\/p>\n<p><strong>Ausf\u00fchrung \u201eSchwarz\u201c<br \/>\n<\/strong>Ebenholzperlen, schwarz lackiert, 10 mm<br \/>\nL\u00e4nge: 48 cm<br \/>\nBenediktus-Kreuz: 8 cm, silberfarben<\/p>\n<p>Made in Italy.<\/p>\n","protected":false},"excerpt":{"rendered":"<p>Aktueller Hinweis von Mai 2023: Aufgrund Nachlieferverz\u00f6gerungen ist dieser Artikel aktuell nicht bestellbar. Bitte schauen Sie im Juni wieder vorbei. Dieser Rosenkranz ist eine Spezialanfertigung f\u00fcr die MI. Die sehr robusten Rosenkr\u00e4nze werden in Italien handgefertigt. Folgende Eigenschaften machen sie einmalig: Perlen aus wertvollen H\u00f6lzern: Braun = Olivenholz; Schwarz =<a class=\"more-link\" href=\"https:\/\/test4.mi-backup.ch\/de\/shop\/rosenkranz\/rosenkraenze\/\">Weiterlesen &rarr;<\/a><\/p>\n","protected":false},"featured_media":49002,"template":"","meta":[],"product_cat":[260],"product_tag":[],"_links":{"self":[{"href":"https:\/\/test4.mi-backup.ch\/de\/wp-json\/wp\/v2\/product\/3812"}],"collection":[{"href":"https:\/\/test4.mi-backup.ch\/de\/wp-json\/wp\/v2\/product"}],"about":[{"href":"https:\/\/test4.mi-backup.ch\/de\/wp-json\/wp\/v2\/types\/product"}],"wp:featuredmedia":[{"embeddable":true,"href":"https:\/\/test4.mi-backup.ch\/de\/wp-json\/wp\/v2\/media\/49002"}],"wp:attachment":[{"href":"https:\/\/test4.mi-backup.ch\/de\/wp-json\/wp\/v2\/media?parent=3812"}],"wp:term":[{"taxonomy":"product_cat","embeddable":true,"href":"https:\/\/test4.mi-backup.ch\/de\/wp-json\/wp\/v2\/product_cat?post=3812"},{"taxonomy":"product_tag","embeddable":true,"href":"https:\/\/test4.mi-backup.ch\/de\/wp-json\/wp\/v2\/product_tag?post=3812"}],"curies":[{"name":"wp","href":"https:\/\/api.w.org\/{rel}","templated":true}]}}