{"id":38196,"date":"2021-06-27T21:29:29","date_gmt":"2021-06-27T19:29:29","guid":{"rendered":"https:\/\/test4.mi-backup.ch\/?post_type=product&#038;p=38196"},"modified":"2021-06-29T13:22:12","modified_gmt":"2021-06-29T11:22:12","slug":"skapulierbroschuere","status":"publish","type":"product","link":"https:\/\/test4.mi-backup.ch\/de\/shop\/flyer\/skapulierbroschuere\/","title":{"rendered":"Skapulierbrosch\u00fcre"},"content":{"rendered":"<p>Das Braune Skapulier \u2013 der Schutzmantel der Himmelsmutter<\/p>\n<p><em>\u201eDie allerseligste Jungfrau verspricht den Tr\u00e4gern des Skapuliers die Erlangung des ewigen Lebens. Das ist die wichtigste Gnade \u00fcberhaupt.\u201c (Papst Pius XII.)<\/em><\/p>\n<p>Diese Brosch\u00fcre erkl\u00e4rt den Ursprung und die Bedeutung des Braunen Skapuliers vom Berge Karmel.<\/p>\n<p>In kurzer Form wird die Geschichte des Skapuliers, welches mit dem Karmelitenorden verbunden ist, erl\u00e4utert und ein Bezug zum Propheten Elias hergestellt. Es folgt die detaillierte Erkl\u00e4rung aller Fragen, welche zu diesem Sakramentale aufkommen: Wie empf\u00e4ngt man es, wie kann man sicherstellen, dass man die Verhei\u00dfung empf\u00e4ngt, was ist das Sabbatinische Privileg, wo erhalte ich ein Skapulier etc. Zudem wird der Glaube durch die Schilderung div. Wunder, welche durch das Skapulier geschahen, gest\u00e4rkt.<\/p>\n<p>Diese Brosch\u00fcre hilft uns, das Skapulier besser kennen- und sch\u00e4tzen zu lernen.<\/p>\n<p>Verbreiten Sie diese Brosch\u00fcre in Ihrem Umfeld, damit m\u00f6glichst viele Seelen von Mariens besonderem Schutz profitieren k\u00f6nnen!<\/p>\n<p><a href=\"https:\/\/test4.mi-backup.ch\/wp-content\/uploads\/2021\/06\/SKB_2021_Druck.pdf\" target=\"_blank\" rel=\"noopener\" class=\"broken_link\">Brosch\u00fcre, 40 Seiten, Format DIN A6<\/a><\/p>\n<p>Weitere Informationen \u00fcber das Skapulier auch auf unserer separaten Webseite <a href=\"https:\/\/skapulier.info\" target=\"_blank\" rel=\"noopener\">https:\/\/skapulier.info<\/a><\/p>\n","protected":false},"excerpt":{"rendered":"<p>Das Braune Skapulier \u2013 der Schutzmantel der Himmelsmutter \u201eDie allerseligste Jungfrau verspricht den Tr\u00e4gern des Skapuliers die Erlangung des ewigen Lebens. Das ist die wichtigste Gnade \u00fcberhaupt.\u201c (Papst Pius XII.) Diese Brosch\u00fcre erkl\u00e4rt den Ursprung und die Bedeutung des Braunen Skapuliers vom Berge Karmel. In kurzer Form wird die Geschichte<a class=\"more-link\" href=\"https:\/\/test4.mi-backup.ch\/de\/shop\/flyer\/skapulierbroschuere\/\">Weiterlesen &rarr;<\/a><\/p>\n","protected":false},"featured_media":38237,"template":"","meta":[],"product_cat":[236,261],"product_tag":[],"_links":{"self":[{"href":"https:\/\/test4.mi-backup.ch\/de\/wp-json\/wp\/v2\/product\/38196"}],"collection":[{"href":"https:\/\/test4.mi-backup.ch\/de\/wp-json\/wp\/v2\/product"}],"about":[{"href":"https:\/\/test4.mi-backup.ch\/de\/wp-json\/wp\/v2\/types\/product"}],"wp:featuredmedia":[{"embeddable":true,"href":"https:\/\/test4.mi-backup.ch\/de\/wp-json\/wp\/v2\/media\/38237"}],"wp:attachment":[{"href":"https:\/\/test4.mi-backup.ch\/de\/wp-json\/wp\/v2\/media?parent=38196"}],"wp:term":[{"taxonomy":"product_cat","embeddable":true,"href":"https:\/\/test4.mi-backup.ch\/de\/wp-json\/wp\/v2\/product_cat?post=38196"},{"taxonomy":"product_tag","embeddable":true,"href":"https:\/\/test4.mi-backup.ch\/de\/wp-json\/wp\/v2\/product_tag?post=38196"}],"curies":[{"name":"wp","href":"https:\/\/api.w.org\/{rel}","templated":true}]}}