{"id":40153,"date":"2021-09-29T22:07:38","date_gmt":"2021-09-29T20:07:38","guid":{"rendered":"https:\/\/test4.mi-backup.ch\/?post_type=product&#038;p=40153"},"modified":"2021-09-29T22:07:38","modified_gmt":"2021-09-29T20:07:38","slug":"broschuere-rosenkranzprozession","status":"publish","type":"product","link":"https:\/\/test4.mi-backup.ch\/de\/shop\/flyer\/broschuere-rosenkranzprozession\/","title":{"rendered":"Brosch\u00fcre Rosenkranzprozession"},"content":{"rendered":"<p>Diese Brosch\u00fcre wurde als Begleitheft f\u00fcr div. Rosenkranzprozessionen erstellt, wie sie an den Fatimatagen oder bei besonderen Anl\u00e4ssen durchgef\u00fchrt werden. Dank der Brosch\u00fcre kann bei einer Prozession auf ein Gesangsbuch verzichtet und auch bei \u00f6ffentlichen Prozessionen allen Teilnehmern eine Brosch\u00fcre an die Hand gegeben werden.<\/p>\n<p>DIN A5, 12 Seiten<\/p>\n<p><a href=\"https:\/\/test4.mi-backup.ch\/wp-content\/uploads\/2021\/09\/RSK_Prozession_D_final.pdf\" class=\"broken_link\">Hier k\u00f6nnen Sie die Brosch\u00fcre als PDF ansehen.<\/a><\/p>\n","protected":false},"excerpt":{"rendered":"<p>Diese Brosch\u00fcre wurde als Begleitheft f\u00fcr div. Rosenkranzprozessionen erstellt, wie sie an den Fatimatagen oder bei besonderen Anl\u00e4ssen durchgef\u00fchrt werden. Dank der Brosch\u00fcre kann bei einer Prozession auf ein Gesangsbuch verzichtet und auch bei \u00f6ffentlichen Prozessionen allen Teilnehmern eine Brosch\u00fcre an die Hand gegeben werden. DIN A5, 12 Seiten Hier<a class=\"more-link\" href=\"https:\/\/test4.mi-backup.ch\/de\/shop\/flyer\/broschuere-rosenkranzprozession\/\">Weiterlesen &rarr;<\/a><\/p>\n","protected":false},"featured_media":40162,"template":"","meta":[],"product_cat":[236,260],"product_tag":[],"_links":{"self":[{"href":"https:\/\/test4.mi-backup.ch\/de\/wp-json\/wp\/v2\/product\/40153"}],"collection":[{"href":"https:\/\/test4.mi-backup.ch\/de\/wp-json\/wp\/v2\/product"}],"about":[{"href":"https:\/\/test4.mi-backup.ch\/de\/wp-json\/wp\/v2\/types\/product"}],"wp:featuredmedia":[{"embeddable":true,"href":"https:\/\/test4.mi-backup.ch\/de\/wp-json\/wp\/v2\/media\/40162"}],"wp:attachment":[{"href":"https:\/\/test4.mi-backup.ch\/de\/wp-json\/wp\/v2\/media?parent=40153"}],"wp:term":[{"taxonomy":"product_cat","embeddable":true,"href":"https:\/\/test4.mi-backup.ch\/de\/wp-json\/wp\/v2\/product_cat?post=40153"},{"taxonomy":"product_tag","embeddable":true,"href":"https:\/\/test4.mi-backup.ch\/de\/wp-json\/wp\/v2\/product_tag?post=40153"}],"curies":[{"name":"wp","href":"https:\/\/api.w.org\/{rel}","templated":true}]}}