{"id":4601,"date":"2017-03-31T12:02:58","date_gmt":"2017-03-31T10:02:58","guid":{"rendered":"https:\/\/test4.mi-backup.ch\/?post_type=product&#038;p=4601\/"},"modified":"2023-03-01T12:17:28","modified_gmt":"2023-03-01T11:17:28","slug":"maria-und-die-kirche","status":"publish","type":"product","link":"https:\/\/test4.mi-backup.ch\/de\/shop\/buecher\/maria-und-die-kirche\/","title":{"rendered":"Maria und die Kirche"},"content":{"rendered":"<p>Ad fontes \u2013 zu den Quellen! Dahin f\u00fchrt uns der Autor dieses Buches. Anhand vieler tiefsinniger Texte aus der Zeit der Kirchenv\u00e4ter werden wir in die Welt der urchristlichen Marienverehrung eingef\u00fchrt. Gleichzeitig wird der enge Zusammenhang der Mariologie mit der Lehre \u00fcber die hl. Kirche aufgezeigt und f\u00fcr die Spiritualit\u00e4t fruchtbar gemacht. Somit bietet dieses Werk nicht nur eine fundierte theologische Abhandlung \u00fcber die wesentlichen Wahrheiten der marianischen Glaubenss\u00e4tze, sondern wertet diese auch f\u00fcr das pers\u00f6nliche geistliche Leben aus.<\/p>\n<p><strong>Maria und die Kirche &#8211; <\/strong>Zehn Kapitel \u00fcber das geistliche Leben<br \/>\nvon Hugo Rahner<br \/>\nHardcover<br \/>\n110 Seiten<br \/>\nbebildert (s\/w)<br \/>\nISBN 978-3-9524562-2-4<\/p>\n<p>Das Produkt ist beim <a href=\"https:\/\/www.sarto.de\/maria-und-die-kirche\" target=\"_blank\" rel=\"noopener noreferrer\">Sarto-Verlag<\/a> erh\u00e4ltlich.<\/p>\n<p>&nbsp;<\/p>\n<p>Urspr\u00fcnglicher Herausgeber: Alverna-Verlag<\/p>\n","protected":false},"excerpt":{"rendered":"<p>Ad fontes \u2013 zu den Quellen! Dahin f\u00fchrt uns der Autor dieses Buches. Anhand vieler tiefsinniger Texte aus der Zeit der Kirchenv\u00e4ter werden wir in die Welt der urchristlichen Marienverehrung eingef\u00fchrt. Gleichzeitig wird der enge Zusammenhang der Mariologie mit der Lehre \u00fcber die hl. Kirche aufgezeigt und f\u00fcr die Spiritualit\u00e4t<a class=\"more-link\" href=\"https:\/\/test4.mi-backup.ch\/de\/shop\/buecher\/maria-und-die-kirche\/\">Weiterlesen &rarr;<\/a><\/p>\n","protected":false},"featured_media":4603,"template":"","meta":[],"product_cat":[238],"product_tag":[],"_links":{"self":[{"href":"https:\/\/test4.mi-backup.ch\/de\/wp-json\/wp\/v2\/product\/4601"}],"collection":[{"href":"https:\/\/test4.mi-backup.ch\/de\/wp-json\/wp\/v2\/product"}],"about":[{"href":"https:\/\/test4.mi-backup.ch\/de\/wp-json\/wp\/v2\/types\/product"}],"wp:featuredmedia":[{"embeddable":true,"href":"https:\/\/test4.mi-backup.ch\/de\/wp-json\/wp\/v2\/media\/4603"}],"wp:attachment":[{"href":"https:\/\/test4.mi-backup.ch\/de\/wp-json\/wp\/v2\/media?parent=4601"}],"wp:term":[{"taxonomy":"product_cat","embeddable":true,"href":"https:\/\/test4.mi-backup.ch\/de\/wp-json\/wp\/v2\/product_cat?post=4601"},{"taxonomy":"product_tag","embeddable":true,"href":"https:\/\/test4.mi-backup.ch\/de\/wp-json\/wp\/v2\/product_tag?post=4601"}],"curies":[{"name":"wp","href":"https:\/\/api.w.org\/{rel}","templated":true}]}}