{"id":4665,"date":"2017-04-02T21:24:20","date_gmt":"2017-04-02T19:24:20","guid":{"rendered":"https:\/\/test4.mi-backup.ch\/?post_type=product&#038;p=4665\/"},"modified":"2023-01-24T21:53:58","modified_gmt":"2023-01-24T20:53:58","slug":"die-wunderbare-medaille-der-unbefleckten","status":"publish","type":"product","link":"https:\/\/test4.mi-backup.ch\/de\/shop\/buecher\/die-wunderbare-medaille-der-unbefleckten\/","title":{"rendered":"Buch zur Wunderbaren Medaille"},"content":{"rendered":"<p>Der Autor, Pater A. Cottier, stellt uns hier eine kurze, aber vollst\u00e4ndige Geschichte des Lebens der heiligen Catherine Labour\u00e9 und der Verehrung der Wundert\u00e4tigen Medaille vor.<\/p>\n<p>Diese Verehrung ist 1830 in der Rue du Bac in Paris entstanden, als die Jungfrau Maria der heiligen Catherine Labour\u00e9 erschienen ist und ihr Folgendes gesagt hat: \u00abLass nach diesem Bild eine Medaille pr\u00e4gen! Alle, die sie tragen, werden gro\u00dfe Gnaden erlangen. \u00dcberreich werden die Gnaden f\u00fcr jene sein, die sie mit Vertrauen tragen.\u00bb<\/p>\n<p>Diese Verehrung hat sich sehr schnell auf der ganzen Welt verbreitet, es gab Gnaden in F\u00fclle. Wenn wir unser Vertrauen auf die Jungfrau Maria setzen und sie bitten, bei ihrem Sohn f\u00fcr uns F\u00fcrbitte zu halten, k\u00f6nnen wir sicher sein, dass Gott uns auch heute noch gro\u00dfe Gnaden zuteilwerden l\u00e4sst. Der Autor bietet uns am Ende eine Novene zu Unserer Lieben Frau von der Wundert\u00e4tigen Medaille an, die uns zusammen mit dem Tragen der Medaille erlaubt, unser Gebet zu Gott aufsteigen zu lassen.<\/p>\n<p><a href=\"https:\/\/www.sarto.de\/product_info.php?info=p4343_Die-Wunderbare-Medaille-der-Unbefleckten.html\" target=\"_blank\" rel=\"noopener\">Erh\u00e4ltlich bei Sarto<\/a><\/p>\n","protected":false},"excerpt":{"rendered":"<p>Der Autor, Pater A. Cottier, stellt uns hier eine kurze, aber vollst\u00e4ndige Geschichte des Lebens der heiligen Catherine Labour\u00e9 und der Verehrung der Wundert\u00e4tigen Medaille vor. Diese Verehrung ist 1830 in der Rue du Bac in Paris entstanden, als die Jungfrau Maria der heiligen Catherine Labour\u00e9 erschienen ist und ihr<a class=\"more-link\" href=\"https:\/\/test4.mi-backup.ch\/de\/shop\/buecher\/die-wunderbare-medaille-der-unbefleckten\/\">Weiterlesen &rarr;<\/a><\/p>\n","protected":false},"featured_media":4666,"template":"","meta":[],"product_cat":[238,259],"product_tag":[],"_links":{"self":[{"href":"https:\/\/test4.mi-backup.ch\/de\/wp-json\/wp\/v2\/product\/4665"}],"collection":[{"href":"https:\/\/test4.mi-backup.ch\/de\/wp-json\/wp\/v2\/product"}],"about":[{"href":"https:\/\/test4.mi-backup.ch\/de\/wp-json\/wp\/v2\/types\/product"}],"wp:featuredmedia":[{"embeddable":true,"href":"https:\/\/test4.mi-backup.ch\/de\/wp-json\/wp\/v2\/media\/4666"}],"wp:attachment":[{"href":"https:\/\/test4.mi-backup.ch\/de\/wp-json\/wp\/v2\/media?parent=4665"}],"wp:term":[{"taxonomy":"product_cat","embeddable":true,"href":"https:\/\/test4.mi-backup.ch\/de\/wp-json\/wp\/v2\/product_cat?post=4665"},{"taxonomy":"product_tag","embeddable":true,"href":"https:\/\/test4.mi-backup.ch\/de\/wp-json\/wp\/v2\/product_tag?post=4665"}],"curies":[{"name":"wp","href":"https:\/\/api.w.org\/{rel}","templated":true}]}}