{"id":4713,"date":"2017-04-06T21:23:46","date_gmt":"2017-04-06T19:23:46","guid":{"rendered":"https:\/\/test4.mi-backup.ch\/?post_type=product&#038;p=4713\/"},"modified":"2017-04-06T21:23:46","modified_gmt":"2017-04-06T19:23:46","slug":"maria","status":"publish","type":"product","link":"https:\/\/test4.mi-backup.ch\/de\/shop\/buecher\/maria\/","title":{"rendered":"Maria"},"content":{"rendered":"<p><em>Robert M\u00e4der<\/em><\/p>\n<p>Um zur &#8220;Totalit\u00e4t in Gott, durch Gott und f\u00fcr Gott&#8221; zu gelangen, betonte Pfarrer M\u00e4der das K\u00f6nigtum Mariens.<\/p>\n<p>125 Seiten<\/p>\n<p>Brosch\u00fcre<\/p>\n","protected":false},"excerpt":{"rendered":"<p>Robert M\u00e4der Um zur &#8220;Totalit\u00e4t in Gott, durch Gott und f\u00fcr Gott&#8221; zu gelangen, betonte Pfarrer M\u00e4der das K\u00f6nigtum Mariens. 125 Seiten Brosch\u00fcre<a class=\"more-link\" href=\"https:\/\/test4.mi-backup.ch\/de\/shop\/buecher\/maria\/\">Weiterlesen &rarr;<\/a><\/p>\n","protected":false},"featured_media":4697,"template":"","meta":[],"product_cat":[238],"product_tag":[],"_links":{"self":[{"href":"https:\/\/test4.mi-backup.ch\/de\/wp-json\/wp\/v2\/product\/4713"}],"collection":[{"href":"https:\/\/test4.mi-backup.ch\/de\/wp-json\/wp\/v2\/product"}],"about":[{"href":"https:\/\/test4.mi-backup.ch\/de\/wp-json\/wp\/v2\/types\/product"}],"wp:featuredmedia":[{"embeddable":true,"href":"https:\/\/test4.mi-backup.ch\/de\/wp-json\/wp\/v2\/media\/4697"}],"wp:attachment":[{"href":"https:\/\/test4.mi-backup.ch\/de\/wp-json\/wp\/v2\/media?parent=4713"}],"wp:term":[{"taxonomy":"product_cat","embeddable":true,"href":"https:\/\/test4.mi-backup.ch\/de\/wp-json\/wp\/v2\/product_cat?post=4713"},{"taxonomy":"product_tag","embeddable":true,"href":"https:\/\/test4.mi-backup.ch\/de\/wp-json\/wp\/v2\/product_tag?post=4713"}],"curies":[{"name":"wp","href":"https:\/\/api.w.org\/{rel}","templated":true}]}}