{"id":4718,"date":"2017-04-06T21:36:15","date_gmt":"2017-04-06T19:36:15","guid":{"rendered":"https:\/\/test4.mi-backup.ch\/?post_type=product&#038;p=4718\/"},"modified":"2022-02-21T23:23:46","modified_gmt":"2022-02-21T22:23:46","slug":"siegeszug-der-wunderbaren-medaille","status":"publish","type":"product","link":"https:\/\/test4.mi-backup.ch\/de\/shop\/buecher\/siegeszug-der-wunderbaren-medaille\/","title":{"rendered":"Siegeszug der Medaille"},"content":{"rendered":"<h3>Siegeszug der Wunderbaren Medaille<\/h3>\n<p><em>Werner Durrer<\/em><\/p>\n<p>Ein ausf\u00fchrlicher Bericht \u00fcber die Entstehung der Wunderbaren Medaille infolge der Marienerscheinungen in Paris im Jahre 1830 und deren Siegeszug \u00fcber die ganze Welt. Aufsehenerregende Zeichen und Wunder, wie z.B. Heilungen und Bekehrungen, werden beschrieben. Die Bekehrung des Juden Alfons von Ratisbonne und mehrere Wunder in unseren Tagen sprechen f\u00fcr sich.<\/p>\n<p>160 Seiten, broschiert<\/p>\n","protected":false},"excerpt":{"rendered":"<p>Siegeszug der Wunderbaren Medaille Werner Durrer Ein ausf\u00fchrlicher Bericht \u00fcber die Entstehung der Wunderbaren Medaille infolge der Marienerscheinungen in Paris im Jahre 1830 und deren Siegeszug \u00fcber die ganze Welt. Aufsehenerregende Zeichen und Wunder, wie z.B. Heilungen und Bekehrungen, werden beschrieben. Die Bekehrung des Juden Alfons von Ratisbonne und mehrere<a class=\"more-link\" href=\"https:\/\/test4.mi-backup.ch\/de\/shop\/buecher\/siegeszug-der-wunderbaren-medaille\/\">Weiterlesen &rarr;<\/a><\/p>\n","protected":false},"featured_media":4706,"template":"","meta":[],"product_cat":[238,259],"product_tag":[],"_links":{"self":[{"href":"https:\/\/test4.mi-backup.ch\/de\/wp-json\/wp\/v2\/product\/4718"}],"collection":[{"href":"https:\/\/test4.mi-backup.ch\/de\/wp-json\/wp\/v2\/product"}],"about":[{"href":"https:\/\/test4.mi-backup.ch\/de\/wp-json\/wp\/v2\/types\/product"}],"wp:featuredmedia":[{"embeddable":true,"href":"https:\/\/test4.mi-backup.ch\/de\/wp-json\/wp\/v2\/media\/4706"}],"wp:attachment":[{"href":"https:\/\/test4.mi-backup.ch\/de\/wp-json\/wp\/v2\/media?parent=4718"}],"wp:term":[{"taxonomy":"product_cat","embeddable":true,"href":"https:\/\/test4.mi-backup.ch\/de\/wp-json\/wp\/v2\/product_cat?post=4718"},{"taxonomy":"product_tag","embeddable":true,"href":"https:\/\/test4.mi-backup.ch\/de\/wp-json\/wp\/v2\/product_tag?post=4718"}],"curies":[{"name":"wp","href":"https:\/\/api.w.org\/{rel}","templated":true}]}}