{"id":4719,"date":"2017-04-06T21:38:16","date_gmt":"2017-04-06T19:38:16","guid":{"rendered":"https:\/\/test4.mi-backup.ch\/?post_type=product&#038;p=4719\/"},"modified":"2020-07-06T14:14:55","modified_gmt":"2020-07-06T12:14:55","slug":"skapulierset","status":"publish","type":"product","link":"https:\/\/test4.mi-backup.ch\/de\/shop\/skapulier\/skapulierset\/","title":{"rendered":"Skapulierset"},"content":{"rendered":"<h3>Das Skapulier \u2013 der Schutzmantel Mariens<\/h3>\n<p>\u201eDie allerseligste Jungfrau verspricht den Tr\u00e4gern des Skapuliers die Erlangung des ewigen Lebens. Das ist die wichtigste Gnade \u00fcberhaupt&#8221; (Papst Pius XII.). Das Skapulier geht auf eine Verheissung der allerseligsten Jungfrau Maria zur\u00fcck, welche sie dem hl. Simon Stock anvertraute, als sie ihm am 16. Juli 1251 mit einem Skapulier erschien. Das ist uns verheissen, wenn wir das Skapulier treu tragen: Maria sch\u00fctzt uns in Gefahren; Maria verspricht uns die Rettung; Maria kommt uns im Fegefeuer zu Hilfe. Die katholische Kirche hat dieses Geschenk Mariens anerkannt und zum Sakramentale f\u00fcr alle Gl\u00e4ubigen erhoben. Der Himmel hat es immer wieder durch Wunder der Bekehrung und durch Schutz in grosser Not f\u00fcr Leib und Seele best\u00e4tigt.<br \/>\nArtikelbeschreibung: Robustes Skapulier, hergestellt von den Karmelschwestern des Klosters Maria K\u00f6nigin der Engel in der Westschweiz, in einem Set mit einem Faltblatt, das alle n\u00f6tigen Erkl\u00e4rungen zum Skapulier enth\u00e4lt.<\/p>\n<p>Eine zus\u00e4tzliche ausf\u00fchrliche Dokumentation sowie die Gebete zur Segnung und Auflegung des Skapuliers finden Sie auch auf unserer kleinen Webseite <a href=\"http:\/\/skapulier.info\" target=\"_blank\" rel=\"noopener noreferrer\">http:\/\/skapulier.info<\/a><\/p>\n<p>Den Flyer gibt es in drei Sprachen: Deutsch, Franz\u00f6sisch, Italienisch, Spanisch<\/p>\n","protected":false},"excerpt":{"rendered":"<p>Das Skapulier \u2013 der Schutzmantel Mariens \u201eDie allerseligste Jungfrau verspricht den Tr\u00e4gern des Skapuliers die Erlangung des ewigen Lebens. Das ist die wichtigste Gnade \u00fcberhaupt&#8221; (Papst Pius XII.). Das Skapulier geht auf eine Verheissung der allerseligsten Jungfrau Maria zur\u00fcck, welche sie dem hl. Simon Stock anvertraute, als sie ihm am<a class=\"more-link\" href=\"https:\/\/test4.mi-backup.ch\/de\/shop\/skapulier\/skapulierset\/\">Weiterlesen &rarr;<\/a><\/p>\n","protected":false},"featured_media":4708,"template":"","meta":[],"product_cat":[261],"product_tag":[],"_links":{"self":[{"href":"https:\/\/test4.mi-backup.ch\/de\/wp-json\/wp\/v2\/product\/4719"}],"collection":[{"href":"https:\/\/test4.mi-backup.ch\/de\/wp-json\/wp\/v2\/product"}],"about":[{"href":"https:\/\/test4.mi-backup.ch\/de\/wp-json\/wp\/v2\/types\/product"}],"wp:featuredmedia":[{"embeddable":true,"href":"https:\/\/test4.mi-backup.ch\/de\/wp-json\/wp\/v2\/media\/4708"}],"wp:attachment":[{"href":"https:\/\/test4.mi-backup.ch\/de\/wp-json\/wp\/v2\/media?parent=4719"}],"wp:term":[{"taxonomy":"product_cat","embeddable":true,"href":"https:\/\/test4.mi-backup.ch\/de\/wp-json\/wp\/v2\/product_cat?post=4719"},{"taxonomy":"product_tag","embeddable":true,"href":"https:\/\/test4.mi-backup.ch\/de\/wp-json\/wp\/v2\/product_tag?post=4719"}],"curies":[{"name":"wp","href":"https:\/\/api.w.org\/{rel}","templated":true}]}}