{"id":50142,"date":"2022-01-31T10:05:46","date_gmt":"2022-01-31T09:05:46","guid":{"rendered":"https:\/\/test4.mi-backup.ch\/?post_type=product&#038;p=50142"},"modified":"2022-03-14T22:59:11","modified_gmt":"2022-03-14T21:59:11","slug":"wundertaetige-medaille-in-extra-groessen","status":"publish","type":"product","link":"https:\/\/test4.mi-backup.ch\/de\/shop\/wundertaetige-medaille\/wundertaetige-medaille-in-extra-groessen\/","title":{"rendered":"Wundert\u00e4tige Medaillen extra gro\u00df"},"content":{"rendered":"<p>Wir bieten Ihnen hier Wundert\u00e4tige Medaillen in drei verschiedenen Extra-Gr\u00f6\u00dfen an. Diese sind in der Lieferzahl beschr\u00e4nkt (grunds\u00e4tzlich maximal 10 St\u00fcck pro Bestellung und Gr\u00f6sse) und f\u00fcr pers\u00f6nliche Bed\u00fcrfnisse gedacht. Die ganz gro\u00dfen Medaillen eignen sich besonders zum Aufh\u00e4ngen, beispielsweise \u00fcber der Haust\u00fcre.<\/p>\n<ul>\n<li>Inschrift: Latein<\/li>\n<li>Material: Zamak<\/li>\n<li>Farbe: Silber \/ Gold<\/li>\n<li>Gr\u00f6\u00dfen: 25 \/ 29 \/ 38 mm (Gr\u00f6ssenangabe jeweils exkl. \u00d6se)<\/li>\n<li>Made in Italy<\/li>\n<\/ul>\n<p><strong><em>Wir versenden die Medaillen gesegnet und gegen freie Spende! Die Medaillen d\u00fcrfen nicht weiterverkauft werden!<\/em><\/strong><\/p>\n","protected":false},"excerpt":{"rendered":"<p>Wir bieten Ihnen hier Wundert\u00e4tige Medaillen in drei verschiedenen Extra-Gr\u00f6\u00dfen an. Diese sind in der Lieferzahl beschr\u00e4nkt (grunds\u00e4tzlich maximal 10 St\u00fcck pro Bestellung und Gr\u00f6sse) und f\u00fcr pers\u00f6nliche Bed\u00fcrfnisse gedacht. Die ganz gro\u00dfen Medaillen eignen sich besonders zum Aufh\u00e4ngen, beispielsweise \u00fcber der Haust\u00fcre. Inschrift: Latein Material: Zamak Farbe: Silber \/<a class=\"more-link\" href=\"https:\/\/test4.mi-backup.ch\/de\/shop\/wundertaetige-medaille\/wundertaetige-medaille-in-extra-groessen\/\">Weiterlesen &rarr;<\/a><\/p>\n","protected":false},"featured_media":50196,"template":"","meta":[],"product_cat":[259,266],"product_tag":[],"_links":{"self":[{"href":"https:\/\/test4.mi-backup.ch\/de\/wp-json\/wp\/v2\/product\/50142"}],"collection":[{"href":"https:\/\/test4.mi-backup.ch\/de\/wp-json\/wp\/v2\/product"}],"about":[{"href":"https:\/\/test4.mi-backup.ch\/de\/wp-json\/wp\/v2\/types\/product"}],"wp:featuredmedia":[{"embeddable":true,"href":"https:\/\/test4.mi-backup.ch\/de\/wp-json\/wp\/v2\/media\/50196"}],"wp:attachment":[{"href":"https:\/\/test4.mi-backup.ch\/de\/wp-json\/wp\/v2\/media?parent=50142"}],"wp:term":[{"taxonomy":"product_cat","embeddable":true,"href":"https:\/\/test4.mi-backup.ch\/de\/wp-json\/wp\/v2\/product_cat?post=50142"},{"taxonomy":"product_tag","embeddable":true,"href":"https:\/\/test4.mi-backup.ch\/de\/wp-json\/wp\/v2\/product_tag?post=50142"}],"curies":[{"name":"wp","href":"https:\/\/api.w.org\/{rel}","templated":true}]}}