{"id":57478,"date":"2022-03-29T22:10:10","date_gmt":"2022-03-29T20:10:10","guid":{"rendered":"https:\/\/test4.mi-backup.ch\/?post_type=product&#038;p=57478"},"modified":"2022-03-29T22:15:49","modified_gmt":"2022-03-29T20:15:49","slug":"weihwasser-broschuere","status":"publish","type":"product","link":"https:\/\/test4.mi-backup.ch\/de\/shop\/weihwasser\/weihwasser-broschuere\/","title":{"rendered":"Weihwasser-Brosch\u00fcre"},"content":{"rendered":"<p>In dieser Brosch\u00fcre erfahren Sie in wenigen Worten das Wichtigste \u00fcber das Weihwasser, ein Gnadenmittel der katholischen Kirche. Nutzen Sie es im Glauben an die Allmacht Jesu Christi, im Glauben an die Unbefleckte, die Mittlerin aller Gnaden, welche von IHM die Kraft bekommen hat, das Haupt der giftigen Schlange zu zertreten.<\/p>\n<p>\u201eSch\u00f6pft mit Freuden Wasser aus den Quellen des Heilandes.\u201c (Is 12,3)<\/p>\n<p><a href=\"https:\/\/test4.mi-backup.ch\/wp-content\/uploads\/2022\/03\/WW2022_Druck_02.pdf\" target=\"_blank\" rel=\"noopener\" class=\"broken_link\">Brosch\u00fcre: DIN A7, 32 Seiten, mit Bildern<\/a><\/p>\n","protected":false},"excerpt":{"rendered":"<p>In dieser Brosch\u00fcre erfahren Sie in wenigen Worten das Wichtigste \u00fcber das Weihwasser, ein Gnadenmittel der katholischen Kirche. Nutzen Sie es im Glauben an die Allmacht Jesu Christi, im Glauben an die Unbefleckte, die Mittlerin aller Gnaden, welche von IHM die Kraft bekommen hat, das Haupt der giftigen Schlange zu<a class=\"more-link\" href=\"https:\/\/test4.mi-backup.ch\/de\/shop\/weihwasser\/weihwasser-broschuere\/\">Weiterlesen &rarr;<\/a><\/p>\n","protected":false},"featured_media":57503,"template":"","meta":[],"product_cat":[544],"product_tag":[],"_links":{"self":[{"href":"https:\/\/test4.mi-backup.ch\/de\/wp-json\/wp\/v2\/product\/57478"}],"collection":[{"href":"https:\/\/test4.mi-backup.ch\/de\/wp-json\/wp\/v2\/product"}],"about":[{"href":"https:\/\/test4.mi-backup.ch\/de\/wp-json\/wp\/v2\/types\/product"}],"wp:featuredmedia":[{"embeddable":true,"href":"https:\/\/test4.mi-backup.ch\/de\/wp-json\/wp\/v2\/media\/57503"}],"wp:attachment":[{"href":"https:\/\/test4.mi-backup.ch\/de\/wp-json\/wp\/v2\/media?parent=57478"}],"wp:term":[{"taxonomy":"product_cat","embeddable":true,"href":"https:\/\/test4.mi-backup.ch\/de\/wp-json\/wp\/v2\/product_cat?post=57478"},{"taxonomy":"product_tag","embeddable":true,"href":"https:\/\/test4.mi-backup.ch\/de\/wp-json\/wp\/v2\/product_tag?post=57478"}],"curies":[{"name":"wp","href":"https:\/\/api.w.org\/{rel}","templated":true}]}}