{"id":57535,"date":"2022-03-29T22:13:43","date_gmt":"2022-03-29T20:13:43","guid":{"rendered":"https:\/\/test4.mi-backup.ch\/?post_type=product&#038;p=57535"},"modified":"2022-04-29T13:03:08","modified_gmt":"2022-04-29T11:03:08","slug":"weihwasser-set","status":"publish","type":"product","link":"https:\/\/test4.mi-backup.ch\/de\/shop\/weihwasser\/weihwasser-set\/","title":{"rendered":"Weihwasser-Set"},"content":{"rendered":"<p>Set bestehend aus einem Fl\u00e4schchen mit Weihwasser, welches von einem katholischen Priester nach dem r\u00f6mischen Rituale geweiht wurde, und einer Brosch\u00fcre \u00fcber das Weihwasser. Dieses findet in jeder Handtasche und in jedem Auto Platz.<\/p>\n<p>In der Brosch\u00fcre erfahren Sie in wenigen Worten das Wichtigste \u00fcber das Weihwasser, ein Gnadenmittel der katholischen Kirche. Nutzen Sie es im Glauben an die Allmacht Jesu Christi, im Glauben an die Unbefleckte, die Mittlerin aller Gnaden, welche von IHM die Kraft bekommen hat, das Haupt der giftigen Schlange zu zertreten.<\/p>\n<p>\u201eSch\u00f6pft mit Freuden Wasser aus den Quellen des Heilandes.\u201c (Is 12,3)<\/p>\n<p>Fl\u00e4schchen: 20 ml<\/p>\n<p>Aus logistischen Gr\u00fcnden <span style=\"color: #ff0000;\">maximal 3 St\u00fcck pro Besteller<\/span>. F\u00fcr gr\u00f6\u00dfere Bestellungen (z. B. f\u00fcr Pfarreien) nehmen Sie bitte mit uns <a href=\"https:\/\/test4.mi-backup.ch\/de\/kontakt\/\">Kontakt<\/a> auf. Vergelt&#8217;s Gott f\u00fcr Ihr Verst\u00e4ndnis!<\/p>\n<p><a href=\"https:\/\/test4.mi-backup.ch\/wp-content\/uploads\/2022\/03\/WW2022_Druck_02.pdf\" target=\"_blank\" rel=\"noopener\" class=\"broken_link\">Brosch\u00fcre: DIN A7, 32 Seiten, mit Bildern<\/a><\/p>\n","protected":false},"excerpt":{"rendered":"<p>Set bestehend aus einem Fl\u00e4schchen mit Weihwasser, welches von einem katholischen Priester nach dem r\u00f6mischen Rituale geweiht wurde, und einer Brosch\u00fcre \u00fcber das Weihwasser. Dieses findet in jeder Handtasche und in jedem Auto Platz. In der Brosch\u00fcre erfahren Sie in wenigen Worten das Wichtigste \u00fcber das Weihwasser, ein Gnadenmittel der<a class=\"more-link\" href=\"https:\/\/test4.mi-backup.ch\/de\/shop\/weihwasser\/weihwasser-set\/\">Weiterlesen &rarr;<\/a><\/p>\n","protected":false},"featured_media":57511,"template":"","meta":[],"product_cat":[544],"product_tag":[],"_links":{"self":[{"href":"https:\/\/test4.mi-backup.ch\/de\/wp-json\/wp\/v2\/product\/57535"}],"collection":[{"href":"https:\/\/test4.mi-backup.ch\/de\/wp-json\/wp\/v2\/product"}],"about":[{"href":"https:\/\/test4.mi-backup.ch\/de\/wp-json\/wp\/v2\/types\/product"}],"wp:featuredmedia":[{"embeddable":true,"href":"https:\/\/test4.mi-backup.ch\/de\/wp-json\/wp\/v2\/media\/57511"}],"wp:attachment":[{"href":"https:\/\/test4.mi-backup.ch\/de\/wp-json\/wp\/v2\/media?parent=57535"}],"wp:term":[{"taxonomy":"product_cat","embeddable":true,"href":"https:\/\/test4.mi-backup.ch\/de\/wp-json\/wp\/v2\/product_cat?post=57535"},{"taxonomy":"product_tag","embeddable":true,"href":"https:\/\/test4.mi-backup.ch\/de\/wp-json\/wp\/v2\/product_tag?post=57535"}],"curies":[{"name":"wp","href":"https:\/\/api.w.org\/{rel}","templated":true}]}}