{"id":6613,"date":"2017-07-13T16:41:04","date_gmt":"2017-07-13T14:41:04","guid":{"rendered":"https:\/\/test4.mi-backup.ch\/?post_type=product&#038;p=6613\/"},"modified":"2023-03-01T12:07:37","modified_gmt":"2023-03-01T11:07:37","slug":"leitstern-fuer-die-letzten-zeiten-bd-2","status":"publish","type":"product","link":"https:\/\/test4.mi-backup.ch\/de\/shop\/fatima\/leitstern-fuer-die-letzten-zeiten-bd-2\/","title":{"rendered":"Leitstern f\u00fcr die letzten Zeiten Bd. 2"},"content":{"rendered":"<h2><strong>Fatima &#8211; Leitstern f\u00fcr die letzten Zeiten \/ Band 2<\/strong><\/h2>\n<p><em>P. Karl Stehlin<\/em><\/p>\n<p>Mit diesem zweiten Band bieten wir den Lesern zun\u00e4chst einmal einen wesentlichen Teil der Botschaft Fatimas zur Meditation: das Leben und die Spiritualit\u00e4t der drei Kinder, welche das Privileg hatten Unsere Liebe Frau zu sehen. Als n\u00e4chstes werden wir die letzten beiden Erscheinungen, die dem 13. Juli folgten, gr\u00fcndlich analysieren. Unsere Liebe Frau lehrte darin die Anwendungen der Andacht zu ihrem unbefleckten Herzen: die Einhaltung der f\u00fcnf monatsersten Samstage und die Weihe Russlands an ihr unbeflecktes Herz. Diese Ereignisse lehren uns zusammen mit den geistigen Erfahrungen der drei Seher die allergr\u00f6\u00dfte Wichtigkeit des gro\u00dfen Geheimnisses, das in Fatima offenbart wurde: ihr unbeflecktes Herz!<\/p>\n<div class=\"product-description\">\n<p>Softcover \/ A5<br \/>\n133 Seiten<br \/>\nEuro 11.50<\/p>\n<p>ISBN 978-3-906902-05-0<\/p>\n<p>Erh\u00e4ltich im <a href=\"https:\/\/www.sarto.de\/fatima-leitstern-fur-die-letzten-zeiten-bd-2\" target=\"_blank\" rel=\"noopener\">Sarto-Verlag<\/a><\/p>\n<p>&nbsp;<\/p>\n<p>Urspr\u00fcnglicher Herausgeber: Alverna-Verlag<\/p>\n<\/div>\n","protected":false},"excerpt":{"rendered":"<p>Fatima &#8211; Leitstern f\u00fcr die letzten Zeiten \/ Band 2 P. Karl Stehlin Mit diesem zweiten Band bieten wir den Lesern zun\u00e4chst einmal einen wesentlichen Teil der Botschaft Fatimas zur Meditation: das Leben und die Spiritualit\u00e4t der drei Kinder, welche das Privileg hatten Unsere Liebe Frau zu sehen. Als n\u00e4chstes<a class=\"more-link\" href=\"https:\/\/test4.mi-backup.ch\/de\/shop\/fatima\/leitstern-fuer-die-letzten-zeiten-bd-2\/\">Weiterlesen &rarr;<\/a><\/p>\n","protected":false},"featured_media":6614,"template":"","meta":[],"product_cat":[238,234],"product_tag":[],"_links":{"self":[{"href":"https:\/\/test4.mi-backup.ch\/de\/wp-json\/wp\/v2\/product\/6613"}],"collection":[{"href":"https:\/\/test4.mi-backup.ch\/de\/wp-json\/wp\/v2\/product"}],"about":[{"href":"https:\/\/test4.mi-backup.ch\/de\/wp-json\/wp\/v2\/types\/product"}],"wp:featuredmedia":[{"embeddable":true,"href":"https:\/\/test4.mi-backup.ch\/de\/wp-json\/wp\/v2\/media\/6614"}],"wp:attachment":[{"href":"https:\/\/test4.mi-backup.ch\/de\/wp-json\/wp\/v2\/media?parent=6613"}],"wp:term":[{"taxonomy":"product_cat","embeddable":true,"href":"https:\/\/test4.mi-backup.ch\/de\/wp-json\/wp\/v2\/product_cat?post=6613"},{"taxonomy":"product_tag","embeddable":true,"href":"https:\/\/test4.mi-backup.ch\/de\/wp-json\/wp\/v2\/product_tag?post=6613"}],"curies":[{"name":"wp","href":"https:\/\/api.w.org\/{rel}","templated":true}]}}