{"id":6804,"date":"2017-08-08T20:32:28","date_gmt":"2017-08-08T18:32:28","guid":{"rendered":"https:\/\/test4.mi-backup.ch\/?post_type=product&#038;p=6804\/"},"modified":"2017-08-08T20:40:59","modified_gmt":"2017-08-08T18:40:59","slug":"briefkastenflyer","status":"publish","type":"product","link":"https:\/\/test4.mi-backup.ch\/de\/shop\/flyer\/briefkastenflyer\/","title":{"rendered":"Briefkastenflyer"},"content":{"rendered":"<p>Da man Sakramentalien wie die Wundert\u00e4tige Medaille oder den Rosenkranz nicht ohne die Zustimmung des Empf\u00e4ngers in einen Briefkasten einwerfen oder verschicken darf, bieten wir einen Briefkastenflyer an. Dieser stellt dem Leser den Rosenkranz und die Wundert\u00e4tige Medaille vor und bietet ihm an, diese bei uns zu bestellen. Zu diesem Zweck enth\u00e4lt der Flyer einen Bestellschein, den man an das MI-Sekretariat einschicken kann. Alternativ wird auch auf die M\u00f6glichkeit der Bestellung im Onlineshop hingewiesen.<\/p>\n<p>W\u00e4hrend das Haust\u00fcrapostolat nicht jedermanns Sache ist, er\u00f6ffnet sich mit diesem Flyer ein gut machbares Apostolatsfeld. Selbst noch jugendlichen Rittern ist es m\u00f6glich Flyer in die Briefk\u00e4sten einzuwerfen. Machen Sie von diesem Angebot Gebrauch!<\/p>\n<p>Gr\u00f6sse: 105x150mm<\/p>\n<p><a href=\"https:\/\/test4.mi-backup.ch\/wp-content\/uploads\/2017\/08\/BKF-2017-DD.pdf\">Als PDF downloaden&#8230;<\/a><\/p>\n","protected":false},"excerpt":{"rendered":"<p>Da man Sakramentalien wie die Wundert\u00e4tige Medaille oder den Rosenkranz nicht ohne die Zustimmung des Empf\u00e4ngers in einen Briefkasten einwerfen oder verschicken darf, bieten wir einen Briefkastenflyer an. Dieser stellt dem Leser den Rosenkranz und die Wundert\u00e4tige Medaille vor und bietet ihm an, diese bei uns zu bestellen. Zu diesem<a class=\"more-link\" href=\"https:\/\/test4.mi-backup.ch\/de\/shop\/flyer\/briefkastenflyer\/\">Weiterlesen &rarr;<\/a><\/p>\n","protected":false},"featured_media":6806,"template":"","meta":[],"product_cat":[259,236,260],"product_tag":[],"_links":{"self":[{"href":"https:\/\/test4.mi-backup.ch\/de\/wp-json\/wp\/v2\/product\/6804"}],"collection":[{"href":"https:\/\/test4.mi-backup.ch\/de\/wp-json\/wp\/v2\/product"}],"about":[{"href":"https:\/\/test4.mi-backup.ch\/de\/wp-json\/wp\/v2\/types\/product"}],"wp:featuredmedia":[{"embeddable":true,"href":"https:\/\/test4.mi-backup.ch\/de\/wp-json\/wp\/v2\/media\/6806"}],"wp:attachment":[{"href":"https:\/\/test4.mi-backup.ch\/de\/wp-json\/wp\/v2\/media?parent=6804"}],"wp:term":[{"taxonomy":"product_cat","embeddable":true,"href":"https:\/\/test4.mi-backup.ch\/de\/wp-json\/wp\/v2\/product_cat?post=6804"},{"taxonomy":"product_tag","embeddable":true,"href":"https:\/\/test4.mi-backup.ch\/de\/wp-json\/wp\/v2\/product_tag?post=6804"}],"curies":[{"name":"wp","href":"https:\/\/api.w.org\/{rel}","templated":true}]}}