{"id":78565,"date":"2022-09-01T19:59:09","date_gmt":"2022-09-01T17:59:09","guid":{"rendered":"https:\/\/test4.mi-backup.ch\/?post_type=product&#038;p=78565"},"modified":"2023-01-24T21:49:20","modified_gmt":"2023-01-24T20:49:20","slug":"die-weihe-an-das-unbefleckte-herz-mariens","status":"publish","type":"product","link":"https:\/\/test4.mi-backup.ch\/de\/shop\/fatima\/die-weihe-an-das-unbefleckte-herz-mariens\/","title":{"rendered":"Weihe ans Unbefleckte Herz Mariens"},"content":{"rendered":"<p><strong>Brosch\u00fcre: <\/strong><strong>Die Weihe an das Unbefleckte Herz Mariens<br \/>\n<\/strong>Mit einer Novene zur Vorbereitung<\/p>\n<p>Von Pater Karl Stehlin<\/p>\n<p>Anlass f\u00fcr diese Publikation ist der 80. Jahrestag der Weihe der Welt an das Unbefleckte Herz Mariens durch Papst Pius XII. am 31. Oktober 1942.<\/p>\n<p>Aus dem Vorwort:<\/p>\n<p><strong>\u201eGott schenkt uns seine Gnaden durch das Unbefleckte Herz Mariens und <\/strong><strong>die Menschen sollen sie durch dieses Herz erbitten. Das Herz Jesu will, dass das Unbefleckte<\/strong><strong> Herz Mariens zusammen mit seinem g\u00f6ttlichen Herzen verehrt werde\u201c (hl. Jacinta von Fatima). <\/strong><\/p>\n<p>Unsere Liebe Frau von Fatima sagte am 13. Juni 1917 zu Lucia, einem der drei Hirtenkinder: \u201eJesus m\u00f6chte sich deiner bedienen, damit die Menschen mich kennen und lieben. Er m\u00f6chte in der Welt die Verehrung meines Unbefleckten Herzens verbreiten. Jedem, der diese Verehrung bereitwillig annimmt, verspreche ich das ewige Heil. Diese Seelen werden Gott lieb sein wie Blumen, die ich selbst zum Schmuck seines Throns hinstelle.\u201c<\/p>\n<p>In einer zunehmend gottlosen Welt, in der es immer schwieriger wird, den Glauben zu bewahren und seine Seele zu retten, wollen wir Zuflucht zum Unbefleckten Herzen unserer Mutter nehmen, welches laut der Offenbarung von Fatima neben dem Rosenkranz das letzte Rettungsmittel f\u00fcr unsere Zeiten ist. Maria sprach am 13. Juni weiter: \u201eMein Unbeflecktes Herz wird deine Zuflucht sein und der Weg, der dich zu Gott f\u00fchrt.\u201c<\/p>\n<p>Das Ziel der in der Brosch\u00fcre enthaltenen Novene ist es, auf die Weihe an das Unbefleckte Herz Mariens vorzubereiten:<\/p>\n<ul>\n<li>Was bedeutet das Unbefleckte Herz Mariens?<\/li>\n<li>Was hat Maria \u00fcber ihr Unbeflecktes Herz geoffenbart?<\/li>\n<li>Was bedeutet die Weihe?<\/li>\n<\/ul>\n<p>Neben einer kurzen t\u00e4glichen Lekt\u00fcre ist das Wichtigste die Verehrung des Unbefleckten Herzens durch das Gebet. Denn Maria wird dem, der sie verehrt und darum bittet, weit tiefere Erkenntnis verleihen als dem, der nur \u00fcber sie liest. <strong>M\u00f6ge diese Brosch\u00fcre dazu beitragen, dass anl\u00e4sslich des 80. Jahrestages der Weihe der Welt an das Unbefleckte Herz m\u00f6glichst viele Pfarreien, Familien und Seelen sich diesem Unbefleckten Herzen unserer himmlischen Mutter weihen, und so ihr Sieg \u00fcber das B\u00f6se, den sie in Fatima vorausgesagt hat, beschleunigt werde: <\/strong><\/p>\n<p><strong>\u201eAm Ende aber wird mein Unbeflecktes Herz triumphieren \u2026 und es wird der Welt eine Zeit des Friedens geschenkt werden\u201c<\/strong> (13. Juli 1917).<\/p>\n<p>Brosch\u00fcre DIN A5, 28 Seiten, mit Farbbildern<\/p>\n<p>Download als PDF: <a href=\"https:\/\/test4.mi-backup.ch\/wp-content\/uploads\/2022\/09\/Die-Weihe-an-das-Unbefleckte-Herz-web.pdf\">Die Weihe an das Unbefleckte Herz Mariens (PDF-Datei, 761 KB)<\/a><\/p>\n","protected":false},"excerpt":{"rendered":"<p>Brosch\u00fcre: Die Weihe an das Unbefleckte Herz Mariens Mit einer Novene zur Vorbereitung Von Pater Karl Stehlin Anlass f\u00fcr diese Publikation ist der 80. Jahrestag der Weihe der Welt an das Unbefleckte Herz Mariens durch Papst Pius XII. am 31. Oktober 1942. Aus dem Vorwort: \u201eGott schenkt uns seine Gnaden<a class=\"more-link\" href=\"https:\/\/test4.mi-backup.ch\/de\/shop\/fatima\/die-weihe-an-das-unbefleckte-herz-mariens\/\">Weiterlesen &rarr;<\/a><\/p>\n","protected":false},"featured_media":78582,"template":"","meta":[],"product_cat":[236,234],"product_tag":[],"_links":{"self":[{"href":"https:\/\/test4.mi-backup.ch\/de\/wp-json\/wp\/v2\/product\/78565"}],"collection":[{"href":"https:\/\/test4.mi-backup.ch\/de\/wp-json\/wp\/v2\/product"}],"about":[{"href":"https:\/\/test4.mi-backup.ch\/de\/wp-json\/wp\/v2\/types\/product"}],"wp:featuredmedia":[{"embeddable":true,"href":"https:\/\/test4.mi-backup.ch\/de\/wp-json\/wp\/v2\/media\/78582"}],"wp:attachment":[{"href":"https:\/\/test4.mi-backup.ch\/de\/wp-json\/wp\/v2\/media?parent=78565"}],"wp:term":[{"taxonomy":"product_cat","embeddable":true,"href":"https:\/\/test4.mi-backup.ch\/de\/wp-json\/wp\/v2\/product_cat?post=78565"},{"taxonomy":"product_tag","embeddable":true,"href":"https:\/\/test4.mi-backup.ch\/de\/wp-json\/wp\/v2\/product_tag?post=78565"}],"curies":[{"name":"wp","href":"https:\/\/api.w.org\/{rel}","templated":true}]}}