{"id":7907,"date":"2017-11-07T20:58:29","date_gmt":"2017-11-07T19:58:29","guid":{"rendered":"https:\/\/test4.mi-backup.ch\/?post_type=product&#038;p=7907"},"modified":"2021-01-19T20:47:10","modified_gmt":"2021-01-19T19:47:10","slug":"jubilaeums-cd","status":"publish","type":"product","link":"https:\/\/test4.mi-backup.ch\/de\/shop\/fatima\/jubilaeums-cd\/","title":{"rendered":"CD 2: Jubil\u00e4ums-CD"},"content":{"rendered":"<h2>Die Immaculata &#8211; unsere Rettung<\/h2>\n<p>Zum 100. Jahrestag der MI vom 16. Oktober 2017 gab die MI eine Jubil\u00e4ums-CDs heraus, welche gegen freie Spende bestellt werden kann. Diese enth\u00e4lt die Marianische Mission, welche Pater Karl Stehlin vom 22.-24. September 2017 in Wil\/Schweiz predigte.<\/p>\n<p>Den Inhalt dieser neuen CD kann man vielleicht mit diesem Auszug aus der Predigt \u201eDas Jubil\u00e4um und unsere Entscheidung\u201c am besten zusammenfassen:<\/p>\n<p><em>\u201e1917 \u2013 der Himmel sandte die K\u00f6nigin des Himmels und der Erde, die uns alles schenken m\u00f6chte, die ihren Kinder, die so in Gefahr sind verloren zu gehen, ihr Herz \u00f6ffnet und alles gibt, was je Gott der Welt geben konnte \u2013 n\u00e4mlich sein Meisterwerk, das, was alle Gnaden, was alle Liebe, was alle Kraft, was alles Licht Gottes in sich h\u00e4lt, das Herz Mariens \u2013 uns, jedem einzelnen geschenkt \u2026 <\/em><\/p>\n<p><em>In dem Augenblick, wo die Muttergottes nur eine Seele findet, die sich ganz ihr hinschenkt, sich ihr ganz \u00f6ffnet und erlaubt, dass sie eintritt in unser Herz, eine Seele, die wirklich ernst macht mit dem, was sie w\u00fcnscht in Fatima \u2013 diese Seele wird Wunder wirken \u2026 Und deshalb m\u00fcssen wir uns in dieser Entscheidungsstunde wirklich klar werden, dass wir schon inmitten dieses Endkampfes stehen. Und dieser Endkampf, der sich vor unseren Augen abspielt, verlangt von uns eine Antwort. Die Armeen des Feindes sind \u00fcberstark. Wir haben nur eine Chance, nur eine einzige Hoffnung, unsere letzte Hoffnung ist tats\u00e4chlich Unsere Liebe Frau.\u201c<\/em><\/p>\n<p>M\u00f6ge diese CD ein Hilfsmittel sein, damit die Immaculata und ihre Rolle f\u00fcr unsere Zeit \u2013 jedoch auch unsere Widersacher, welche ja im Jahr 2017 alle auch ihre Jubil\u00e4en feiern \u2013 noch besser bekannt werden. M\u00f6ge sie ebenso dazu beitragen, dass diese \u00dcberzeugungen auch nach diesem Jubil\u00e4umsjahr lebendig bleiben, indem sie immer wieder aufgefrischt und vertieft werden.<\/p>\n<p>Bestellen und verbreiten Sie diese CD!<\/p>\n<p><a href=\"https:\/\/test4.mi-backup.ch\/de\/die-immaculata-unsere-rettung\/\">Hier geht es zum Download<\/a><\/p>\n","protected":false},"excerpt":{"rendered":"<p>Die Immaculata &#8211; unsere Rettung Zum 100. Jahrestag der MI vom 16. Oktober 2017 gab die MI eine Jubil\u00e4ums-CDs heraus, welche gegen freie Spende bestellt werden kann. Diese enth\u00e4lt die Marianische Mission, welche Pater Karl Stehlin vom 22.-24. September 2017 in Wil\/Schweiz predigte. Den Inhalt dieser neuen CD kann man<a class=\"more-link\" href=\"https:\/\/test4.mi-backup.ch\/de\/shop\/fatima\/jubilaeums-cd\/\">Weiterlesen &rarr;<\/a><\/p>\n","protected":false},"featured_media":7911,"template":"","meta":[],"product_cat":[234,264,239],"product_tag":[],"_links":{"self":[{"href":"https:\/\/test4.mi-backup.ch\/de\/wp-json\/wp\/v2\/product\/7907"}],"collection":[{"href":"https:\/\/test4.mi-backup.ch\/de\/wp-json\/wp\/v2\/product"}],"about":[{"href":"https:\/\/test4.mi-backup.ch\/de\/wp-json\/wp\/v2\/types\/product"}],"wp:featuredmedia":[{"embeddable":true,"href":"https:\/\/test4.mi-backup.ch\/de\/wp-json\/wp\/v2\/media\/7911"}],"wp:attachment":[{"href":"https:\/\/test4.mi-backup.ch\/de\/wp-json\/wp\/v2\/media?parent=7907"}],"wp:term":[{"taxonomy":"product_cat","embeddable":true,"href":"https:\/\/test4.mi-backup.ch\/de\/wp-json\/wp\/v2\/product_cat?post=7907"},{"taxonomy":"product_tag","embeddable":true,"href":"https:\/\/test4.mi-backup.ch\/de\/wp-json\/wp\/v2\/product_tag?post=7907"}],"curies":[{"name":"wp","href":"https:\/\/api.w.org\/{rel}","templated":true}]}}