{"id":82183,"date":"2022-11-26T10:32:00","date_gmt":"2022-11-26T09:32:00","guid":{"rendered":"https:\/\/test4.mi-backup.ch\/?post_type=product&#038;p=82183"},"modified":"2023-01-24T21:47:26","modified_gmt":"2023-01-24T20:47:26","slug":"3-wundertaetige-medaillen-mit-halskette-und-flyer","status":"publish","type":"product","link":"https:\/\/test4.mi-backup.ch\/de\/shop\/flyer\/3-wundertaetige-medaillen-mit-halskette-und-flyer\/","title":{"rendered":"Set Medaillen mit Kette und Flyer"},"content":{"rendered":"<h2><strong>3er-Set Wundert\u00e4tige Medaillen mit Halskette und Flyer<\/strong><\/h2>\n<p>Dieses Set enth\u00e4lt drei Wundert\u00e4tige Medaillen (silberfarben), welche an einer Halskette befestigt sind. Es handelt sich dabei um eine Kugelkette aus Edelstahl. Diese ist 65 cm lang, so dass sie \u00fcber den Kopf passen sollte. Sie kann jedoch auch ge\u00f6ffnet und mit einer gew\u00f6hnlichen Zange auf das gew\u00fcnschte Ma\u00df gek\u00fcrzt werden. Medaille und Kette sind in einem Beutel im Inneren des Flyers angeheftet. Das Set ist jeweils in einem verschlie\u00dfbare Kunststoffm\u00e4ppchen.<\/p>\n<p>Die Medaillen sind gesegnet.<\/p>\n<p>Unsere Liebe Frau von der Wundert\u00e4tigen Medaille hat jenen, welche die Medaille als Ausdruck ihres Vertrauens um ihren Hals tragen, besondere Gnaden versprochen. Das Tragen der Medaille kann auch ein Ausdruck unserer Weihe an die Immaculata sein. Der hl. Maximilian Kolbe hat es f\u00fcr die Mitglieder der MI vorgeschrieben.<\/p>\n<p>Verteilen Sie die Medaillen mit der Kette und ermutigen Sie so Ihre Mitmenschen, die Medaille der Gottesmutter zu tragen.<\/p>\n","protected":false},"excerpt":{"rendered":"<p>3er-Set Wundert\u00e4tige Medaillen mit Halskette und Flyer Dieses Set enth\u00e4lt drei Wundert\u00e4tige Medaillen (silberfarben), welche an einer Halskette befestigt sind. Es handelt sich dabei um eine Kugelkette aus Edelstahl. Diese ist 65 cm lang, so dass sie \u00fcber den Kopf passen sollte. Sie kann jedoch auch ge\u00f6ffnet und mit einer<a class=\"more-link\" href=\"https:\/\/test4.mi-backup.ch\/de\/shop\/flyer\/3-wundertaetige-medaillen-mit-halskette-und-flyer\/\">Weiterlesen &rarr;<\/a><\/p>\n","protected":false},"featured_media":82213,"template":"","meta":[],"product_cat":[259,236],"product_tag":[],"_links":{"self":[{"href":"https:\/\/test4.mi-backup.ch\/de\/wp-json\/wp\/v2\/product\/82183"}],"collection":[{"href":"https:\/\/test4.mi-backup.ch\/de\/wp-json\/wp\/v2\/product"}],"about":[{"href":"https:\/\/test4.mi-backup.ch\/de\/wp-json\/wp\/v2\/types\/product"}],"wp:featuredmedia":[{"embeddable":true,"href":"https:\/\/test4.mi-backup.ch\/de\/wp-json\/wp\/v2\/media\/82213"}],"wp:attachment":[{"href":"https:\/\/test4.mi-backup.ch\/de\/wp-json\/wp\/v2\/media?parent=82183"}],"wp:term":[{"taxonomy":"product_cat","embeddable":true,"href":"https:\/\/test4.mi-backup.ch\/de\/wp-json\/wp\/v2\/product_cat?post=82183"},{"taxonomy":"product_tag","embeddable":true,"href":"https:\/\/test4.mi-backup.ch\/de\/wp-json\/wp\/v2\/product_tag?post=82183"}],"curies":[{"name":"wp","href":"https:\/\/api.w.org\/{rel}","templated":true}]}}