{"id":82201,"date":"2022-11-26T10:30:44","date_gmt":"2022-11-26T09:30:44","guid":{"rendered":"https:\/\/test4.mi-backup.ch\/?post_type=product&#038;p=82201"},"modified":"2022-11-26T20:45:52","modified_gmt":"2022-11-26T19:45:52","slug":"wundertaetige-medaille-mit-halskette-und-flyer","status":"publish","type":"product","link":"https:\/\/test4.mi-backup.ch\/de\/shop\/flyer\/wundertaetige-medaille-mit-halskette-und-flyer\/","title":{"rendered":"Medaille mit Halskette und Flyer"},"content":{"rendered":"<h2>Wundert\u00e4tige Medaille mit Halskette und Flyer<\/h2>\n<p>Eine Wundert\u00e4tige Medaille (silberfarben), welche an einer Halskette befestigt ist. Es handelt sich dabei um eine Kugelkette aus Edelstahl. Diese ist 65 cm lang, so dass sie \u00fcber den Kopf passen sollte. Sie kann jedoch auch ge\u00f6ffnet und mit einer gew\u00f6hnlichen Zange auf das gew\u00fcnschte Ma\u00df gek\u00fcrzt werden. Medaille und Kette sind in einem Beutel im Inneren des Flyers angeheftet.<\/p>\n<p>Die Wundert\u00e4tigen Medaillen sind gesegnet.<\/p>\n<p>Unsere Liebe Frau von der Wundert\u00e4tigen Medaille hat jenen, welche die Medaille als Ausdruck ihres Vertrauens um ihren Hals tragen, besondere Gnaden versprochen. Das Tragen der Medaille kann auch ein Ausdruck unserer Weihe an die Immaculata sein. Der hl. Maximilian Kolbe hat es f\u00fcr die Mitglieder der MI vorgeschrieben.<\/p>\n<p>Verteilen Sie die Medaillen mit der Kette und ermutigen Sie so Ihre Mitmenschen, die Medaille der Gottesmutter zu tragen.<\/p>\n","protected":false},"excerpt":{"rendered":"<p>Wundert\u00e4tige Medaille mit Halskette und Flyer Eine Wundert\u00e4tige Medaille (silberfarben), welche an einer Halskette befestigt ist. Es handelt sich dabei um eine Kugelkette aus Edelstahl. Diese ist 65 cm lang, so dass sie \u00fcber den Kopf passen sollte. Sie kann jedoch auch ge\u00f6ffnet und mit einer gew\u00f6hnlichen Zange auf das<a class=\"more-link\" href=\"https:\/\/test4.mi-backup.ch\/de\/shop\/flyer\/wundertaetige-medaille-mit-halskette-und-flyer\/\">Weiterlesen &rarr;<\/a><\/p>\n","protected":false},"featured_media":82229,"template":"","meta":[],"product_cat":[259,236],"product_tag":[],"_links":{"self":[{"href":"https:\/\/test4.mi-backup.ch\/de\/wp-json\/wp\/v2\/product\/82201"}],"collection":[{"href":"https:\/\/test4.mi-backup.ch\/de\/wp-json\/wp\/v2\/product"}],"about":[{"href":"https:\/\/test4.mi-backup.ch\/de\/wp-json\/wp\/v2\/types\/product"}],"wp:featuredmedia":[{"embeddable":true,"href":"https:\/\/test4.mi-backup.ch\/de\/wp-json\/wp\/v2\/media\/82229"}],"wp:attachment":[{"href":"https:\/\/test4.mi-backup.ch\/de\/wp-json\/wp\/v2\/media?parent=82201"}],"wp:term":[{"taxonomy":"product_cat","embeddable":true,"href":"https:\/\/test4.mi-backup.ch\/de\/wp-json\/wp\/v2\/product_cat?post=82201"},{"taxonomy":"product_tag","embeddable":true,"href":"https:\/\/test4.mi-backup.ch\/de\/wp-json\/wp\/v2\/product_tag?post=82201"}],"curies":[{"name":"wp","href":"https:\/\/api.w.org\/{rel}","templated":true}]}}