{"id":84886,"date":"2023-01-05T10:49:15","date_gmt":"2023-01-05T09:49:15","guid":{"rendered":"https:\/\/test4.mi-backup.ch\/?post_type=product&#038;p=84886"},"modified":"2023-01-28T15:28:30","modified_gmt":"2023-01-28T14:28:30","slug":"mi-abzeichen-runder-pin","status":"publish","type":"product","link":"https:\/\/test4.mi-backup.ch\/de\/shop\/mi-intern\/mi-abzeichen-runder-pin\/","title":{"rendered":"MI-Abzeichen &#8211; runder Pin"},"content":{"rendered":"<p>Das runde MI-Abzeichen zeigt das MI-Logo in silberner Farbe auf blauem Acryl-Hintergrund. Das Logo sind die vereinten Herzen Jesu und Mariens. Dar\u00fcber eine Krone mit Kreuz, welche den Willen der MI ausdr\u00fcckt, das K\u00f6nigreich Christi durch die Herrschaft Mariens in dieser Welt aufzubauen.<\/p>\n<p>Der runde Pin hat einen Durchmesser von 19mm.<\/p>\n<p>Das MI-Abzeichen ist nur f\u00fcr die Mitglieder bzw. Ritter der MI und dient als \u00e4u\u00dferes Erkennungsmerkmal. Man erh\u00e4lt es bei der Aufnahme vom Priester, der diese durchf\u00fchrt, oder beim zust\u00e4ndigen MI-Koordinator.<\/p>\n","protected":false},"excerpt":{"rendered":"<p>Das runde MI-Abzeichen zeigt das MI-Logo in silberner Farbe auf blauem Acryl-Hintergrund. Das Logo sind die vereinten Herzen Jesu und Mariens. Dar\u00fcber eine Krone mit Kreuz, welche den Willen der MI ausdr\u00fcckt, das K\u00f6nigreich Christi durch die Herrschaft Mariens in dieser Welt aufzubauen. Der runde Pin hat einen Durchmesser von<a class=\"more-link\" href=\"https:\/\/test4.mi-backup.ch\/de\/shop\/mi-intern\/mi-abzeichen-runder-pin\/\">Weiterlesen &rarr;<\/a><\/p>\n","protected":false},"featured_media":84887,"template":"","meta":[],"product_cat":[266],"product_tag":[],"_links":{"self":[{"href":"https:\/\/test4.mi-backup.ch\/de\/wp-json\/wp\/v2\/product\/84886"}],"collection":[{"href":"https:\/\/test4.mi-backup.ch\/de\/wp-json\/wp\/v2\/product"}],"about":[{"href":"https:\/\/test4.mi-backup.ch\/de\/wp-json\/wp\/v2\/types\/product"}],"wp:featuredmedia":[{"embeddable":true,"href":"https:\/\/test4.mi-backup.ch\/de\/wp-json\/wp\/v2\/media\/84887"}],"wp:attachment":[{"href":"https:\/\/test4.mi-backup.ch\/de\/wp-json\/wp\/v2\/media?parent=84886"}],"wp:term":[{"taxonomy":"product_cat","embeddable":true,"href":"https:\/\/test4.mi-backup.ch\/de\/wp-json\/wp\/v2\/product_cat?post=84886"},{"taxonomy":"product_tag","embeddable":true,"href":"https:\/\/test4.mi-backup.ch\/de\/wp-json\/wp\/v2\/product_tag?post=84886"}],"curies":[{"name":"wp","href":"https:\/\/api.w.org\/{rel}","templated":true}]}}