{"id":85520,"date":"2023-01-24T21:43:57","date_gmt":"2023-01-24T20:43:57","guid":{"rendered":"https:\/\/test4.mi-backup.ch\/?post_type=product&#038;p=85520"},"modified":"2023-02-26T20:00:35","modified_gmt":"2023-02-26T19:00:35","slug":"novene-von-pompei","status":"publish","type":"product","link":"https:\/\/test4.mi-backup.ch\/de\/shop\/flyer\/novene-von-pompei\/","title":{"rendered":"Wundert\u00e4tige Novene von Pompei"},"content":{"rendered":"<h2>Die wundert\u00e4tige Novene von Pompei \u2013 54 Tage zu F\u00fc\u00dfen Unserer Lieben Frau vom Rosenkranz<\/h2>\n<p>Diese Brosch\u00fcre enth\u00e4lt die Originalfassung der wundert\u00e4tigen Rosenkranznovene von Pompei, welche auf den seligen Bartolo Longo zur\u00fcckgeht. Die MI hat dazu eine Originalausgabe von ihm \u00fcbersetzt und mit einer Einf\u00fchrung erg\u00e4nzt.<\/p>\n<p>Die Novene geht auf eine Erscheinung der Gottesmutter zur\u00fcck: <strong>\u201eWer auch immer eine Gunst von mir erlangen will, soll drei Novenen des Rosenkranzgebetes und drei Novenen der Danksagung verrichten.\u201c<\/strong><\/p>\n<p>Die 54-t\u00e4gige Novene, auch wundert\u00e4gige Novene von Pompei genannt, ist aus verschiedenen Gr\u00fcnden sehr kraft\u00advoll und einzigartig. Bis heute gibt es zahllose Gebetserh\u00f6\u00adrungen durch diese Novene, welche in diversen L\u00e4ndern sehr verbreitet ist. Die Rosenkranzk\u00f6nigin befreit die Men\u00adschen aus ihren N\u00f6ten an Leib und Seele, wobei ihre gr\u00f6\u00dften Siege, wie bei Bartolo Longo, jene \u00fcber teuflische Einfl\u00fcsse und s\u00fcndhafte Verstrickungen sind, welche heute immer mehr zunehmen. Ein anerkannter Exorzist unserer Tage be\u00adzeichnet diese Novene als die gr\u00f6\u00dfte Atombombe gegen Sa\u00adtan, und empfiehlt sie, insbesondere in aussichtslosen Situa\u00adtionen, gerade auch bei S\u00fcchten und sch\u00e4dlichen Bindungen jeglicher Art, zu beten.<\/p>\n<p><strong>Haben Sie eine gro\u00dfe Sorge oder sind Sie oder jemand, der Ihnen nahesteht, in Not? Bestellen Sie diese Brosch\u00fcre und schenken Sie sie auch anderen, damit diese dadurch Zuflucht zur Rosenkranzk\u00f6nigin nehmen. <\/strong><\/p>\n<p>Brosch\u00fcre DIN A6, 56 Seiten, mit Farbbildern<\/p>\n","protected":false},"excerpt":{"rendered":"<p>Die wundert\u00e4tige Novene von Pompei \u2013 54 Tage zu F\u00fc\u00dfen Unserer Lieben Frau vom Rosenkranz Diese Brosch\u00fcre enth\u00e4lt die Originalfassung der wundert\u00e4tigen Rosenkranznovene von Pompei, welche auf den seligen Bartolo Longo zur\u00fcckgeht. Die MI hat dazu eine Originalausgabe von ihm \u00fcbersetzt und mit einer Einf\u00fchrung erg\u00e4nzt. Die Novene geht auf<a class=\"more-link\" href=\"https:\/\/test4.mi-backup.ch\/de\/shop\/flyer\/novene-von-pompei\/\">Weiterlesen &rarr;<\/a><\/p>\n","protected":false},"featured_media":85521,"template":"","meta":[],"product_cat":[236],"product_tag":[],"_links":{"self":[{"href":"https:\/\/test4.mi-backup.ch\/de\/wp-json\/wp\/v2\/product\/85520"}],"collection":[{"href":"https:\/\/test4.mi-backup.ch\/de\/wp-json\/wp\/v2\/product"}],"about":[{"href":"https:\/\/test4.mi-backup.ch\/de\/wp-json\/wp\/v2\/types\/product"}],"wp:featuredmedia":[{"embeddable":true,"href":"https:\/\/test4.mi-backup.ch\/de\/wp-json\/wp\/v2\/media\/85521"}],"wp:attachment":[{"href":"https:\/\/test4.mi-backup.ch\/de\/wp-json\/wp\/v2\/media?parent=85520"}],"wp:term":[{"taxonomy":"product_cat","embeddable":true,"href":"https:\/\/test4.mi-backup.ch\/de\/wp-json\/wp\/v2\/product_cat?post=85520"},{"taxonomy":"product_tag","embeddable":true,"href":"https:\/\/test4.mi-backup.ch\/de\/wp-json\/wp\/v2\/product_tag?post=85520"}],"curies":[{"name":"wp","href":"https:\/\/api.w.org\/{rel}","templated":true}]}}