{"id":87522,"date":"2023-03-01T22:55:46","date_gmt":"2023-03-01T21:55:46","guid":{"rendered":"https:\/\/test4.mi-backup.ch\/?post_type=product&#038;p=87522"},"modified":"2023-03-02T18:01:23","modified_gmt":"2023-03-02T17:01:23","slug":"suehnegebetszettel","status":"publish","type":"product","link":"https:\/\/test4.mi-backup.ch\/de\/shop\/flyer\/suehnegebetszettel\/","title":{"rendered":"S\u00fchnegebetszettel"},"content":{"rendered":"<h3>S\u00fchnegebet zu Ehren der Unbefleckten Jungfrau<\/h3>\n<p>Dieser Gebetszettel (Gr\u00f6\u00dfe DIN A6) beinhaltet ein starkes Gebet, um Genugtuung und S\u00fchne zu leisten f\u00fcr die Schm\u00e4hungen und L\u00e4sterungen gegen die allerseligste Jungfrau Maria, ihre Unbefleckte Empf\u00e4ngnis, ihre S\u00fcndenlosigkeit, ihre immerw\u00e4hrende Jungfr\u00e4ulichkeit und alle ihre Gnadenvorz\u00fcge. Das Gebet eignet sich besonders f\u00fcr den <a href=\"https:\/\/suehnesamstag.info\" target=\"_blank\" rel=\"noopener\">Herz-Mari\u00e4-S\u00fchnesamstag<\/a>.<\/p>\n<p>Das Gebet stammt aus &#8220;<a href=\"https:\/\/das-goldene-buch.info\" target=\"_blank\" rel=\"noopener\">Das Goldene Buch<\/a>&#8221; (Teil Andachts\u00fcbungen zu Ehren der allerseligsten Jungfrau Maria).<\/p>\n<p>Hier als Vorschau-PDF \u00f6ffnen: <a href=\"https:\/\/test4.mi-backup.ch\/wp-content\/uploads\/2023\/03\/suehnegebet-webvorschau.pdf\">suehnegebet-webvorschau.pdf<\/a><\/p>\n<p>Format: ein Faltblatt, Gr\u00f6\u00dfe DIN A6<\/p>\n<p>&nbsp;<\/p>\n","protected":false},"excerpt":{"rendered":"<p>S\u00fchnegebet zu Ehren der Unbefleckten Jungfrau Dieser Gebetszettel (Gr\u00f6\u00dfe DIN A6) beinhaltet ein starkes Gebet, um Genugtuung und S\u00fchne zu leisten f\u00fcr die Schm\u00e4hungen und L\u00e4sterungen gegen die allerseligste Jungfrau Maria, ihre Unbefleckte Empf\u00e4ngnis, ihre S\u00fcndenlosigkeit, ihre immerw\u00e4hrende Jungfr\u00e4ulichkeit und alle ihre Gnadenvorz\u00fcge. Das Gebet eignet sich besonders f\u00fcr den<a class=\"more-link\" href=\"https:\/\/test4.mi-backup.ch\/de\/shop\/flyer\/suehnegebetszettel\/\">Weiterlesen &rarr;<\/a><\/p>\n","protected":false},"featured_media":87502,"template":"","meta":[],"product_cat":[236],"product_tag":[],"_links":{"self":[{"href":"https:\/\/test4.mi-backup.ch\/de\/wp-json\/wp\/v2\/product\/87522"}],"collection":[{"href":"https:\/\/test4.mi-backup.ch\/de\/wp-json\/wp\/v2\/product"}],"about":[{"href":"https:\/\/test4.mi-backup.ch\/de\/wp-json\/wp\/v2\/types\/product"}],"wp:featuredmedia":[{"embeddable":true,"href":"https:\/\/test4.mi-backup.ch\/de\/wp-json\/wp\/v2\/media\/87502"}],"wp:attachment":[{"href":"https:\/\/test4.mi-backup.ch\/de\/wp-json\/wp\/v2\/media?parent=87522"}],"wp:term":[{"taxonomy":"product_cat","embeddable":true,"href":"https:\/\/test4.mi-backup.ch\/de\/wp-json\/wp\/v2\/product_cat?post=87522"},{"taxonomy":"product_tag","embeddable":true,"href":"https:\/\/test4.mi-backup.ch\/de\/wp-json\/wp\/v2\/product_tag?post=87522"}],"curies":[{"name":"wp","href":"https:\/\/api.w.org\/{rel}","templated":true}]}}